{"id":1925,"date":"2015-05-10T08:27:23","date_gmt":"2015-05-10T12:27:23","guid":{"rendered":"http:\/\/www.ellogo.com.uy\/web\/?page_id=1925"},"modified":"2017-09-13T10:22:05","modified_gmt":"2017-09-13T13:22:05","slug":"quienes-somos","status":"publish","type":"page","link":"https:\/\/www.ellogo.com.uy\/web\/quienes-somos\/","title":{"rendered":"Quienes somos"},"content":{"rendered":"<div class=\"container  \"><div  class='row ' ><div class=\"col-md-6 col-sm-9\" ><div class=\"ig_text \">\r\n<h2>EL LOGO<\/h2>\r\n\u00a0\r\n\r\n<span style=\"font-size: 16px;\"><span style=\"font-size: 16px;\">Somos 2 amigos con muchas ganas de trabajar y hacer nuestro sue\u00f1o una realidad por eso con\u00a0<\/span><span style=\"font-size: 16px;\">voluntad y energ\u00eda renovadora decidimos dejar de so\u00f1ar y hacerlo realidad de una vez por\u00a0<\/span><span style=\"font-size: 16px;\">toda, esperando colmar las expectativas de nuestros clientes y conjugando fidelidad,\u00a0<\/span><span style=\"font-size: 16px;\">confianza, \u00f3ptimos servicios y excelentes precios, esperando que el cliente no sea solo un\u00a0<\/span><span style=\"font-size: 16px;\">cliente sino tambi\u00e9n un amigo con el cual poder intercambiar opiniones brind\u00e1ndole un\u00a0<\/span><span style=\"font-size: 16px;\">asesoramiento correcto y educativo, las ganas de trabajar existen y son muchas, esperando\u00a0<\/span><span style=\"font-size: 16px;\">poder colmar las expectativa; la tecnolog\u00eda avanza muy r\u00e1pido y nosotros queremos hacerlo\u00a0<\/span><span style=\"font-size: 16px;\">junto a usted !!!\u00a0<\/span><\/span>\r\n<p style=\"text-align: center;\"><span style=\"font-size: 16px;\">EL LOGO en Canelones &#8211; Uruguay<\/span><\/p>\r\n<\/div><\/div><div class=\"col-md-6 col-sm-9\" ><img src='https:\/\/www.ellogo.com.uy\/web\/wp-content\/uploads\/2015\/05\/3.jpg' style=\"margin-top:10px;margin-bottom:10px\" alt=''\/><\/div><\/div><\/div><div class='  stellar   ' style='background-color: #ffffff;padding-top:60px;padding-bottom:45px;padding-left:30px;padding-right:30px;'  ><div class=\"container  \"><div  class='row ' ><div class=\"col-md-4 col-sm-6\" ><ul class='ig-list-icons  ig-position-left ig-shape-circle ig-icon-24'>\n\t\t\t<li>\n\t\t\t\t<div class='ig-icon-base' style='background-color: #00afef;color: #ffffff'>\n\t\t\t\t\t<i class='icon-flag' style='vertical-align:middle'><\/i>\n\t\t\t\t<\/div>\n\t\t\t\t<div class='ig-list-content-wrap'>\n\t\t\t\t\t<h4 style='font-family: Lato;font-size: 18px;color: #000000;font-weight: 700 !important'>Misi\u00f3n<\/h4>\n\t\t\t\t\t<div class='ig-list-content'>\n\t\t\t\t\t\t\r\n<ol>\r\n \t<li>Desarrollar el mercado de insumos para autos, celulares e inform\u00e1tica de forma que podamos brindar un excelente apoyo a nuestros clientes, a trav\u00e9s de asistencia t\u00e9cnica, servicio \u00e1gil, din\u00e1mico, responsable y profesional.<\/li>\r\n \t<li>Generar en nuestros clientes y proveedores una relaci\u00f3n humana y c\u00e1lida, que permita su crecimiento y desarrollo.<\/li>\r\n \t<li>Innovar a trav\u00e9s de la anticipaci\u00f3n de tendencias del mercado y la tecnolog\u00eda, de forma de agregar valor a nuestros clientes y comunidad<\/li>\r\n<\/ol>\r\n\n\t\t\t\t\t<\/div>\n\t\t\t\t\t\n\t\t\t\t<\/div>\n\t\t\t<\/li><\/ul><\/div><div class=\"col-md-4 col-sm-6\" ><ul class='ig-list-icons  ig-position-left ig-shape-circle ig-icon-24'>\n\t\t\t<li>\n\t\t\t\t<div class='ig-icon-base' style='background-color: #00afef;color: #ffffff'>\n\t\t\t\t\t<i class='icon-eye' style='vertical-align:middle'><\/i>\n\t\t\t\t<\/div>\n\t\t\t\t<div class='ig-list-content-wrap'>\n\t\t\t\t\t<h4 style='font-family: Lato;font-size: 18px;color: #000000;font-weight: 700 !important'>Visi\u00f3n<\/h4>\n\t\t\t\t\t<div class='ig-list-content'>\n\t\t\t\t\t\t\r\n\r\nSer reconocidos como una empresa l\u00edder en insumos para autos, celulares e informatica a trav\u00e9s de la fidelizaci\u00f3n de nuestros clientes, brindando un servicio integral de venta y soporte con valor agregado.\r\n\r\nSer referentes en nuestros productos y servicios a trav\u00e9s de la\u00a0innovaci\u00f3n, brindando respaldo, un amplio stock, rapidez y garant\u00eda.\r\n\r\nConformar un excelente grupo de trabajo, capacitado y comprometido\u00a0con la atenci\u00f3n y servicio al cliente, posibilitando su desarrollo profesional y humano, participando adem\u00e1s en acciones de responsabilidad social.\r\n\r\n\n\t\t\t\t\t<\/div>\n\t\t\t\t\t\n\t\t\t\t<\/div>\n\t\t\t<\/li><\/ul><\/div><div class=\"col-md-4 col-sm-6\" ><ul class='ig-list-icons  ig-position-left ig-shape-circle ig-icon-24'>\n\t\t\t<li>\n\t\t\t\t<div class='ig-icon-base' style='background-color: #00afef;color: #ffffff'>\n\t\t\t\t\t<i class='icon-star' style='vertical-align:middle'><\/i>\n\t\t\t\t<\/div>\n\t\t\t\t<div class='ig-list-content-wrap'>\n\t\t\t\t\t<h4 style='font-family: Lato;font-size: 18px;color: #000000;font-weight: 700 !important'>Valores<\/h4>\n\t\t\t\t\t<div class='ig-list-content'>\n\t\t\t\t\t\t-Honestidad<p><p>-Confiabilidad\u00a0<\/p><p>-Respeto\u00a0<\/p><p>-Compromiso\u00a0<\/p><p>-Relaci\u00f3n con alto contenido humano\u00a0<\/p><p>-Vocaci\u00f3n de servicio\u00a0<\/p><p>-Actualizaci\u00f3n permanente-Innovaci\u00f3n<\/p><\/p>\n\t\t\t\t\t<\/div>\n\t\t\t\t\t\n\t\t\t\t<\/div>\n\t\t\t<\/li><\/ul><\/div><\/div><\/div><\/div><div class='  stellar   ' style='background-color: #ffffff;padding-top:50px;padding-bottom:0px;padding-left:0px;padding-right:0px;'  ><div class=\"container  \"><div  class='row ' ><div class=\"col-md-12 col-sm-18\" ><h2 style='padding-bottom:50px;'><\/h2><\/div><\/div><\/div><\/div><div class=\"col-md-12 col-sm-18\" ><\/div>","protected":false},"excerpt":{"rendered":"","protected":false},"author":1,"featured_media":0,"parent":0,"menu_order":0,"comment_status":"open","ping_status":"open","template":"page-templates\/page-stripe-wide.php","meta":[],"_links":{"self":[{"href":"https:\/\/www.ellogo.com.uy\/web\/wp-json\/wp\/v2\/pages\/1925"}],"collection":[{"href":"https:\/\/www.ellogo.com.uy\/web\/wp-json\/wp\/v2\/pages"}],"about":[{"href":"https:\/\/www.ellogo.com.uy\/web\/wp-json\/wp\/v2\/types\/page"}],"author":[{"embeddable":true,"href":"https:\/\/www.ellogo.com.uy\/web\/wp-json\/wp\/v2\/users\/1"}],"replies":[{"embeddable":true,"href":"https:\/\/www.ellogo.com.uy\/web\/wp-json\/wp\/v2\/comments?post=1925"}],"version-history":[{"count":277,"href":"https:\/\/www.ellogo.com.uy\/web\/wp-json\/wp\/v2\/pages\/1925\/revisions"}],"predecessor-version":[{"id":3079,"href":"https:\/\/www.ellogo.com.uy\/web\/wp-json\/wp\/v2\/pages\/1925\/revisions\/3079"}],"wp:attachment":[{"href":"https:\/\/www.ellogo.com.uy\/web\/wp-json\/wp\/v2\/media?parent=1925"}],"curies":[{"name":"wp","href":"https:\/\/api.w.org\/{rel}","templated":true}]}}