{"id":40,"date":"2015-04-03T04:20:09","date_gmt":"2015-04-03T08:20:09","guid":{"rendered":"http:\/\/www.ellogo.com.uy\/web\/?page_id=40"},"modified":"2017-09-13T09:39:47","modified_gmt":"2017-09-13T12:39:47","slug":"contacto","status":"publish","type":"page","link":"https:\/\/www.ellogo.com.uy\/web\/contacto\/","title":{"rendered":"Contacto"},"content":{"rendered":"<div class=\"container  \"><div  class='row ' ><div class=\"col-md-9 col-sm-13\" ><h3 style=''>Comun\u00edquese con nosotros<\/h3><div class=\"ig_text \">Puede realizar cualquier tipo de consultas a trav\u00e9s de nuestro formulario de contacto.<\/div><div class=\"ig_text \"><div role=\"form\" class=\"wpcf7\" id=\"wpcf7-f42-o1\" lang=\"en-US\" dir=\"ltr\">\n<div class=\"screen-reader-response\"><p role=\"status\" aria-live=\"polite\" aria-atomic=\"true\"><\/p> <ul><\/ul><\/div>\n<form action=\"\/web\/wp-json\/wp\/v2\/pages\/40#wpcf7-f42-o1\" method=\"post\" class=\"wpcf7-form init\" novalidate=\"novalidate\" data-status=\"init\">\n<div style=\"display: none;\">\n<input type=\"hidden\" name=\"_wpcf7\" value=\"42\" \/>\n<input type=\"hidden\" name=\"_wpcf7_version\" value=\"5.6\" \/>\n<input type=\"hidden\" name=\"_wpcf7_locale\" value=\"en_US\" \/>\n<input type=\"hidden\" name=\"_wpcf7_unit_tag\" value=\"wpcf7-f42-o1\" \/>\n<input type=\"hidden\" name=\"_wpcf7_container_post\" value=\"0\" \/>\n<input type=\"hidden\" name=\"_wpcf7_posted_data_hash\" value=\"\" \/>\n<\/div>\n<div class='name'><label>Nombre<span class='color-label'> *<\/span><\/label><span class=\"wpcf7-form-control-wrap\" data-name=\"your-name\"><input type=\"text\" name=\"your-name\" value=\"\" size=\"40\" class=\"wpcf7-form-control wpcf7-text wpcf7-validates-as-required\" aria-required=\"true\" aria-invalid=\"false\" \/><\/span> <\/div>\n<div class='email'><label>Email<span class='color-label'> *<\/span><\/label><span class=\"wpcf7-form-control-wrap\" data-name=\"your-email\"><input type=\"email\" name=\"your-email\" value=\"\" size=\"40\" class=\"wpcf7-form-control wpcf7-text wpcf7-email wpcf7-validates-as-required wpcf7-validates-as-email\" aria-required=\"true\" aria-invalid=\"false\" \/><\/span> <\/div>\n<div class='message'><label>Mensaje<\/label><span class=\"wpcf7-form-control-wrap\" data-name=\"your-message\"><textarea name=\"your-message\" cols=\"40\" rows=\"10\" class=\"wpcf7-form-control wpcf7-textarea\" aria-invalid=\"false\"><\/textarea><\/span> <\/div>\n<p><input type=\"submit\" value=\"Enviar\" class=\"wpcf7-form-control has-spinner wpcf7-submit\" \/><\/p>\n<p style=\"display: none !important;\"><label>&#916;<textarea name=\"_wpcf7_ak_hp_textarea\" cols=\"45\" rows=\"8\" maxlength=\"100\"><\/textarea><\/label><input type=\"hidden\" id=\"ak_js_1\" name=\"_wpcf7_ak_js\" value=\"86\"\/><script>document.getElementById( \"ak_js_1\" ).setAttribute( \"value\", ( new Date() ).getTime() );<\/script><\/p><div class=\"wpcf7-response-output\" aria-hidden=\"true\"><\/div><\/form><\/div><\/div><\/div><div class=\"col-md-3 col-sm-4\" ><div class=\"widget widget_pt_contacts_widget\"><h2 class=\"widgettitle\">Contacto<\/h2>\n\t\t<div class=\"precontent\">EL LOGO<\/div>\n\t\t\t<ul class=\"pt-widget-contacts\">\n\t\t\t\t<li class=\"option-title a-address\"><span class=\"address\">Batlle y Ord\u00f3\u00f1es 446 &#8211; Ciudad de Canelones<\/span><\/li>\t\t\t\t<li class=\"option-title a-phone\"><span class=\"phone\"> ( 598) 4332 6753<\/span><\/li>\t\t\t\t<li class=\"option-title a-email\"><span class=\"email\"><a title=\"Email us\" href=\"mailto:info@ellogo.com.uy\">info@ellogo.com.uy<\/a><\/span><\/li>\t\t\t\t\t\t\t\t\t\t\t<\/ul>\n\n\t\t<\/div><\/div><\/div><\/div>","protected":false},"excerpt":{"rendered":"Comun\u00edquese con nosotrosPuede realizar cualquier tipo de consultas a trav\u00e9s de nuestro formulario de contacto. Nombre * Email * Mensaje &#916;Contacto EL LOGO Batlle y Ord\u00f3\u00f1es 446 &#8211; Ciudad de Canelones ( 598) 4332 6753 info@ellogo.com.uy","protected":false},"author":1,"featured_media":0,"parent":0,"menu_order":0,"comment_status":"open","ping_status":"open","template":"page-templates\/page-stripe-wide.php","meta":[],"_links":{"self":[{"href":"https:\/\/www.ellogo.com.uy\/web\/wp-json\/wp\/v2\/pages\/40"}],"collection":[{"href":"https:\/\/www.ellogo.com.uy\/web\/wp-json\/wp\/v2\/pages"}],"about":[{"href":"https:\/\/www.ellogo.com.uy\/web\/wp-json\/wp\/v2\/types\/page"}],"author":[{"embeddable":true,"href":"https:\/\/www.ellogo.com.uy\/web\/wp-json\/wp\/v2\/users\/1"}],"replies":[{"embeddable":true,"href":"https:\/\/www.ellogo.com.uy\/web\/wp-json\/wp\/v2\/comments?post=40"}],"version-history":[{"count":60,"href":"https:\/\/www.ellogo.com.uy\/web\/wp-json\/wp\/v2\/pages\/40\/revisions"}],"predecessor-version":[{"id":3076,"href":"https:\/\/www.ellogo.com.uy\/web\/wp-json\/wp\/v2\/pages\/40\/revisions\/3076"}],"wp:attachment":[{"href":"https:\/\/www.ellogo.com.uy\/web\/wp-json\/wp\/v2\/media?parent=40"}],"curies":[{"name":"wp","href":"https:\/\/api.w.org\/{rel}","templated":true}]}}