{"id":3040,"date":"2017-07-11T16:37:15","date_gmt":"2017-07-11T19:37:15","guid":{"rendered":"http:\/\/www.ellogo.com.uy\/web\/?post_type=product&#038;p=3040"},"modified":"2017-07-11T16:37:15","modified_gmt":"2017-07-11T19:37:15","slug":"secador-de-cabello-profesional","status":"publish","type":"product","link":"https:\/\/www.ellogo.com.uy\/web\/producto\/secador-de-cabello-profesional\/","title":{"rendered":"Secador De Cabello Profesional"},"content":{"rendered":"Motor AC Profesional\r\n2200 W.\r\n220\/240V \u2013 50\/60Hz.\r\nTecnolog\u00eda IONIC: Emisi\u00f3n de iones negativos\r\n2 velocidades\r\n3 Temperaturas\r\nPulsador de aire fr\u00edo\r\nDifusor y Concentrador de aire\r\nProtecci\u00f3n anti sobrecalentamiento\r\nFiltro extra\u00edble\r\nAnillo para colgar\r\nCable largo de 1.80 metros","protected":false},"excerpt":{"rendered":"Motor AC Profesional 2200 W. 220\/240V \u2013 50\/60Hz. Tecnolog\u00eda IONIC: Emisi\u00f3n de iones negativos 2 velocidades 3 Temperaturas Pulsador de aire fr\u00edo Difusor y Concentrador de aire Protecci\u00f3n anti sobrecalentamiento Filtro extra\u00edble Anillo para colgar Cable largo de 1.80 metros","protected":false},"featured_media":3041,"comment_status":"open","ping_status":"closed","template":"","meta":[],"_links":{"self":[{"href":"https:\/\/www.ellogo.com.uy\/web\/wp-json\/wp\/v2\/product\/3040"}],"collection":[{"href":"https:\/\/www.ellogo.com.uy\/web\/wp-json\/wp\/v2\/product"}],"about":[{"href":"https:\/\/www.ellogo.com.uy\/web\/wp-json\/wp\/v2\/types\/product"}],"replies":[{"embeddable":true,"href":"https:\/\/www.ellogo.com.uy\/web\/wp-json\/wp\/v2\/comments?post=3040"}],"wp:featuredmedia":[{"embeddable":true,"href":"https:\/\/www.ellogo.com.uy\/web\/wp-json\/wp\/v2\/media\/3041"}],"wp:attachment":[{"href":"https:\/\/www.ellogo.com.uy\/web\/wp-json\/wp\/v2\/media?parent=3040"}],"curies":[{"name":"wp","href":"https:\/\/api.w.org\/{rel}","templated":true}]}}