{"id":3161,"date":"2017-12-01T22:03:31","date_gmt":"2017-12-02T01:03:31","guid":{"rendered":"http:\/\/www.ellogo.com.uy\/web\/?post_type=product&#038;p=3161"},"modified":"2017-12-01T22:03:31","modified_gmt":"2017-12-02T01:03:31","slug":"impresora-brother-1212w","status":"publish","type":"product","link":"https:\/\/www.ellogo.com.uy\/web\/producto\/impresora-brother-1212w\/","title":{"rendered":"Impresora Brother 1212W"},"content":{"rendered":"<h4>Tama\u00f1o reducido<\/h4>\r\nImpresora sencilla con un tama\u00f1o compacto, para que no tengas que preocuparte por el espacio y puedas colocarla en cualquier estanter\u00eda o escritorio de tu casa. Saca el m\u00e1ximo partido imprimiendo desde dispositivos m\u00f3viles con la aplicaci\u00f3n gratuita Brother iPrint&amp;Scan.\r\n<h4>F\u00e1cil de usar<\/h4>\r\nVelocidad de 20 p\u00e1ginas por minuto y con una capacidad de papel de hasta 150 hojas. Adem\u00e1s incorpora un innovador sistema anti-atascos para que puedas imprimir sin interrupciones.\r\n<h4>Consumibles<\/h4>\r\nLa sustituci\u00f3n de los consumibles es muy sencilla ya que el cartucho de t\u00f3ner y el tambor son independientes para que solo tengas que sustituir el agotado. Certificada por Energy Star por su bajo consumo energ\u00e9tico. Incluye t\u00f3ner para 1.000 p\u00e1ginas.","protected":false},"excerpt":{"rendered":"Tama\u00f1o reducido Impresora sencilla con un tama\u00f1o compacto, para que no tengas que preocuparte por el espacio y puedas colocarla en cualquier estanter\u00eda o escritorio de tu casa. Saca el m\u00e1ximo partido imprimiendo desde dispositivos m\u00f3viles con la aplicaci\u00f3n gratuita Brother iPrint&amp;Scan. F\u00e1cil de usar Velocidad de 20 p\u00e1ginas por minuto y con una capacidad [&hellip;]","protected":false},"featured_media":3162,"comment_status":"open","ping_status":"closed","template":"","meta":[],"_links":{"self":[{"href":"https:\/\/www.ellogo.com.uy\/web\/wp-json\/wp\/v2\/product\/3161"}],"collection":[{"href":"https:\/\/www.ellogo.com.uy\/web\/wp-json\/wp\/v2\/product"}],"about":[{"href":"https:\/\/www.ellogo.com.uy\/web\/wp-json\/wp\/v2\/types\/product"}],"replies":[{"embeddable":true,"href":"https:\/\/www.ellogo.com.uy\/web\/wp-json\/wp\/v2\/comments?post=3161"}],"wp:featuredmedia":[{"embeddable":true,"href":"https:\/\/www.ellogo.com.uy\/web\/wp-json\/wp\/v2\/media\/3162"}],"wp:attachment":[{"href":"https:\/\/www.ellogo.com.uy\/web\/wp-json\/wp\/v2\/media?parent=3161"}],"curies":[{"name":"wp","href":"https:\/\/api.w.org\/{rel}","templated":true}]}}