{"id":3182,"date":"2017-12-13T15:08:01","date_gmt":"2017-12-13T18:08:01","guid":{"rendered":"http:\/\/www.ellogo.com.uy\/web\/?post_type=product&#038;p=3182"},"modified":"2017-12-13T15:38:35","modified_gmt":"2017-12-13T18:38:35","slug":"parlante-activo-bluetooth-xion-xi-sd90bt","status":"publish","type":"product","link":"https:\/\/www.ellogo.com.uy\/web\/producto\/parlante-activo-bluetooth-xion-xi-sd90bt\/","title":{"rendered":"Parlante activo Bluetooth Xion XI-SD90BT"},"content":{"rendered":"<h3 class=\"product_title entry-title\">XI-SD90BT- Parlante activo Bluetooth 1.1 CH<\/h3>\r\n1800W PMPO\r\n\r\nCon USB \/FM\/Micro SD AUX in\r\n\r\nCon asa para f\u00e1cil traslado\r\n\r\nFunci\u00f3n Line-in function\r\n\r\nBater\u00eda de litio incorporada 1500mAh\r\n\r\nSpecification: Tweeter: 3\u2033\r\n\r\nTama\u00f1o:\u00d8138*250mm\r\n\r\nGarant\u00eda 6 meses","protected":false},"excerpt":{"rendered":"XI-SD90BT- Parlante activo Bluetooth 1.1 CH 1800W PMPO Con USB \/FM\/Micro SD AUX in Con asa para f\u00e1cil traslado Funci\u00f3n Line-in function Bater\u00eda de litio incorporada 1500mAh Specification: Tweeter: 3\u2033 Tama\u00f1o:\u00d8138*250mm Garant\u00eda 6 meses","protected":false},"featured_media":3183,"comment_status":"open","ping_status":"closed","template":"","meta":[],"_links":{"self":[{"href":"https:\/\/www.ellogo.com.uy\/web\/wp-json\/wp\/v2\/product\/3182"}],"collection":[{"href":"https:\/\/www.ellogo.com.uy\/web\/wp-json\/wp\/v2\/product"}],"about":[{"href":"https:\/\/www.ellogo.com.uy\/web\/wp-json\/wp\/v2\/types\/product"}],"replies":[{"embeddable":true,"href":"https:\/\/www.ellogo.com.uy\/web\/wp-json\/wp\/v2\/comments?post=3182"}],"wp:featuredmedia":[{"embeddable":true,"href":"https:\/\/www.ellogo.com.uy\/web\/wp-json\/wp\/v2\/media\/3183"}],"wp:attachment":[{"href":"https:\/\/www.ellogo.com.uy\/web\/wp-json\/wp\/v2\/media?parent=3182"}],"curies":[{"name":"wp","href":"https:\/\/api.w.org\/{rel}","templated":true}]}}