{"id":3188,"date":"2017-12-13T15:25:09","date_gmt":"2017-12-13T18:25:09","guid":{"rendered":"http:\/\/www.ellogo.com.uy\/web\/?post_type=product&#038;p=3188"},"modified":"2017-12-13T15:25:09","modified_gmt":"2017-12-13T18:25:09","slug":"torre-de-sonido-energy-sistem","status":"publish","type":"product","link":"https:\/\/www.ellogo.com.uy\/web\/producto\/torre-de-sonido-energy-sistem\/","title":{"rendered":"Torre de Sonido Energy Sistem"},"content":{"rendered":"<h1 class=\"interlineajusto gris titleProduct\">ENERGY TOWER 5 BLUETOOTH WHITE<\/h1>\r\n<h2 class=\"casinegro veintiuno\">Estilo y calidad de sonido para tu sal\u00f3n. Con Bluetooth y 60 W.<\/h2>\r\nDespierta tus sentidos con este sistema de sonido 2.1 en torre. Conecta f\u00e1cilmente tus dispositivos Bluetooth y empieza a disfrutar de los 60 W que ofrece. Adem\u00e1s, cuenta con Radio FM, USB y lector de tarjetas SD\/SDHC para que nunca falte la m\u00fasica.\r\n\r\nCaracter\u00edsticas destacadas:\r\n\r\n&nbsp;\r\n<ul>\r\n \t<li class=\"roboto catorce casinegro\">Espectacular sistema de sonido 2.1 en torre con una potencia real de 60 W.<\/li>\r\n \t<li class=\"roboto catorce casinegro\">Sonido sin ataduras. Reproducci\u00f3n de m\u00fasica sin cables con hasta 10 metros de alcance gracias a la tecnolog\u00eda Bluetooth\u00ae 4.0.<\/li>\r\n \t<li class=\"roboto catorce casinegro\">Que no pare la m\u00fasica. Reproduce tus archivos MP3 desde tarjetas SD\/SDHC\/MMC o memorias USB con capacidad de hasta 64 GB.<\/li>\r\n \t<li class=\"roboto catorce casinegro\">Sus diferentes modos de ecualizaci\u00f3n te permitir\u00e1n ajustar las caracter\u00edsticas del sonido seg\u00fan tus preferencias.<\/li>\r\n \t<li class=\"roboto catorce casinegro\">Controles t\u00e1ctiles en la parte superior de la torre que te facilitar\u00e1n el manejo de la misma.<\/li>\r\n \t<li class=\"roboto catorce casinegro\">Si lo prefieres, controla c\u00f3modamente todas las funciones de la torre desde el mando a distancia.<\/li>\r\n \t<li class=\"roboto catorce casinegro\">No te quedar\u00e1s sin bater\u00eda gracias a los dos puertos USB a los que podr\u00e1s conectar el cargador de tu tablet o smartphone y cargar su bater\u00eda mientras disfrutas de la mejor m\u00fasica.<\/li>\r\n \t<li class=\"roboto catorce casinegro\">No te preocupes por tu smartphone o tablet mientras cargas la bater\u00eda o escuchas m\u00fasica ya que podr\u00e1s dejarlos en la ranura superior de forma segura.<\/li>\r\n \t<li class=\"roboto catorce casinegro\">Acabados de gran calidad en madera que permiten lograr una mejor calidad de sonido.<\/li>\r\n \t<li>\r\n<div id=\"caja_4\" class=\"roboto ocultarCaja\">\r\n<p class=\"roboto catorce casinegro\">GENERAL<\/p>\r\n\r\n<ul>\r\n \t<li class=\"roboto catorce casinegro\">Sistema de sonido 2.1 con 60W de potencia.<\/li>\r\n \t<li class=\"roboto catorce casinegro\">Bluetooth V.4.0.<\/li>\r\n \t<li class=\"roboto catorce casinegro\">Respuesta en frecuencia: 20Hz-20KHz.<\/li>\r\n<\/ul>\r\n<p class=\"roboto catorce casinegro\">ALTAVOCES<\/p>\r\n\r\n<ul>\r\n \t<li class=\"roboto catorce casinegro\">2 x Full range de 4&#8243;, 10 W.<\/li>\r\n \t<li class=\"roboto catorce casinegro\">2 x Tweeter de 1,5\u00bb, 5 W.<\/li>\r\n \t<li class=\"roboto catorce casinegro\">1 x Subwoofer 5&#8243;, 30 W.<\/li>\r\n<\/ul>\r\n<p class=\"roboto catorce casinegro\">CONEXI\u00d3N BLUETOOTH<\/p>\r\n\r\n<ul>\r\n \t<li class=\"roboto catorce casinegro\">Protocolos A2DP ; AVRCP.<\/li>\r\n \t<li class=\"roboto catorce casinegro\">Bluetooth\u00aeV.4.0 m\u00e1s EDR (Enhanced Data Rate). Clase II.<\/li>\r\n \t<li class=\"roboto catorce casinegro\">Hasta 10 metros de alcance.<\/li>\r\n \t<li class=\"roboto catorce casinegro\">Frecuencia: 2,4 GHz banda ISM.<\/li>\r\n<\/ul>\r\n<p class=\"roboto catorce casinegro\">REPRODUCCI\u00d3N MEMORIAS EXTERNAS<\/p>\r\n\r\n<ul>\r\n \t<li class=\"roboto catorce casinegro\">Reproduce archivos MP3 desde tarjetas SD\/SDHC\/MMC y memorias USB con capacidad de hasta 64 GB en formato FAT\/FAT32.<\/li>\r\n \t<li class=\"roboto catorce casinegro\">Formatos de reproducci\u00f3n de audio (USB \/ SD) : WAV y MP3.<\/li>\r\n \t<li class=\"roboto catorce casinegro\">5 modos de EQ predefinidos para los modos USB y SD.<\/li>\r\n<\/ul>\r\n<p class=\"roboto catorce casinegro\">RADIO FM<\/p>\r\n\r\n<ul>\r\n \t<li class=\"roboto catorce casinegro\">Rango de frecuencia (FM): 87.5-108MHz.<\/li>\r\n \t<li class=\"roboto catorce casinegro\">Sin limitaci\u00f3n de PRESETS.<\/li>\r\n<\/ul>\r\n<p class=\"roboto catorce casinegro\">ENTRADA AUXILIAR<\/p>\r\n\r\n<ul>\r\n \t<li class=\"roboto catorce casinegro\">Entrada de l\u00ednea para conexi\u00f3n jack de 3,5 mm.<\/li>\r\n<\/ul>\r\n<p class=\"roboto catorce casinegro\">OTROS<\/p>\r\n\r\n<ul>\r\n \t<li class=\"roboto catorce casinegro\">Ecualizador anal\u00f3gico de 2 bandas.<\/li>\r\n \t<li class=\"roboto catorce casinegro\">Caja ac\u00fastica de madera.<\/li>\r\n \t<li class=\"roboto catorce casinegro\">Mando a distancia de hasta 10 metros de alcance.<\/li>\r\n \t<li class=\"roboto catorce casinegro\">Corriente de salida de los puertos USB de carga: 5 V 2 A<\/li>\r\n \t<li class=\"roboto catorce casinegro\">Panel superior retroiluminado y t\u00e1ctil.<\/li>\r\n \t<li class=\"roboto catorce casinegro\">Alimentaci\u00f3n: 120-240 V \/ 50-60 Hz.<\/li>\r\n<\/ul>\r\n<\/div><\/li>\r\n<\/ul>\r\n&nbsp;","protected":false},"excerpt":{"rendered":"ENERGY TOWER 5 BLUETOOTH WHITE Estilo y calidad de sonido para tu sal\u00f3n. Con Bluetooth y 60 W. Despierta tus sentidos con este sistema de sonido 2.1 en torre. Conecta f\u00e1cilmente tus dispositivos Bluetooth y empieza a disfrutar de los 60 W que ofrece. Adem\u00e1s, cuenta con Radio FM, USB y lector de tarjetas SD\/SDHC [&hellip;]","protected":false},"featured_media":3189,"comment_status":"open","ping_status":"closed","template":"","meta":[],"_links":{"self":[{"href":"https:\/\/www.ellogo.com.uy\/web\/wp-json\/wp\/v2\/product\/3188"}],"collection":[{"href":"https:\/\/www.ellogo.com.uy\/web\/wp-json\/wp\/v2\/product"}],"about":[{"href":"https:\/\/www.ellogo.com.uy\/web\/wp-json\/wp\/v2\/types\/product"}],"replies":[{"embeddable":true,"href":"https:\/\/www.ellogo.com.uy\/web\/wp-json\/wp\/v2\/comments?post=3188"}],"wp:featuredmedia":[{"embeddable":true,"href":"https:\/\/www.ellogo.com.uy\/web\/wp-json\/wp\/v2\/media\/3189"}],"wp:attachment":[{"href":"https:\/\/www.ellogo.com.uy\/web\/wp-json\/wp\/v2\/media?parent=3188"}],"curies":[{"name":"wp","href":"https:\/\/api.w.org\/{rel}","templated":true}]}}