{"id":3190,"date":"2017-12-13T15:28:44","date_gmt":"2017-12-13T18:28:44","guid":{"rendered":"http:\/\/www.ellogo.com.uy\/web\/?post_type=product&#038;p=3190"},"modified":"2017-12-13T15:29:27","modified_gmt":"2017-12-13T18:29:27","slug":"parlante-profesional-activo-15%e2%80%b3-xion-xi-sd15bat","status":"publish","type":"product","link":"https:\/\/www.ellogo.com.uy\/web\/producto\/parlante-profesional-activo-15%e2%80%b3-xion-xi-sd15bat\/","title":{"rendered":"Parlante Profesional Activo 15\u2033 Xion XI-SD15BAT"},"content":{"rendered":"<h3>Parlante Profesional Activo 15\u2033 Xion XI-SD15BAT<\/h3>\r\n6000Watts PMPO\r\n\r\nMp3\/ WMA\/USB\/SD\r\n\r\nEntrada para micr\u00f3fono\r\n\r\nUn micr\u00f3fono inal\u00e1mbrico\r\n\r\nControl Remoto\r\n\r\nAmplificador incorporado\r\n\r\nFM\r\n\r\nEcualizador\r\n\r\nCon luces disco LED\r\n\r\nBATERIA 4,5AH\r\n\r\n15\u2033 woofer + tweeter \u2013 93dB+\/-3dB\r\n\r\nMedidas de la caja: 482x427x715 mm\r\n\r\nPeso 14,50\r\n\r\nGarant\u00eda 6 meses","protected":false},"excerpt":{"rendered":"Parlante Profesional Activo 15\u2033 Xion XI-SD15BAT 6000Watts PMPO Mp3\/ WMA\/USB\/SD Entrada para micr\u00f3fono Un micr\u00f3fono inal\u00e1mbrico Control Remoto Amplificador incorporado FM Ecualizador Con luces disco LED BATERIA 4,5AH 15\u2033 woofer + tweeter \u2013 93dB+\/-3dB Medidas de la caja: 482x427x715 mm Peso 14,50 Garant\u00eda 6 meses","protected":false},"featured_media":3191,"comment_status":"open","ping_status":"closed","template":"","meta":[],"_links":{"self":[{"href":"https:\/\/www.ellogo.com.uy\/web\/wp-json\/wp\/v2\/product\/3190"}],"collection":[{"href":"https:\/\/www.ellogo.com.uy\/web\/wp-json\/wp\/v2\/product"}],"about":[{"href":"https:\/\/www.ellogo.com.uy\/web\/wp-json\/wp\/v2\/types\/product"}],"replies":[{"embeddable":true,"href":"https:\/\/www.ellogo.com.uy\/web\/wp-json\/wp\/v2\/comments?post=3190"}],"wp:featuredmedia":[{"embeddable":true,"href":"https:\/\/www.ellogo.com.uy\/web\/wp-json\/wp\/v2\/media\/3191"}],"wp:attachment":[{"href":"https:\/\/www.ellogo.com.uy\/web\/wp-json\/wp\/v2\/media?parent=3190"}],"curies":[{"name":"wp","href":"https:\/\/api.w.org\/{rel}","templated":true}]}}