{"id":3197,"date":"2017-12-13T16:50:09","date_gmt":"2017-12-13T19:50:09","guid":{"rendered":"http:\/\/www.ellogo.com.uy\/web\/?post_type=product&#038;p=3197"},"modified":"2017-12-13T16:50:09","modified_gmt":"2017-12-13T19:50:09","slug":"autoradio-pioneer-deh-x1850ub","status":"publish","type":"product","link":"https:\/\/www.ellogo.com.uy\/web\/producto\/autoradio-pioneer-deh-x1850ub\/","title":{"rendered":"Autoradio Pioneer DEH-X1850UB"},"content":{"rendered":"<h3>Autoradio Pioneer DEH-X1850UB<\/h3>\r\n<span lang=\"es-US\">CARACTER<\/span><span lang=\"es-US\">\u00cd<\/span><span lang=\"es-US\">STICAS &#8211; PRINCIPALES\u00a0\u00a0<\/span><span lang=\"es-US\">\r\nReproducci\u00f3n:\r\nCD, CD-R y CD-RW\r\nMP3, WMA, WAV\r\nUSB (frontal)<\/span>\r\n\r\n<span lang=\"es-US\"><strong>MIXTRAX:<\/strong><\/span>\r\n\r\n<span lang=\"es-US\">MIXTRAX EZ para Reproducci\u00f3n de Mezcla Ininterrumpida R\u00e1pida<\/span>\r\n\r\n<span lang=\"es-US\"><strong>Pantalla:<\/strong><\/span>\r\n\r\n<span lang=\"es-US\">Pantalla VA LCD m\u00e1s amplia (13 caracteres)<\/span>\r\n\r\n<span lang=\"es-US\">Luz de Fondo LED<\/span>\r\n\r\n<span lang=\"es-US\">Pantalla de Idiomas M\u00faltiples\r\nAjuste del brillo<\/span>\r\n\r\n<span lang=\"es-US\">Temporizador de iluminaci\u00f3n<\/span>\r\n\r\n<span lang=\"es-US\">\r\n<\/span><span lang=\"es-US\">CARACTER\u00cdSTICAS- CONEXI\u00d3N<\/span><span lang=\"es-US\">\r\n<\/span><span lang=\"es-US\"><strong>Aux-In:\u00a0\u00a0<\/strong><\/span><span lang=\"es-US\"> si (frontal)\r\n<\/span><span lang=\"es-US\"><strong>Preout RCA\u00a0:\u00a0\u00a0<\/strong><\/span><span lang=\"es-US\"> x 2 (2V)\r\n<\/span><span lang=\"es-US\"><strong>Entrada USB:\u00a0\u00a0\u00a0<\/strong><\/span><span lang=\"es-US\"> Entrada Frontal (iluminada) de 1 Amp<\/span>\r\n\r\n<span lang=\"es-US\"><strong>Control Directo USB para Algunos Tel\u00e9fonos Android:<\/strong><\/span><span lang=\"es-US\"> si<\/span>\r\n\r\n<span lang=\"es-US\"><strong>Pioneer Arc (\/Android):<\/strong><\/span><span lang=\"es-US\"> si<\/span>\r\n\r\n<span lang=\"es-US\"><strong>Media App Control para Android:<\/strong><\/span><span lang=\"es-US\"> si, via Pioneer Arc<\/span>\r\n\r\n<span lang=\"es-US\">\r\n<\/span><span lang=\"es-US\">CARACTER\u00cdSTICAS- SINTONIZADOR<\/span><span lang=\"es-US\">\r\n<\/span><span lang=\"es-US\"><strong>RDS<\/strong><\/span><span lang=\"es-US\">:\u00a0\u00a0\u00a0 si\r\n<\/span><span lang=\"es-US\"><strong>S\u00fapertuner IIID:\u00a0\u00a0<\/strong><\/span><span lang=\"es-US\"> si\r\n<\/span><span lang=\"es-US\"><strong>\r\n<\/strong><\/span><span lang=\"es-US\">CARACTER\u00cdSTICAS- AUDIO\u00a0\u00a0\u00a0<\/span><span lang=\"es-US\"><strong>\r\n<\/strong><\/span><span lang=\"es-US\"><strong>Potencia m\u00e1x de salida:\u00a0\u00a0\u00a0<\/strong><\/span><span lang=\"es-US\"> MOSFET 50W x 4\r\n<\/span><span lang=\"es-US\"><strong>Restaurador de sonido avanzado:\u00a0\u00a0<\/strong><\/span><span lang=\"es-US\"> si\r\n<\/span><span lang=\"es-US\"><strong>Ecualizador<\/strong><\/span><span lang=\"es-US\">:\u00a0\u00a0 Gr\u00e1fico de 5 bandas\r\n\r\n<\/span><span lang=\"es-US\">CARACTER\u00cdSTICAS- GENERALES\u00a0<\/span><span lang=\"es-US\">\r\n<\/span><span lang=\"es-US\"><strong>Frontal Desmontable:\u00a0\u00a0<\/strong><\/span><span lang=\"es-US\"> si\r\n<\/span><span lang=\"es-US\"><strong>Control Remoto:\u00a0\u00a0<\/strong><\/span><span lang=\"es-US\"> si\r\n<\/span><span lang=\"es-US\"><strong>Modo de Pantalla Apagada:\u00a0\u00a0\u00a0<\/strong><\/span><span lang=\"es-US\"> si<\/span>","protected":false},"excerpt":{"rendered":"Autoradio Pioneer DEH-X1850UB CARACTER\u00cdSTICAS &#8211; PRINCIPALES\u00a0\u00a0 Reproducci\u00f3n: CD, CD-R y CD-RW MP3, WMA, WAV USB (frontal) MIXTRAX: MIXTRAX EZ para Reproducci\u00f3n de Mezcla Ininterrumpida R\u00e1pida Pantalla: Pantalla VA LCD m\u00e1s amplia (13 caracteres) Luz de Fondo LED Pantalla de Idiomas M\u00faltiples Ajuste del brillo Temporizador de iluminaci\u00f3n CARACTER\u00cdSTICAS- CONEXI\u00d3N Aux-In:\u00a0\u00a0 si (frontal) Preout RCA\u00a0:\u00a0\u00a0 x [&hellip;]","protected":false},"featured_media":3199,"comment_status":"open","ping_status":"closed","template":"","meta":[],"_links":{"self":[{"href":"https:\/\/www.ellogo.com.uy\/web\/wp-json\/wp\/v2\/product\/3197"}],"collection":[{"href":"https:\/\/www.ellogo.com.uy\/web\/wp-json\/wp\/v2\/product"}],"about":[{"href":"https:\/\/www.ellogo.com.uy\/web\/wp-json\/wp\/v2\/types\/product"}],"replies":[{"embeddable":true,"href":"https:\/\/www.ellogo.com.uy\/web\/wp-json\/wp\/v2\/comments?post=3197"}],"wp:featuredmedia":[{"embeddable":true,"href":"https:\/\/www.ellogo.com.uy\/web\/wp-json\/wp\/v2\/media\/3199"}],"wp:attachment":[{"href":"https:\/\/www.ellogo.com.uy\/web\/wp-json\/wp\/v2\/media?parent=3197"}],"curies":[{"name":"wp","href":"https:\/\/api.w.org\/{rel}","templated":true}]}}