{"id":3200,"date":"2017-12-13T16:59:19","date_gmt":"2017-12-13T19:59:19","guid":{"rendered":"http:\/\/www.ellogo.com.uy\/web\/?post_type=product&#038;p=3200"},"modified":"2017-12-13T16:59:19","modified_gmt":"2017-12-13T19:59:19","slug":"autoradio-sony-cdx-g1200u","status":"publish","type":"product","link":"https:\/\/www.ellogo.com.uy\/web\/producto\/autoradio-sony-cdx-g1200u\/","title":{"rendered":"Autoradio SONY CDX-G1200U"},"content":{"rendered":"<h3>Autoradio SONY CDX-G1200U<\/h3>\r\n<h3 class=\"gb-accordion-module-title gb-tech-spec-module-title\">Generales<\/h3>\r\n<div id=\"gb-tech-spec-generales\" class=\"gb-tech-spec-module-list gb-expandable-list gb--expanded\">\r\n<ul>\r\n \t<li><span class=\"gb-tech-spec-module-list-title\">Tipo de Pantalla: <\/span> <span class=\"gb-tech-spec-module-list-description\"> Monocrom\u00e1tica <\/span><\/li>\r\n \t<li><span class=\"gb-tech-spec-module-list-title\">Canales: <\/span> <span class=\"gb-tech-spec-module-list-description\"> 4 <\/span><\/li>\r\n \t<li><span class=\"gb-tech-spec-module-list-title\">Radio AM-FM: <\/span> <span class=\"gb-tech-spec-module-list-description\"> S\u00ed <\/span><\/li>\r\n \t<li><span class=\"gb-tech-spec-module-list-title\">Lectora de CDs: <\/span> <span class=\"gb-tech-spec-module-list-description\"> S\u00ed <\/span><\/li>\r\n \t<li><span class=\"gb-tech-spec-module-list-title\">Entrada Auxiliar: <\/span> <span class=\"gb-tech-spec-module-list-description\"> S\u00ed <\/span><\/li>\r\n \t<li><span class=\"gb-tech-spec-module-list-title\">Control Remoto: <\/span> <span class=\"gb-tech-spec-module-list-description\"> S\u00ed <\/span><\/li>\r\n<\/ul>\r\n<ul>\r\n \t<li><span class=\"gb-tech-spec-module-list-title\">Potencia de Parlantes: (RMS) <\/span> <span class=\"gb-tech-spec-module-list-description\"> 55 W <\/span><\/li>\r\n \t<li><span class=\"gb-tech-spec-module-list-title\">Formatos Soportados: <\/span> <span class=\"gb-tech-spec-module-list-description\"> MP3, WMA <\/span><\/li>\r\n \t<li><span class=\"gb-tech-spec-module-list-title\">USB: <\/span> <span class=\"gb-tech-spec-module-list-description\"> 1 <\/span><\/li>\r\n \t<li><span class=\"gb-tech-spec-module-list-title\">Bluetooth: <i class=\"gb-icon-question-mark-circle\"><\/i> <\/span> <span class=\"gb-tech-spec-module-list-description\"> No <\/span><\/li>\r\n \t<li><span class=\"gb-tech-spec-module-list-title\">Lector de Tarjetas de Memoria: <\/span> <span class=\"gb-tech-spec-module-list-description\"> No <\/span>\r\n<div class=\"col-xs-12 col-md-6\">\r\n<div class=\"gb-accordion-module gb-tech-spec-module gb-tech-spec-module-multi-col gb--no-asset\">\r\n<h3 class=\"gb-accordion-module-title gb-tech-spec-module-title\">Dimensiones<\/h3>\r\n<div id=\"gb-tech-spec-dimensiones\" class=\"gb-tech-spec-module-list gb-expandable-list gb--expanded\">\r\n<ul>\r\n \t<li><span class=\"gb-tech-spec-module-list-title\">Alto: <\/span> <span class=\"gb-tech-spec-module-list-description\"> 23 cm <\/span><\/li>\r\n \t<li><span class=\"gb-tech-spec-module-list-title\">Profundidad: <\/span> <span class=\"gb-tech-spec-module-list-description\"> 26 cm <\/span><\/li>\r\n<\/ul>\r\n<ul>\r\n \t<li><span class=\"gb-tech-spec-module-list-title\">Ancho: <\/span> <span class=\"gb-tech-spec-module-list-description\"> 10 cm <\/span><\/li>\r\n \t<li><span class=\"gb-tech-spec-module-list-title\">Peso: <\/span> <span class=\"gb-tech-spec-module-list-description\"> 1.6 kg <\/span><\/li>\r\n<\/ul>\r\n<\/div>\r\n<\/div>\r\n<\/div><\/li>\r\n<\/ul>\r\n<\/div>","protected":false},"excerpt":{"rendered":"Autoradio SONY CDX-G1200U Generales Tipo de Pantalla: Monocrom\u00e1tica Canales: 4 Radio AM-FM: S\u00ed Lectora de CDs: S\u00ed Entrada Auxiliar: S\u00ed Control Remoto: S\u00ed Potencia de Parlantes: (RMS) 55 W Formatos Soportados: MP3, WMA USB: 1 Bluetooth: No Lector de Tarjetas de Memoria: No Dimensiones Alto: 23 cm Profundidad: 26 cm Ancho: 10 cm Peso: 1.6 [&hellip;]","protected":false},"featured_media":3201,"comment_status":"open","ping_status":"closed","template":"","meta":[],"_links":{"self":[{"href":"https:\/\/www.ellogo.com.uy\/web\/wp-json\/wp\/v2\/product\/3200"}],"collection":[{"href":"https:\/\/www.ellogo.com.uy\/web\/wp-json\/wp\/v2\/product"}],"about":[{"href":"https:\/\/www.ellogo.com.uy\/web\/wp-json\/wp\/v2\/types\/product"}],"replies":[{"embeddable":true,"href":"https:\/\/www.ellogo.com.uy\/web\/wp-json\/wp\/v2\/comments?post=3200"}],"wp:featuredmedia":[{"embeddable":true,"href":"https:\/\/www.ellogo.com.uy\/web\/wp-json\/wp\/v2\/media\/3201"}],"wp:attachment":[{"href":"https:\/\/www.ellogo.com.uy\/web\/wp-json\/wp\/v2\/media?parent=3200"}],"curies":[{"name":"wp","href":"https:\/\/api.w.org\/{rel}","templated":true}]}}