{"id":3203,"date":"2017-12-13T17:03:20","date_gmt":"2017-12-13T20:03:20","guid":{"rendered":"http:\/\/www.ellogo.com.uy\/web\/?post_type=product&#038;p=3203"},"modified":"2017-12-13T17:03:59","modified_gmt":"2017-12-13T20:03:59","slug":"autoradio-jvc-kd-ar855bt","status":"publish","type":"product","link":"https:\/\/www.ellogo.com.uy\/web\/producto\/autoradio-jvc-kd-ar855bt\/","title":{"rendered":"Autoradio JVC KD AR855BT"},"content":{"rendered":"<h3 class=\"item-title__primary \">Autoradio JVC Kd Ar855bt, Bluetooth, Usb, Aux, Cd<\/h3>\r\nTecnolog\u00eda inal\u00e1mbrica Bluetooth\u00ae (Integrada)\r\nAtenuador autom\u00e1tico\r\nPanel frontal extra\u00edble\r\n(Perfil de acceso a agenda telef\u00f3nica, Transferencia de agenda telef\u00f3nica, Llamada manos libres, Streaming de audio, AVRCP, Notificaci\u00f3n de recepci\u00f3n de mensajes SMS, Marcaci\u00f3n por reconocimiento de voz, Modo de comprobaci\u00f3n de compatibilidad, Conexi\u00f3n de 2 tel\u00e9fonos f\u00e1cil y segura (SSP), Conexi\u00f3n continua de 2 tel\u00e9fonos, Control de radio por Internet para smartphone, Modo Eyes-Free de Siri para iPhone\r\nAdaptador opcional preparado para mando a distancia en el volante\r\nMando a distancia inal\u00e1mbrico\r\nFunci\u00f3n Beep Tone Support\r\nAtenuador de Iluminacion Autom\u00e1tico\r\nControl de brillo Separado\r\nSubwoofer de control\r\nMOS-FET 50 W x 4\r\nConexi\u00f3n permanente de 2 tel\u00e9fonos\r\nControl de aplicaci\u00f3n para smartphone (App JVC)\r\nJVC Smart Music Control V.3 para Android (App v\u00eda Bluetooth\u00ae &amp; USB)\r\nControl musical JVC para Android (App v\u00eda USB)\r\nGenerador de listas de reproducci\u00f3n JVC para memoria USB\/Thumb Drive (software PC Windows\u00ae v\u00eda USB)\r\nAudio USB para iPod\/iPhone etc.\r\nControl de 2 v\u00edas para iPod\/iPhone (Unidad principal\/iPod o iPhone)\r\nModo iPod\/iPhone\r\nPuerto USB frontal (WAV\/MP3\/WMA\/iPod y iPhone)\r\nFuente de alimentaci\u00f3n USB 1A\r\nCambio de modo a almacenamiento masivo\r\nEntrada AUX (Frontal)\r\nCompatible con MP3\/WMA\/WAV con ID3\/WMA Tag (CD\/SD)\r\nSintonizador de radio con RDS\r\nSintonizador de proceso digital\r\nProgramador radio\r\nMemoria de respaldo\r\niEQ param\u00e9trico de 3 bandas\r\nEasy EQ\r\n12 preajustes de ecualizaci\u00f3n\r\nFuente Link EQ\r\nDigital Track Expander\r\nControl de nivel de intensidad\r\nFiltro de paso alto\/paso bajo\r\n3 Salidas Pre Amplficadas de 4.8V","protected":false},"excerpt":{"rendered":"Autoradio JVC Kd Ar855bt, Bluetooth, Usb, Aux, Cd Tecnolog\u00eda inal\u00e1mbrica Bluetooth\u00ae (Integrada) Atenuador autom\u00e1tico Panel frontal extra\u00edble (Perfil de acceso a agenda telef\u00f3nica, Transferencia de agenda telef\u00f3nica, Llamada manos libres, Streaming de audio, AVRCP, Notificaci\u00f3n de recepci\u00f3n de mensajes SMS, Marcaci\u00f3n por reconocimiento de voz, Modo de comprobaci\u00f3n de compatibilidad, Conexi\u00f3n de 2 tel\u00e9fonos f\u00e1cil [&hellip;]","protected":false},"featured_media":3204,"comment_status":"open","ping_status":"closed","template":"","meta":[],"_links":{"self":[{"href":"https:\/\/www.ellogo.com.uy\/web\/wp-json\/wp\/v2\/product\/3203"}],"collection":[{"href":"https:\/\/www.ellogo.com.uy\/web\/wp-json\/wp\/v2\/product"}],"about":[{"href":"https:\/\/www.ellogo.com.uy\/web\/wp-json\/wp\/v2\/types\/product"}],"replies":[{"embeddable":true,"href":"https:\/\/www.ellogo.com.uy\/web\/wp-json\/wp\/v2\/comments?post=3203"}],"wp:featuredmedia":[{"embeddable":true,"href":"https:\/\/www.ellogo.com.uy\/web\/wp-json\/wp\/v2\/media\/3204"}],"wp:attachment":[{"href":"https:\/\/www.ellogo.com.uy\/web\/wp-json\/wp\/v2\/media?parent=3203"}],"curies":[{"name":"wp","href":"https:\/\/api.w.org\/{rel}","templated":true}]}}