{"id":3208,"date":"2017-12-13T17:20:50","date_gmt":"2017-12-13T20:20:50","guid":{"rendered":"http:\/\/www.ellogo.com.uy\/web\/?post_type=product&#038;p=3208"},"modified":"2017-12-13T17:20:50","modified_gmt":"2017-12-13T20:20:50","slug":"autoradio-jvc-kd-x240bt","status":"publish","type":"product","link":"https:\/\/www.ellogo.com.uy\/web\/producto\/autoradio-jvc-kd-x240bt\/","title":{"rendered":"Autoradio JVC KD-X240BT"},"content":{"rendered":"<h3>Autoradio JVC KD-X240BT<\/h3>\r\n<strong>\u00a050w x 4 canales Max<\/strong>, 1 Din con receptor de<strong> USB\/AUX\/BT\/AM-FM<\/strong>, compatible con<strong> iPhone y Android<\/strong> (Pandora y iHeart Radio).\r\n\r\nAcepta formatos\u00a0<strong>MP3\/WMA\/AAC\/WAV\/FLAC.<\/strong>\r\n<h2>Informaci\u00f3n adicional<\/h2>\r\n<table id=\"product-attribute-specs-table\" class=\"data-table\"><colgroup><col width=\"25%\" \/> <col \/> <\/colgroup>\r\n<tbody>\r\n<tr class=\"first odd\">\r\n<th class=\"label\">Mostrar Publicidad para Autoestereos<\/th>\r\n<td class=\"data last\">S\u00ed<\/td>\r\n<\/tr>\r\n<tr class=\"even\">\r\n<th class=\"label\">Caratula Desmontable<\/th>\r\n<td class=\"data last\">Si<\/td>\r\n<\/tr>\r\n<tr class=\"odd\">\r\n<th class=\"label\">Caratula Motorizada<\/th>\r\n<td class=\"data last\">No<\/td>\r\n<\/tr>\r\n<tr class=\"even\">\r\n<th class=\"label\">Tama\u00f1o<\/th>\r\n<td class=\"data last\">1 Din<\/td>\r\n<\/tr>\r\n<tr class=\"odd\">\r\n<th class=\"label\">Potencia RMS<\/th>\r\n<td class=\"data last\">22 watts<\/td>\r\n<\/tr>\r\n<tr class=\"even\">\r\n<th class=\"label\">Potencia Pico<\/th>\r\n<td class=\"data last\">50 watts<\/td>\r\n<\/tr>\r\n<tr class=\"odd\">\r\n<th class=\"label\">Reproducci\u00f3n de m\u00fasica v\u00eda Bluetooth<\/th>\r\n<td class=\"data last\">Si<\/td>\r\n<\/tr>\r\n<tr class=\"even\">\r\n<th class=\"label\">Bandas de Ecualizacion<\/th>\r\n<td class=\"data last\">3 Bandas<\/td>\r\n<\/tr>\r\n<tr class=\"odd\">\r\n<th class=\"label\">Control Remoto<\/th>\r\n<td class=\"data last\">Si<\/td>\r\n<\/tr>\r\n<tr class=\"even\">\r\n<th class=\"label\">Memorizacion de Estaciones<\/th>\r\n<td class=\"data last\">No<\/td>\r\n<\/tr>\r\n<tr class=\"last odd\">\r\n<th class=\"label\">Compatible con Camara de Reversa<\/th>\r\n<td class=\"data last\">No<\/td>\r\n<\/tr>\r\n<\/tbody>\r\n<\/table>","protected":false},"excerpt":{"rendered":"Autoradio JVC KD-X240BT \u00a050w x 4 canales Max, 1 Din con receptor de USB\/AUX\/BT\/AM-FM, compatible con iPhone y Android (Pandora y iHeart Radio). Acepta formatos\u00a0MP3\/WMA\/AAC\/WAV\/FLAC. Informaci\u00f3n adicional Mostrar Publicidad para Autoestereos S\u00ed Caratula Desmontable Si Caratula Motorizada No Tama\u00f1o 1 Din Potencia RMS 22 watts Potencia Pico 50 watts Reproducci\u00f3n de m\u00fasica v\u00eda Bluetooth Si [&hellip;]","protected":false},"featured_media":3209,"comment_status":"open","ping_status":"closed","template":"","meta":[],"_links":{"self":[{"href":"https:\/\/www.ellogo.com.uy\/web\/wp-json\/wp\/v2\/product\/3208"}],"collection":[{"href":"https:\/\/www.ellogo.com.uy\/web\/wp-json\/wp\/v2\/product"}],"about":[{"href":"https:\/\/www.ellogo.com.uy\/web\/wp-json\/wp\/v2\/types\/product"}],"replies":[{"embeddable":true,"href":"https:\/\/www.ellogo.com.uy\/web\/wp-json\/wp\/v2\/comments?post=3208"}],"wp:featuredmedia":[{"embeddable":true,"href":"https:\/\/www.ellogo.com.uy\/web\/wp-json\/wp\/v2\/media\/3209"}],"wp:attachment":[{"href":"https:\/\/www.ellogo.com.uy\/web\/wp-json\/wp\/v2\/media?parent=3208"}],"curies":[{"name":"wp","href":"https:\/\/api.w.org\/{rel}","templated":true}]}}