{"id":3274,"date":"2018-05-20T09:29:02","date_gmt":"2018-05-20T12:29:02","guid":{"rendered":"http:\/\/www.ellogo.com.uy\/web\/?post_type=product&#038;p=3274"},"modified":"2018-05-20T09:37:22","modified_gmt":"2018-05-20T12:37:22","slug":"masajeador-de-cuello-massager","status":"publish","type":"product","link":"https:\/\/www.ellogo.com.uy\/web\/producto\/masajeador-de-cuello-massager\/","title":{"rendered":"MASAJEADOR DE CUELLO MASSAGER"},"content":{"rendered":"<span class=\"notranslate\">EL MASAJE REGULAR PUEDE MEJORAR TODA LA FUNCI\u00d3N CORPORAL<\/span>\r\n\r\n<span class=\"notranslate\">1 Masaje de Cuello y Hombro: el nuevo dise\u00f1o, dise\u00f1o de curva exquisita, masajes apretados en cada posici\u00f3n.<\/span>\r\n\r\n<span class=\"notranslate\">2 Una forma \u00fanica de masaje de Amasamiento Realice los masajes tradicionales y realice un profundo masaje en el cuello, le permiten sentirse relajado.<\/span>\r\n\r\n<span class=\"notranslate\">3 La funci\u00f3n Unique Warm Function-Warm le proporcionar\u00e1 diferentes sensaciones, le brindar\u00e1 la sensaci\u00f3n de calidez mientras le da un masaje efectivo.<\/span>\r\n\r\n<span class=\"notranslate\">4 Se puede usar\u00a0 en el auto equipado con adaptador externo y puede usarlo con un suministro de energ\u00eda de 12V para veh\u00edculos, para que pueda disfrutar de la diversi\u00f3n con masajes en cualquier lugar.<\/span>\r\n\r\n<span class=\"notranslate\">DETALLES DEL PRODUCTO: <\/span>\r\n\r\n<span class=\"notranslate\">Nombre del producto: Masajeador de amasamiento de cuello<\/span>\r\n\r\n<span class=\"notranslate\"> Voltaje nominal: DC12V Potencia nominal: 24W Frecuencia nominal: 50HZ.<\/span>","protected":false},"excerpt":{"rendered":"<span class=\"notranslate\">MASAJEADOR DE CUELLO MASSAGER<\/span>\r\n\r\n<span class=\"notranslate\"> Mejore la calidad del sue\u00f1o.<\/span>\u00a0<span class=\"notranslate\">El masaje puede hacer que el cuerpo se relaje, elimine la fatiga y alivie la presi\u00f3n.<\/span>\u00a0<span class=\"notranslate\">Tambi\u00e9n puede mejorar el sue\u00f1o y mejorar la calidad del sue\u00f1o.<\/span>\u00a0<span class=\"notranslate\">Mejora la funci\u00f3n del cuerpo.<\/span>\u00a0<span class=\"notranslate\">El masaje puede promover la circulaci\u00f3n sangu\u00ednea del cuerpo para proporcionar nutrientes adecuados, mejorar la desintoxicaci\u00f3n linf\u00e1tica.<\/span>\u00a0<span class=\"notranslate\">Relaje los m\u00fasculos del equilibrio corporal del yin y el yang<\/span>","protected":false},"featured_media":3279,"comment_status":"open","ping_status":"closed","template":"","meta":[],"_links":{"self":[{"href":"https:\/\/www.ellogo.com.uy\/web\/wp-json\/wp\/v2\/product\/3274"}],"collection":[{"href":"https:\/\/www.ellogo.com.uy\/web\/wp-json\/wp\/v2\/product"}],"about":[{"href":"https:\/\/www.ellogo.com.uy\/web\/wp-json\/wp\/v2\/types\/product"}],"replies":[{"embeddable":true,"href":"https:\/\/www.ellogo.com.uy\/web\/wp-json\/wp\/v2\/comments?post=3274"}],"wp:featuredmedia":[{"embeddable":true,"href":"https:\/\/www.ellogo.com.uy\/web\/wp-json\/wp\/v2\/media\/3279"}],"wp:attachment":[{"href":"https:\/\/www.ellogo.com.uy\/web\/wp-json\/wp\/v2\/media?parent=3274"}],"curies":[{"name":"wp","href":"https:\/\/api.w.org\/{rel}","templated":true}]}}