{"id":3307,"date":"2018-05-21T13:13:01","date_gmt":"2018-05-21T16:13:01","guid":{"rendered":"http:\/\/www.ellogo.com.uy\/web\/?post_type=product&#038;p=3307"},"modified":"2018-05-21T13:13:01","modified_gmt":"2018-05-21T16:13:01","slug":"microfono-inalambrico-skp","status":"publish","type":"product","link":"https:\/\/www.ellogo.com.uy\/web\/producto\/microfono-inalambrico-skp\/","title":{"rendered":"Micr\u00f3fono Inalambrico SKP"},"content":{"rendered":"Sistema: inal\u00e1mbrico de VHF de un solo canal\r\n\r\nTipo: sistema de micr\u00f3fono de mano\r\n\r\nFrecuencia del portador: 210-270 mhz\r\n\r\nRango din\u00e1mico: m\u00e1s de 90dB\r\n\r\nDistorsi\u00f3n arm\u00f3nica total: menos del 0.5%\r\n\r\nRespuesta de frecuencia: 40hz-15khz \u00b1 3dB\r\n\r\nRelaci\u00f3n se\u00f1al \/ ruido: m\u00e1s de 90dB\r\n\r\nImagen y rechazo espurio: m\u00e1s de 80dB\r\n\r\nPotencia del transmisor: 8.5mW\r\n\r\nNivel de salida de audio: 0&#8211; \u00b1 400mv\r\n\r\nCanal de recepci\u00f3n: 1 canal\r\n\r\nFuente de alimentaci\u00f3n: 9-15V 200wA DC\r\n\r\nEnerg\u00eda de la bater\u00eda: 12V DC\r\n\r\nAlcance: campo abierto de 50 pies (170 m)","protected":false},"excerpt":{"rendered":"En un mundo de experiencia inal\u00e1mbrica cada sistema inal\u00e1mbrico SKP est\u00e1 respaldado por la experiencia de ingenieros y profesionales cuya pasi\u00f3n por la excelencia de sonido s\u00f3lo es igualada por su compromiso de garantizar excepcionalmente se\u00f1al de largo alcance, fiabilidad, rendimiento sin interrupciones y la libertad de movimiento Sistemas inal\u00e1mbricos SKP son fabricados con los m\u00e1s altos normas de calidad, y todas las funciones de calidad y flexibilidad que necesita para darle muchos a\u00f1os de uso sin problemas.","protected":false},"featured_media":3310,"comment_status":"open","ping_status":"closed","template":"","meta":[],"_links":{"self":[{"href":"https:\/\/www.ellogo.com.uy\/web\/wp-json\/wp\/v2\/product\/3307"}],"collection":[{"href":"https:\/\/www.ellogo.com.uy\/web\/wp-json\/wp\/v2\/product"}],"about":[{"href":"https:\/\/www.ellogo.com.uy\/web\/wp-json\/wp\/v2\/types\/product"}],"replies":[{"embeddable":true,"href":"https:\/\/www.ellogo.com.uy\/web\/wp-json\/wp\/v2\/comments?post=3307"}],"wp:featuredmedia":[{"embeddable":true,"href":"https:\/\/www.ellogo.com.uy\/web\/wp-json\/wp\/v2\/media\/3310"}],"wp:attachment":[{"href":"https:\/\/www.ellogo.com.uy\/web\/wp-json\/wp\/v2\/media?parent=3307"}],"curies":[{"name":"wp","href":"https:\/\/api.w.org\/{rel}","templated":true}]}}