{"id":3348,"date":"2018-05-29T12:15:06","date_gmt":"2018-05-29T15:15:06","guid":{"rendered":"http:\/\/www.ellogo.com.uy\/web\/?post_type=product&#038;p=3348"},"modified":"2018-05-29T12:15:06","modified_gmt":"2018-05-29T15:15:06","slug":"monitor-viewsonic-19","status":"publish","type":"product","link":"https:\/\/www.ellogo.com.uy\/web\/producto\/monitor-viewsonic-19\/","title":{"rendered":"Monitor Viewsonic 19&#8243;"},"content":{"rendered":"<div class=\"col-lg-12\">\r\n<h2 class=\"text-center\">ESPECIFICACIONES<\/h2>\r\n<\/div>\r\n<div class=\"col-lg-12 columns\">\r\n<div id=\"spec-area\" class=\"row\">\r\n<ul class=\"product-spec\">\r\n \t<li><span class=\"spec-item\">LCD PANEL<\/span>\r\n<div class=\"spec-data\"><strong>Type :\u00a0<\/strong>19\u201d (18.5\u201d Viewable) TN Type, a-si TFT Active Matrix LCD\r\n<strong>Display Area :\u00a0<\/strong>409.8mm (H) x 230.4mm (V)\r\n<strong>Resolution :\u00a0<\/strong>1366 x 768 @ 60Hz\r\n<strong>Brightness :\u00a0<\/strong>200 cd\/m2 (Typ)\r\n<strong>Contrast Ratio :\u00a0<\/strong>600:1 (typ) 450:1(min)\r\n<strong>Dynamic Contrast Ratio :\u00a0<\/strong>N\/A\r\n<strong>Viewing Angles :\u00a0<\/strong>90 grados \/ 65 grados (Typ)\r\n<strong>Response Time :\u00a0<\/strong>Tr+Tf=5ms (Typ)\r\n<strong>Backlight :\u00a0<\/strong>1 WLED light bar\r\n<strong>Backlight Life :\u00a0<\/strong>30,000 Hrs (Min)\r\n<strong>Colours :\u00a0<\/strong>16.7M (6 bit with 2biit Hi-FRC)\r\n<strong>Colour Gamut :\u00a0<\/strong>72% NTSC (typ)\r\n<strong>Panel Surface :\u00a0<\/strong>Tipo antideslumbrante, Recubrimiento duro (3H), Haze 25%<\/div><\/li>\r\n \t<li><span class=\"spec-item\">INPUT SIGNAL<\/span>\r\n<div class=\"spec-data\"><strong>Frequency :\u00a0<\/strong>Fh = 24 ~82 kHz ; Fv = 50 ~75 Hz\r\n<strong>Sync :\u00a0<\/strong>Sincronizaci\u00f3n separada<\/div><\/li>\r\n \t<li><span class=\"spec-item\">COMPATIBILITY<\/span>\r\n<div class=\"spec-data\"><strong>PC :\u00a0<\/strong>PC compatible (VGA hasta 1366&#215;768 )\r\n<strong>Mac\u00ae :\u00a0<\/strong>Power Mac (hasta 1366&#215;768)<\/div><\/li>\r\n<\/ul>\r\n<\/div>\r\n<\/div>","protected":false},"excerpt":{"rendered":"<h2>Pantalla LED panor\u00e1mica de 19&#8243;<\/h2>\r\nEl nuevo VA1903a de ViewSonic es una pantalla panor\u00e1mica ecol\u00f3gica de 19 \u00bb (18.5 \u00bb visible) que cuenta con retroiluminaci\u00f3n LED, lo que proporciona un ahorro de energ\u00eda de hasta el 40%. Con una resoluci\u00f3n HD de 1366 x 768, un tiempo de respuesta de 5ms y un sistema de montaje VESA, el VA1903a es ideal tanto para el hogar como para oficina. La gesti\u00f3n del color de la pantalla garantiza el nivel de blanco m\u00e1s preciso para la representaci\u00f3n de la imagen, lo que permite a los usuarios adaptar diferentes ajustes de temperatura de color para crear condiciones de trabajo m\u00e1s c\u00f3modas. Adem\u00e1s, el modo ECO para ahorro de energ\u00eda reduce el coste de propiedad, por lo que el VA1903a es la mejor opci\u00f3n tanto para clientes corporativos como educativos.","protected":false},"featured_media":3352,"comment_status":"open","ping_status":"closed","template":"","meta":[],"_links":{"self":[{"href":"https:\/\/www.ellogo.com.uy\/web\/wp-json\/wp\/v2\/product\/3348"}],"collection":[{"href":"https:\/\/www.ellogo.com.uy\/web\/wp-json\/wp\/v2\/product"}],"about":[{"href":"https:\/\/www.ellogo.com.uy\/web\/wp-json\/wp\/v2\/types\/product"}],"replies":[{"embeddable":true,"href":"https:\/\/www.ellogo.com.uy\/web\/wp-json\/wp\/v2\/comments?post=3348"}],"wp:featuredmedia":[{"embeddable":true,"href":"https:\/\/www.ellogo.com.uy\/web\/wp-json\/wp\/v2\/media\/3352"}],"wp:attachment":[{"href":"https:\/\/www.ellogo.com.uy\/web\/wp-json\/wp\/v2\/media?parent=3348"}],"curies":[{"name":"wp","href":"https:\/\/api.w.org\/{rel}","templated":true}]}}