{"id":3363,"date":"2018-05-30T17:16:27","date_gmt":"2018-05-30T20:16:27","guid":{"rendered":"http:\/\/www.ellogo.com.uy\/web\/?post_type=product&#038;p=3363"},"modified":"2018-05-30T17:16:27","modified_gmt":"2018-05-30T20:16:27","slug":"parlantes-para-autos-sony","status":"publish","type":"product","link":"https:\/\/www.ellogo.com.uy\/web\/producto\/parlantes-para-autos-sony\/","title":{"rendered":"Parlantes para autos Sony"},"content":{"rendered":"<div class=\"top grid m-grid-at-979 no-grid-at-567\">\r\n<div>\r\n<div class=\"product-details js-even-heights span6\"><\/div>\r\n<div class=\"span4\">\r\n<div class=\"mlp-container \">\r\n<div class=\"mlp-inner\">\r\n<h2 class=\"product-model p5\">XS-N1650<\/h2>\r\n<\/div>\r\n<\/div>\r\n<\/div>\r\n<\/div>\r\n<div><\/div>\r\n<div class=\"title l1\">ESPECIFICACIONES<\/div>\r\n<\/div>\r\n<div class=\"center grid m-grid-at-979 no-grid-at-567\">\r\n<div class=\"features m-span3 span6\">\r\n<ul class=\"feature-list\">\r\n \t<li>\r\n<div class=\"ghost-center-wrap\">\r\n<p class=\"copy ghost-center with-icon\">Disfruta de un sonido potente con una capacidad de potencia total m\u00e1xima de 350W<\/p>\r\n\r\n<\/div><\/li>\r\n \t<li>\r\n<div class=\"ghost-center-wrap\">\r\n<p class=\"copy ghost-center with-icon\">Disfruta de agudos n\u00edtidos con los tweeters de 35 mm<\/p>\r\n\r\n<\/div><\/li>\r\n \t<li>\r\n<div class=\"ghost-center-wrap\">\r\n<p class=\"copy ghost-center with-icon\">Escucha bajos enriquecidos y voces n\u00edtidas gracias a la estructura de conos r\u00edgidos del woofer<\/p>\r\n\r\n<\/div><\/li>\r\n \t<li>\r\n<div class=\"ghost-center-wrap\">\r\n<p class=\"copy ghost-center with-icon\">Distorsi\u00f3n m\u00ednima gracias a la cubierta de goma del parlante<\/p>\r\n\r\n<\/div><\/li>\r\n \t<li>\r\n<div class=\"ghost-center-wrap\">\r\n<p class=\"copy ghost-center with-icon\">Escucha agudos altos y bajos que retumban con un amplio rango de frecuencia de 50\u201323.000 Hz<\/p>\r\n\r\n<\/div><\/li>\r\n<\/ul>\r\n<\/div>\r\n<div class=\"last-column m-span3 span6\">\r\n<div class=\"specs\">\r\n<dl class=\"\">\r\n \t<dt class=\"l3\"><strong>POTENCIA M\u00c1XIMA<\/strong><\/dt>\r\n \t<dd class=\"p3\">350 W<\/dd>\r\n<\/dl>\r\n<div class=\"top grid m-grid-at-979 no-grid-at-567\">\r\n<div class=\"desc p3\">\r\n<h2 class=\"product-model p5\">XS-FB1030<\/h2>\r\n<\/div>\r\n<\/div>\r\n<div class=\"center grid m-grid-at-979 no-grid-at-567\">\r\n<div class=\"features m-span3 span6\">\r\n<ul class=\"feature-list\">\r\n \t<li>\r\n<div class=\"ghost-center-wrap\">\r\n<p class=\"copy ghost-center with-icon\">Woofer MRC para graves profundos y eficaces<\/p>\r\n\r\n<\/div><\/li>\r\n \t<li>\r\n<div class=\"ghost-center-wrap\">\r\n<p class=\"copy ghost-center with-icon\">Experimenta el control de potencia de alto rendimiento<\/p>\r\n\r\n<\/div><\/li>\r\n \t<li>\r\n<div class=\"ghost-center-wrap\">\r\n<p class=\"copy ghost-center with-icon\">Super Tweeter para extensi\u00f3n de alta frecuencia<\/p>\r\n\r\n<\/div><\/li>\r\n \t<li>\r\n<div class=\"ghost-center-wrap\">\r\n<p class=\"copy ghost-center with-icon\">Especialmente dise\u00f1ado para las unidades principales de Sony con circuito Mega Bass<\/p>\r\n\r\n<\/div><\/li>\r\n \t<li>\r\n<div class=\"ghost-center-wrap\">\r\n<p class=\"copy ghost-center with-icon\">Dise\u00f1o compacto y f\u00e1cil de instalar<\/p>\r\n\r\n<\/div><\/li>\r\n<\/ul>\r\n<\/div>\r\n<div class=\"last-column m-span3 span6\">\r\n<div class=\"specs\">\r\n<dl class=\"\">\r\n \t<dt class=\"l3\"><strong>TAMA\u00d1O<\/strong><\/dt>\r\n \t<dd class=\"p3\">10\u00a0cm, 4 pulgadas<\/dd>\r\n \t<dt class=\"l3\"><strong>POTENCIA M\u00c1XIMA<\/strong><\/dt>\r\n \t<dd class=\"p3\">220 W<\/dd>\r\n \t<dt class=\"l3\"><strong>POTENCIA NOMINAL<\/strong><\/dt>\r\n \t<dd class=\"p3\">30 W<\/dd>\r\n<\/dl>\r\n<\/div>\r\n<\/div>\r\n<\/div>\r\n<\/div>\r\n<\/div>\r\n<\/div>","protected":false},"excerpt":{"rendered":"Sony tiene el compromiso no solo de ofrecer productos, servicios y contenidos que aporten experiencias emocionantes, sino tambi\u00e9n de trabajar para conseguir nuestro objetivo de huella medioambiental cero en nuestras actividades empresariales.\r\n\r\nSaca provecho de los peque\u00f1os y potentes parlantes coaxiales de 3 v\u00edas XS-FB1030. Disfruta del un sonido n\u00edtido, equilibrado y completo con la combinaci\u00f3n del woofer de cono MRC, el tweeter de c\u00fapula y el super tweeter. Su dise\u00f1o compacto y tama\u00f1o m\u00ednimo simplifican la instalaci\u00f3n. Con\u00e9ctalo directamente a la unidad principal de ajuste perfecto de Sony con circuito Mega Bass. Obt\u00e9n un sistema con sonido \u00fanico, con graves rugientes y profundos.","protected":false},"featured_media":3366,"comment_status":"open","ping_status":"closed","template":"","meta":[],"_links":{"self":[{"href":"https:\/\/www.ellogo.com.uy\/web\/wp-json\/wp\/v2\/product\/3363"}],"collection":[{"href":"https:\/\/www.ellogo.com.uy\/web\/wp-json\/wp\/v2\/product"}],"about":[{"href":"https:\/\/www.ellogo.com.uy\/web\/wp-json\/wp\/v2\/types\/product"}],"replies":[{"embeddable":true,"href":"https:\/\/www.ellogo.com.uy\/web\/wp-json\/wp\/v2\/comments?post=3363"}],"wp:featuredmedia":[{"embeddable":true,"href":"https:\/\/www.ellogo.com.uy\/web\/wp-json\/wp\/v2\/media\/3366"}],"wp:attachment":[{"href":"https:\/\/www.ellogo.com.uy\/web\/wp-json\/wp\/v2\/media?parent=3363"}],"curies":[{"name":"wp","href":"https:\/\/api.w.org\/{rel}","templated":true}]}}