{"id":3370,"date":"2018-06-01T16:28:35","date_gmt":"2018-06-01T19:28:35","guid":{"rendered":"http:\/\/www.ellogo.com.uy\/web\/?post_type=product&#038;p=3370"},"modified":"2018-06-01T16:28:35","modified_gmt":"2018-06-01T19:28:35","slug":"cortadora-de-pelo-philips","status":"publish","type":"product","link":"https:\/\/www.ellogo.com.uy\/web\/producto\/cortadora-de-pelo-philips\/","title":{"rendered":"Cortadora de Pelo Philips"},"content":{"rendered":"<h2 class=\"p-heading-02 p-component-title\">Especificaciones t\u00e9cnicas<\/h2>\r\n<div class=\"p-chapter-container\">\r\n<dl class=\"p-specs-main-list\"><\/dl>\r\nMaterial de corte\r\n<div class=\"\">Cuchillas de acero inoxidable<\/div>\r\nCantidad de posiciones de largo 11\r\n\r\nPosiciones de largo: De 3 a 21 mm\r\n\r\n&nbsp;\r\n\r\nAncho de la cuchilla 41 mm\r\n\r\n&nbsp;\r\n\r\nPrecisi\u00f3n (medida de corte) 2 mm\r\n<p class=\"p-heading-03 p-spec-title\">F\u00e1cil de usar<\/p>\r\nNo necesita mantenimiento\r\n<div class=\"\">No necesita lubricaci\u00f3n<\/div>\r\nLimpieza\r\n<div class=\"\">Limpieza en seco con cepillo<\/div>\r\n<p class=\"p-heading-03 p-spec-title\">Sistema de alimentaci\u00f3n<\/p>\r\nTiempo de funcionamiento\r\n<div class=\"\">60 minutos<\/div>\r\nTiempo de carga 8 horas\r\n\r\nTipo de bater\u00eda\u00a0 NiMH\r\n\r\n<\/div>","protected":false},"excerpt":{"rendered":"Cortacabello philips\u00a0<span class=\"p-type\">QC5130\/15\u00a0<\/span>\r\n<p class=\"p-heading-02 p-component-title\">Cort\u00e1 el pelo a tu familia con nuestro cortacabello m\u00e1s silencioso para adultos y ni\u00f1os<\/p>\r\n\r\n<ul class=\"p-bullets p-large p-bullets-color-1 p-featured\">\r\n \t<li>Cuchillas de acero inoxidable<\/li>\r\n \t<li>11 posiciones de longitud<\/li>\r\n \t<li>60\u00a0min de uso sin cable\/8\u00a0h de carga<\/li>\r\n<\/ul>","protected":false},"featured_media":3379,"comment_status":"open","ping_status":"closed","template":"","meta":[],"_links":{"self":[{"href":"https:\/\/www.ellogo.com.uy\/web\/wp-json\/wp\/v2\/product\/3370"}],"collection":[{"href":"https:\/\/www.ellogo.com.uy\/web\/wp-json\/wp\/v2\/product"}],"about":[{"href":"https:\/\/www.ellogo.com.uy\/web\/wp-json\/wp\/v2\/types\/product"}],"replies":[{"embeddable":true,"href":"https:\/\/www.ellogo.com.uy\/web\/wp-json\/wp\/v2\/comments?post=3370"}],"wp:featuredmedia":[{"embeddable":true,"href":"https:\/\/www.ellogo.com.uy\/web\/wp-json\/wp\/v2\/media\/3379"}],"wp:attachment":[{"href":"https:\/\/www.ellogo.com.uy\/web\/wp-json\/wp\/v2\/media?parent=3370"}],"curies":[{"name":"wp","href":"https:\/\/api.w.org\/{rel}","templated":true}]}}