{"id":3380,"date":"2018-06-01T16:37:44","date_gmt":"2018-06-01T19:37:44","guid":{"rendered":"http:\/\/www.ellogo.com.uy\/web\/?post_type=product&#038;p=3380"},"modified":"2018-06-01T16:37:44","modified_gmt":"2018-06-01T19:37:44","slug":"cortadora-de-barba-philips","status":"publish","type":"product","link":"https:\/\/www.ellogo.com.uy\/web\/producto\/cortadora-de-barba-philips\/","title":{"rendered":"Cortadora de Barba Philips"},"content":{"rendered":"<div class=\"s02-specification-highlights spechighlights\"><section class=\"p-s02-specification-highlights-wide\">\r\n<div class=\"p-grid p-row-gutter p-comp-spacing-bottom\">\r\n<div class=\"p-grid-item p-one-whole\">\r\n<h2 class=\"p-heading-02  \r\n                    p-component-title\">Destacados y especificaciones<\/h2>\r\n<ul class=\"p-component-main-list\">\r\n \t<li class=\"p-grid\">\r\n<p class=\"p-main-list-title p-grid-item p-xs-one-quarter p-s-one-fifth p-l-one-third \r\n                                                p-bold\">Precisi\u00f3n (medida de corte)<\/p>\r\n<p class=\"p-main-list-answer p-grid-item p-xs-three-quarters p-s-two-fifths p-l-one-third\">1\u00a0mm<\/p>\r\n<\/li>\r\n \t<li class=\"p-grid\">\r\n<p class=\"p-main-list-title p-grid-item p-xs-one-quarter p-s-one-fifth p-l-one-third \r\n                                                p-bold\">Cantidad de posiciones de largo<\/p>\r\n<p class=\"p-main-list-answer p-grid-item p-xs-three-quarters p-s-two-fifths p-l-one-third\">10\u00a0posiciones de longitud integradas<\/p>\r\n<\/li>\r\n \t<li class=\"p-grid\">\r\n<p class=\"p-main-list-title p-grid-item p-xs-one-quarter p-s-one-fifth p-l-one-third \r\n                                                p-bold\">Material de corte<\/p>\r\n<p class=\"p-main-list-answer p-grid-item p-xs-three-quarters p-s-two-fifths p-l-one-third\">Cuchillas de acero inoxidable<\/p>\r\n<\/li>\r\n \t<li class=\"p-grid\">\r\n<p class=\"p-main-list-title p-grid-item p-xs-one-quarter p-s-one-fifth p-l-one-third \r\n                                                p-bold\">Tiempo de funcionamiento<\/p>\r\n<p class=\"p-main-list-answer p-grid-item p-xs-three-quarters p-s-two-fifths p-l-one-third\">45 minutos<\/p>\r\n<\/li>\r\n \t<li class=\"p-grid\">\r\n<p class=\"p-main-list-title p-grid-item p-xs-one-quarter p-s-one-fifth p-l-one-third \r\n                                                p-bold\">Limpieza<\/p>\r\n<p class=\"p-main-list-answer p-grid-item p-xs-three-quarters p-s-two-fifths p-l-one-third\">Accesorios aptos para enjuague<\/p>\r\n<\/li>\r\n<\/ul>\r\n<\/div>\r\n<\/div>\r\n<\/section><\/div>\r\n<div class=\"component-base s08-specification-details techspec\"><section class=\"p-s08-technical-specifications\" data-chapter-count=\"0\">\r\n<div class=\"p-row-gutter p-comp-spacing-bottom\">\r\n<h2 class=\"p-heading-02 p-component-title\">Especificaciones t\u00e9cnicas<\/h2>\r\n<div class=\"p-chapter-container\">\r\n<ul class=\"p-col-specs p-col-first\">\r\n \t<li class=\"p-col-child p-chapter-to-toggle\">\r\n<p class=\"p-heading-03 p-spec-title\">Sistema de corte<\/p>\r\n\r\n<dl class=\"p-specs-main-list\">\r\n \t<dt>Precisi\u00f3n (medida de corte)<\/dt>\r\n \t<dd>\r\n<div class=\"\">1\u00a0mm<\/div><\/dd>\r\n \t<dt>Posiciones de largo:<\/dt>\r\n \t<dd>\r\n<div class=\"\">Desde 0,5 hasta 10\u00a0mm<\/div><\/dd>\r\n \t<dt>Ancho de la cuchilla<\/dt>\r\n \t<dd>\r\n<div class=\"\">32 \u00a0mm<\/div><\/dd>\r\n \t<dt>Material de corte<\/dt>\r\n \t<dd>\r\n<div class=\"\">Cuchillas de acero inoxidable<\/div><\/dd>\r\n \t<dt>Dientes que no lastiman<\/dt>\r\n \t<dd>\r\n<div class=\"\">Para mayor comodidad<\/div><\/dd>\r\n<\/dl>\r\n<\/li>\r\n \t<li class=\"p-col-child p-chapter-to-toggle\">\r\n<p class=\"p-heading-03 p-spec-title\">Alimentaci\u00f3n<\/p>\r\n\r\n<dl class=\"p-specs-main-list\">\r\n \t<dt>Tiempo de funcionamiento<\/dt>\r\n \t<dd>\r\n<div class=\"\">45 minutos<\/div><\/dd>\r\n \t<dt>Carga<\/dt>\r\n \t<dd>\r\n<div class=\"\">Carga completa en 10 horas<\/div><\/dd>\r\n \t<dt>Tipo de bater\u00eda<\/dt>\r\n \t<dd>\r\n<div class=\"\">NiMH<\/div><\/dd>\r\n \t<dt>Voltaje autom\u00e1tico<\/dt>\r\n \t<dd>\r\n<div class=\"\">100-240 V<\/div><\/dd>\r\n<\/dl>\r\n<\/li>\r\n \t<li class=\"p-col-child p-chapter-to-toggle\">\r\n<p class=\"p-heading-03 p-spec-title\">Dise\u00f1o<\/p>\r\n\r\n<dl class=\"p-specs-main-list\">\r\n \t<dt>Mango<\/dt>\r\n \t<dd>\r\n<div class=\"\">Mango de sujeci\u00f3n f\u00e1cil<\/div><\/dd>\r\n<\/dl>\r\n<\/li>\r\n<\/ul>\r\n<ul class=\"p-col-specs p-col-second\">\r\n \t<li class=\"p-col-child p-chapter-to-toggle\">\r\n<p class=\"p-heading-03 p-spec-title\">Cre\u00e1 el look que m\u00e1s te guste<\/p>\r\n\r\n<dl class=\"p-specs-main-list\">\r\n \t<dt>Cantidad de posiciones de largo<\/dt>\r\n \t<dd>\r\n<div class=\"\">10\u00a0posiciones de longitud integradas<\/div><\/dd>\r\n<\/dl>\r\n<\/li>\r\n \t<li class=\"p-col-child p-chapter-to-toggle\">\r\n<p class=\"p-heading-03 p-spec-title\">Accesorios<\/p>\r\n\r\n<dl class=\"p-specs-main-list\">\r\n \t<dt>Peine<\/dt>\r\n \t<dd>\r\n<div class=\"\">Sistema Lift &amp; Trim<\/div><\/dd>\r\n \t<dt>Mantenimiento<\/dt>\r\n \t<dd>\r\n<div class=\"\">Cepillo de limpieza<\/div><\/dd>\r\n<\/dl>\r\n<\/li>\r\n \t<li class=\"p-col-child p-chapter-to-toggle\">\r\n<p class=\"p-heading-03 p-spec-title\">F\u00e1cil de usar<\/p>\r\n\r\n<dl class=\"p-specs-main-list\">\r\n \t<dt>Control de largo<\/dt>\r\n \t<dd>\r\n<div class=\"\">Posiciones de largo f\u00e1cilmente ajustables<\/div><\/dd>\r\n \t<dt>Pantalla<\/dt>\r\n \t<dd>\r\n<div class=\"\">Indicador de carga en el adaptador<\/div><\/dd>\r\n \t<dt>Limpieza<\/dt>\r\n \t<dd>\r\n<div class=\"\">Accesorios aptos para enjuague<\/div><\/dd>\r\n \t<dt>Funcionamiento<\/dt>\r\n \t<dd>\r\n<div class=\"\">Uso sin cable<\/div><\/dd>\r\n<\/dl>\r\n<\/li>\r\n<\/ul>\r\n<\/div>\r\n<\/div>\r\n<\/section><\/div>","protected":false},"excerpt":{"rendered":"<div id=\"see-all-benefits\">\r\n<div class=\"s01highlight component-base s01-highlights-banner\"><section class=\"p-s01-highlights\">\r\n<div class=\"p-row-gutter p-comp-spacing-bottom\">\r\n\r\nBeardtrimmer series 3000 Cortabarba\r\n<p class=\"p-heading-02 p-component-title\">Barba de tres d\u00edas de manera sencilla<\/p>\r\n<p class=\"p-heading-03 p-heading-light\">El sistema Lift &amp; Trim corta un 30% m\u00e1s r\u00e1pido*<\/p>\r\n\r\n<ul class=\"p-bullets p-large p-bullets-color-1 p-featured\">\r\n \t<li>Posiciones de precisi\u00f3n de 1\u00a0mm<\/li>\r\n \t<li>Cuchillas de acero inoxidable<\/li>\r\n \t<li>45\u00a0min de uso sin cable\/10\u00a0h de carga<\/li>\r\n \t<li>Sistema Lift &amp; Trim<\/li>\r\n<\/ul>\r\n<\/div>\r\n<\/section><\/div>\r\n<\/div>\r\n<div class=\"productFeatures s12-product-features component-base\"><section class=\"p-complete p-s12-product-features\">\r\n<div class=\"p-row-gutter p-comp-spacing-bottom p-rb\">\r\n<ul class=\"p-feature-list p-clearfix p-spacing-bottom-a\">\r\n \t<li class=\"p-odd\">\r\n<h3 class=\"p-heading-03 p-feature-title\">El peine recortador Lift &amp; Trim dirige el vello hacia las cuchillas para obtener un corte uniforme<\/h3>\r\n<p class=\"p-body-copy-02\">Recort\u00e1 tu barba incipiente con nuestro nuevo sistema Lift &amp; Trim: el peine recortador levanta y dirige el vello al nivel de las cuchillas para obtener un corte uniforme.<\/p>\r\n<\/li>\r\n \t<li class=\"p-even\">\r\n<h3 class=\"p-heading-03 p-feature-title\">Cuchillas de acero inoxidable para un afilado duradero<\/h3>\r\n<p class=\"p-body-copy-02\">Consegu\u00ed un corte perfecto y seguro, una y otra vez. Las cuchillas de acero del recortador se frotan suavemente entre s\u00ed, afil\u00e1ndose unas a otras a medida que cortan el vello, por lo que conservan un filo potente y ofrecen un alto rendimiento, como el primer d\u00eda.<\/p>\r\n<\/li>\r\n \t<li class=\"p-odd\">\r\n<h3 class=\"p-heading-03 p-feature-title\">Cuchillas que no irritan la piel para conseguir una piel suave<\/h3>\r\n<p class=\"p-body-copy-02\">Las cuchillas cuentan con puntas redondeadas para un contacto suave con la piel y para evitar ara\u00f1azos e irritaci\u00f3n.<\/p>\r\n<\/li>\r\n \t<li class=\"p-even\">\r\n<h3 class=\"p-heading-03 p-feature-title\">10\u00a0posiciones de longitud con bloqueo, de 0,5\u00a0a\u00a010\u00a0mm, con una precisi\u00f3n de 1\u00a0mm<\/h3>\r\n<p class=\"p-body-copy-02\">Con la rueda pod\u00e9s elegir una posici\u00f3n de longitud entre 0,5\u00a0mm y 10\u00a0mm, con una precisi\u00f3n de 1\u00a0mm entre cada nivel.<\/p>\r\n<\/li>\r\n<\/ul>\r\n<\/div>\r\n<\/section><\/div>","protected":false},"featured_media":3372,"comment_status":"open","ping_status":"closed","template":"","meta":[],"_links":{"self":[{"href":"https:\/\/www.ellogo.com.uy\/web\/wp-json\/wp\/v2\/product\/3380"}],"collection":[{"href":"https:\/\/www.ellogo.com.uy\/web\/wp-json\/wp\/v2\/product"}],"about":[{"href":"https:\/\/www.ellogo.com.uy\/web\/wp-json\/wp\/v2\/types\/product"}],"replies":[{"embeddable":true,"href":"https:\/\/www.ellogo.com.uy\/web\/wp-json\/wp\/v2\/comments?post=3380"}],"wp:featuredmedia":[{"embeddable":true,"href":"https:\/\/www.ellogo.com.uy\/web\/wp-json\/wp\/v2\/media\/3372"}],"wp:attachment":[{"href":"https:\/\/www.ellogo.com.uy\/web\/wp-json\/wp\/v2\/media?parent=3380"}],"curies":[{"name":"wp","href":"https:\/\/api.w.org\/{rel}","templated":true}]}}