{"id":3417,"date":"2018-07-31T14:59:38","date_gmt":"2018-07-31T17:59:38","guid":{"rendered":"http:\/\/www.ellogo.com.uy\/web\/?post_type=product&#038;p=3417"},"modified":"2018-07-31T14:59:39","modified_gmt":"2018-07-31T17:59:39","slug":"cargador-dual-usb-para-control-de-playstation-4","status":"publish","type":"product","link":"https:\/\/www.ellogo.com.uy\/web\/producto\/cargador-dual-usb-para-control-de-playstation-4\/","title":{"rendered":"Cargador Dual Usb para control de PlayStation 4"},"content":{"rendered":"<ul class=\"a-unordered-list a-vertical a-spacing-none\">\r\n \t<li><span class=\"a-list-item\">PUERTOS MICRO ADAPTADOR MICRO USB INCORPORADOS: Le permite almacenar y cargar de forma segura dos controladores PS4 simult\u00e1neamente sin tener que conectarlos al sistema PS4.Un solo controlador podr\u00eda estar completamente cargada antes de 2 horas, y dos controladores s\u00f3lo necesitan alrededor de 3 horas.<\/span><\/li>\r\n \t<li><span class=\"a-list-item\">CARGADOR DUAL DEL CONTROLADOR INAL\u00c1MBRICO: Alimentaci\u00f3n a trav\u00e9s del puerto USB, ya sea del PS4 o PC;El dise\u00f1o pr\u00e1ctico puede recargar 2 Gamepads a la vez.<\/span><\/li>\r\n \t<li><span class=\"a-list-item\">Con indicador de luz LED: Si la luz parpadea, est\u00e1 en estado de carga. Una vez que dej\u00f3 de parpadear, la carga ha finalizado.<\/span><\/li>\r\n \t<li><span class=\"a-list-item\">DISE\u00d1O SENCILLO Y COMPACTO: Este cargador dual proporciona una manera f\u00e1cil y r\u00e1pida de cargar y almacenar su PS4 \/ PS4 Pro \/ PS4 Slim Controller. Ideal para guardar su lugar y almacenar sus controladores en el cargador cuando no est\u00e9 jugando.<\/span><\/li>\r\n<\/ul>","protected":false},"excerpt":{"rendered":"<ul class=\"a-unordered-list a-vertical a-spacing-none\">\r\n \t<li><span class=\"a-list-item\">PUERTOS MICRO ADAPTADOR MICRO USB INCORPORADOS: Le permite almacenar y cargar de forma segura dos controladores PS4 simult\u00e1neamente sin tener que conectarlos al sistema PS4.Un solo controlador podr\u00eda estar completamente cargada antes de 2 horas, y dos controladores s\u00f3lo necesitan alrededor de 3 horas.<\/span><\/li>\r\n \t<li><span class=\"a-list-item\">CARGADOR DUAL DEL CONTROLADOR INAL\u00c1MBRICO: Alimentaci\u00f3n a trav\u00e9s del puerto USB, ya sea del PS4 o PC;El dise\u00f1o pr\u00e1ctico puede recargar 2 Gamepads a la vez.<\/span><\/li>\r\n \t<li><span class=\"a-list-item\">Con indicador de luz LED: Si la luz parpadea, est\u00e1 en estado de carga. Una vez que dej\u00f3 de parpadear, la carga ha finalizado.<\/span><\/li>\r\n \t<li><span class=\"a-list-item\">DISE\u00d1O SENCILLO Y COMPACTO: Este cargador dual proporciona una manera f\u00e1cil y r\u00e1pida de cargar y almacenar su PS4 \/ PS4 Pro \/ PS4 Slim Controller. Ideal para guardar su lugar y almacenar sus controladores en el cargador cuando no est\u00e9 jugando.<\/span><\/li>\r\n<\/ul>","protected":false},"featured_media":3421,"comment_status":"open","ping_status":"closed","template":"","meta":[],"_links":{"self":[{"href":"https:\/\/www.ellogo.com.uy\/web\/wp-json\/wp\/v2\/product\/3417"}],"collection":[{"href":"https:\/\/www.ellogo.com.uy\/web\/wp-json\/wp\/v2\/product"}],"about":[{"href":"https:\/\/www.ellogo.com.uy\/web\/wp-json\/wp\/v2\/types\/product"}],"replies":[{"embeddable":true,"href":"https:\/\/www.ellogo.com.uy\/web\/wp-json\/wp\/v2\/comments?post=3417"}],"wp:featuredmedia":[{"embeddable":true,"href":"https:\/\/www.ellogo.com.uy\/web\/wp-json\/wp\/v2\/media\/3421"}],"wp:attachment":[{"href":"https:\/\/www.ellogo.com.uy\/web\/wp-json\/wp\/v2\/media?parent=3417"}],"curies":[{"name":"wp","href":"https:\/\/api.w.org\/{rel}","templated":true}]}}