{"id":3422,"date":"2018-07-31T15:39:48","date_gmt":"2018-07-31T18:39:48","guid":{"rendered":"http:\/\/www.ellogo.com.uy\/web\/?post_type=product&#038;p=3422"},"modified":"2018-07-31T15:39:48","modified_gmt":"2018-07-31T18:39:48","slug":"fan-cooler-para-playstation-4-y-playsation-4-slim","status":"publish","type":"product","link":"https:\/\/www.ellogo.com.uy\/web\/producto\/fan-cooler-para-playstation-4-y-playsation-4-slim\/","title":{"rendered":"Fan Cooler para PlayStation 4 y PlaySation 4 Slim"},"content":{"rendered":"<span class=\"notranslate\">La base de carga OIGO IV-P4001 7-en-1 es perfecta para los controles y consolas Slim PS4 \/ PS4.<\/span><span class=\"notranslate\">Con 2 ventiladores incorporados para dispersar el calor de la consola, mejora en gran medida la vida \u00fatil.<\/span>\r\n<h2><span class=\"notranslate\">Caracteristicas<\/span><\/h2>\r\n<ul>\r\n \t<li><span class=\"notranslate\">Puede cargar dos controladores simult\u00e1neamente.<\/span><\/li>\r\n \t<li><span class=\"notranslate\">Con sistema de enfriamiento de la consola.<\/span><\/li>\r\n \t<li><span class=\"notranslate\">Los ventiladores incorporados para dispersar el calor de la consola mejoran la vida operativa.<\/span><\/li>\r\n \t<li><span class=\"notranslate\">El puerto Hub y USB permite la transferencia y carga de datos, conveniente para m\u00e1s instalaciones.<\/span><\/li>\r\n \t<li><span class=\"notranslate\">Ajuste para consola y controlador inal\u00e1mbrico Slim PS4 \/ PS4.<\/span><\/li>\r\n<\/ul>","protected":false},"excerpt":{"rendered":"<div class=\"pbody-left\">\r\n<div class=\"con\"><span class=\"notranslate\">1, compatible con consola PS4 \/ Slim \/ Pro y controladores<\/span>\r\n<span class=\"notranslate\">2, enfr\u00ede la temperatura cuando la consola est\u00e1 sobrecalentando y cargue el controlador cuando est\u00e9 sin bater\u00eda<\/span>\r\n<span class=\"notranslate\">3, dise\u00f1o multifuncional, funciona como soporte vertical del ventilador de refrigeraci\u00f3n, as\u00ed como estaci\u00f3n de carga dual<\/span>\r\n<span class=\"notranslate\">4, velocidad de rotaci\u00f3n: 5000 \u00b1 10% PRM (MAX); Volum de viento: 12.6 CFM (MAX)<\/span>\r\n<span class=\"notranslate\">5, corriente de carga: para un controlador es de 800 mA, para ambos controladores, la media es de 400 mA (ventilador de refrigeraci\u00f3n apagado)<\/span>\r\n<span class=\"notranslate\">6, tiempo de carga: 2.5-3 horas (carga de ambos controladores)<\/span>\r\n<span class=\"notranslate\">7, material ABS de alta calidad<\/span><\/div>\r\n<\/div>","protected":false},"featured_media":3426,"comment_status":"open","ping_status":"closed","template":"","meta":[],"_links":{"self":[{"href":"https:\/\/www.ellogo.com.uy\/web\/wp-json\/wp\/v2\/product\/3422"}],"collection":[{"href":"https:\/\/www.ellogo.com.uy\/web\/wp-json\/wp\/v2\/product"}],"about":[{"href":"https:\/\/www.ellogo.com.uy\/web\/wp-json\/wp\/v2\/types\/product"}],"replies":[{"embeddable":true,"href":"https:\/\/www.ellogo.com.uy\/web\/wp-json\/wp\/v2\/comments?post=3422"}],"wp:featuredmedia":[{"embeddable":true,"href":"https:\/\/www.ellogo.com.uy\/web\/wp-json\/wp\/v2\/media\/3426"}],"wp:attachment":[{"href":"https:\/\/www.ellogo.com.uy\/web\/wp-json\/wp\/v2\/media?parent=3422"}],"curies":[{"name":"wp","href":"https:\/\/api.w.org\/{rel}","templated":true}]}}