{"id":3446,"date":"2018-08-16T18:15:54","date_gmt":"2018-08-16T21:15:54","guid":{"rendered":"http:\/\/www.ellogo.com.uy\/web\/?post_type=product&#038;p=3446"},"modified":"2018-08-16T18:15:54","modified_gmt":"2018-08-16T21:15:54","slug":"controles-para-xbox-360-y-xbox-one","status":"publish","type":"product","link":"https:\/\/www.ellogo.com.uy\/web\/producto\/controles-para-xbox-360-y-xbox-one\/","title":{"rendered":"Controles para Xbox 360 y Xbox One"},"content":{"rendered":"&nbsp;\r\n\r\nControl de Xbox One\r\n\r\nEl mando de la consola mantiene una l\u00ednea continuista en relaci\u00f3n al de<span style=\"color: #333333;\">\u00a0<a style=\"color: #333333;\" title=\"Xbox 360\" href=\"httpss:\/\/es.wikipedia.org\/wiki\/Xbox_360\">Xbox 360<\/a><\/span>.<sup id=\"cite_ref-engadget_14-0\" class=\"reference separada\"><\/sup>\u200b Su reparto de botones, joysticks y gatillos es en gran medida similar al de su predecesora, aunque s\u00ed muestra algunas novedades. La principal es que los gatillos poseen un sistema de vibraci\u00f3n independiente.<sup id=\"cite_ref-engadget_14-1\" class=\"reference separada\"><\/sup>\r\nEl bot\u00f3n Xbox no est\u00e1 tan centrado, situ\u00e1ndose en la parte alta del perif\u00e9rico dejando lugar a dos nuevos botones:\u00a0<i>Men\u00fa<\/i>\u00a0(que engloba los antiguos Start y Select) y\u00a0<i>View<\/i>\u00a0que permite acceder a ventanas conceptuales relacionadas con el juego en uso.<sup id=\"cite_ref-Kotaku_15-0\" class=\"reference separada\"><\/sup>\u00a0La alimentaci\u00f3n se sigue realizando mediante\u00a0<span style=\"color: #000000;\"><a style=\"color: #000000;\" title=\"Pila AA\" href=\"httpss:\/\/es.wikipedia.org\/wiki\/Pila_AA\">pilas AA<\/a>.<sup id=\"cite_ref-Kotaku_15-1\" class=\"reference separada\"><\/sup><\/span>\r\n\r\n<span style=\"color: #000000;\">En la \u00faltima versi\u00f3n del mando, dispone de conectividad\u00a0<a class=\"mw-redirect\" style=\"color: #000000;\" title=\"Bluetooth 4.0\" href=\"httpss:\/\/es.wikipedia.org\/wiki\/Bluetooth_4.0\">Bluetooth 4.0<\/a>\u00a0para conectarse a un PC,<sup id=\"cite_ref-16\" class=\"reference separada\"><\/sup>\u200b para ello es necesario tener la actualizaci\u00f3n Creators Update de\u00a0<a style=\"color: #000000;\" title=\"Windows 10\" href=\"httpss:\/\/es.wikipedia.org\/wiki\/Windows_10\">Windows 10<\/a>.<\/span>","protected":false},"excerpt":{"rendered":"El\u00a0<b>Controlador de Xbox 360<\/b>\u00a0(en\u00a0<a title=\"Idioma ingl\u00e9s\" href=\"httpss:\/\/es.wikipedia.org\/wiki\/Idioma_ingl%C3%A9s\">ingl\u00e9s<\/a>:\u00a0<b>Xbox 360 Controller<\/b>) es el principal\u00a0<a title=\"Palanca de mando\" href=\"httpss:\/\/es.wikipedia.org\/wiki\/Palanca_de_mando\">controlador o joystick<\/a>\u00a0de la consola\u00a0<a title=\"Xbox 360\" href=\"httpss:\/\/es.wikipedia.org\/wiki\/Xbox_360\">Xbox 360<\/a>\u00a0de\u00a0<a title=\"Microsoft\" href=\"httpss:\/\/es.wikipedia.org\/wiki\/Microsoft\">Microsoft<\/a>. El mismo tiene dos versiones, con cable o inal\u00e1mbrico y ambos son compatibles con la\u00a0<a title=\"Computadora personal\" href=\"httpss:\/\/es.wikipedia.org\/wiki\/Computadora_personal\">PC<\/a>. Los joysticks originales de la\u00a0<a title=\"Xbox\" href=\"httpss:\/\/es.wikipedia.org\/wiki\/Xbox\">Xbox<\/a>\u00a0no son compatibles con la Xbox 360.\r\n\r\nLa versi\u00f3n inal\u00e1mbrica requiere de un receptor de juegos inal\u00e1mbrico y funciona con\u00a0<a title=\"Pila el\u00e9ctrica\" href=\"httpss:\/\/es.wikipedia.org\/wiki\/Pila_el%C3%A9ctrica\">bater\u00edas AA<\/a>\u00a0o recargables mientras que la versi\u00f3n con cable simplemente se conecta a los\u00a0<a title=\"Universal Serial Bus\" href=\"httpss:\/\/es.wikipedia.org\/wiki\/Universal_Serial_Bus\">puertos USB<\/a>\u00a0de la\u00a0<a title=\"Videoconsola\" href=\"httpss:\/\/es.wikipedia.org\/wiki\/Videoconsola\">consola<\/a>.","protected":false},"featured_media":3450,"comment_status":"open","ping_status":"closed","template":"","meta":[],"_links":{"self":[{"href":"https:\/\/www.ellogo.com.uy\/web\/wp-json\/wp\/v2\/product\/3446"}],"collection":[{"href":"https:\/\/www.ellogo.com.uy\/web\/wp-json\/wp\/v2\/product"}],"about":[{"href":"https:\/\/www.ellogo.com.uy\/web\/wp-json\/wp\/v2\/types\/product"}],"replies":[{"embeddable":true,"href":"https:\/\/www.ellogo.com.uy\/web\/wp-json\/wp\/v2\/comments?post=3446"}],"wp:featuredmedia":[{"embeddable":true,"href":"https:\/\/www.ellogo.com.uy\/web\/wp-json\/wp\/v2\/media\/3450"}],"wp:attachment":[{"href":"https:\/\/www.ellogo.com.uy\/web\/wp-json\/wp\/v2\/media?parent=3446"}],"curies":[{"name":"wp","href":"https:\/\/api.w.org\/{rel}","templated":true}]}}