{"id":3577,"date":"2019-04-05T17:17:57","date_gmt":"2019-04-05T20:17:57","guid":{"rendered":"http:\/\/www.ellogo.com.uy\/web\/?post_type=product&#038;p=3577"},"modified":"2019-04-05T17:17:57","modified_gmt":"2019-04-05T20:17:57","slug":"portero-electrico-smart-wifi","status":"publish","type":"product","link":"https:\/\/www.ellogo.com.uy\/web\/producto\/portero-electrico-smart-wifi\/","title":{"rendered":"Portero El\u00e9ctrico Smart Wifi"},"content":{"rendered":"<h3>DOOR BELL SMART WIFI KUC284<\/h3>\r\n<h3 class=\"model\">Modelo KUC-284<\/h3>\r\n<span class=\"description\">\u00c1ngulo de visi\u00f3n: 165\u00ba.\r\nSensor: 1.0MP.\r\nBater\u00eda recargable.\r\nWaterproof: IP65.\r\nMonitoreo remoto.\r\nAudio bidireccional.\r\nTarjeta SD hasta 128GB.\r\nVisi\u00f3n diurna y nocturna.\r\nFunci\u00f3n timbre.\r\nProtocolo: P2P.<\/span>","protected":false},"excerpt":{"rendered":"Portero El\u00e9ctrico Smart wifi Kolke KUC-284\r\n\r\n&nbsp;\r\n\r\nTimbre con conexi\u00f3n inal\u00e1mbrica y monitoreo remoto a trav\u00e9s de su smartphone. Funci\u00f3n grabaci\u00f3n con bater\u00eda recargable y visi\u00f3n de 165\u00ba. Tarjetas SD de hasta 128GB","protected":false},"featured_media":3578,"comment_status":"open","ping_status":"closed","template":"","meta":[],"_links":{"self":[{"href":"https:\/\/www.ellogo.com.uy\/web\/wp-json\/wp\/v2\/product\/3577"}],"collection":[{"href":"https:\/\/www.ellogo.com.uy\/web\/wp-json\/wp\/v2\/product"}],"about":[{"href":"https:\/\/www.ellogo.com.uy\/web\/wp-json\/wp\/v2\/types\/product"}],"replies":[{"embeddable":true,"href":"https:\/\/www.ellogo.com.uy\/web\/wp-json\/wp\/v2\/comments?post=3577"}],"wp:featuredmedia":[{"embeddable":true,"href":"https:\/\/www.ellogo.com.uy\/web\/wp-json\/wp\/v2\/media\/3578"}],"wp:attachment":[{"href":"https:\/\/www.ellogo.com.uy\/web\/wp-json\/wp\/v2\/media?parent=3577"}],"curies":[{"name":"wp","href":"https:\/\/api.w.org\/{rel}","templated":true}]}}