{"id":3727,"date":"2019-11-27T16:33:15","date_gmt":"2019-11-27T19:33:15","guid":{"rendered":"http:\/\/www.ellogo.com.uy\/web\/?post_type=product&#038;p=3727"},"modified":"2019-11-27T16:33:15","modified_gmt":"2019-11-27T19:33:15","slug":"parlante-bluetooth-jbl-go2","status":"publish","type":"product","link":"https:\/\/www.ellogo.com.uy\/web\/producto\/parlante-bluetooth-jbl-go2\/","title":{"rendered":"Parlante Bluetooth JBL Go2"},"content":{"rendered":"<div class=\"col-xl-3 col-lg-3 col-md-3 col-sm-3 col-xs-12 Grupo\">\r\n<h5>General<\/h5>\r\n<\/div>\r\n<div class=\"col-xl-9 col-lg-9 col-md-9 col-sm-9 col-xs-12 Subgrupo\">\r\n<div class=\"col\"><label class=\"control-label\">Marca<\/label>\r\nJBL<\/div>\r\n<div class=\"col\"><label class=\"control-label\">Modelo<\/label>\r\nGo2<\/div>\r\n<div class=\"col\"><label class=\"control-label\">Potencia<\/label>\r\n3W<\/div>\r\n<div class=\"col\"><label class=\"control-label\">Tipo<\/label>\r\nPort\u00e1til<\/div>\r\n<div class=\"col\"><label class=\"control-label\">Dise\u00f1o<\/label>\r\nPort\u00e1til<\/div>\r\n<div class=\"col\"><\/div>\r\n<\/div>\r\n<div class=\"col-xl-3 col-lg-3 col-md-3 col-sm-3 col-xs-12 Grupo\">\r\n<h5>Conexiones<\/h5>\r\n<\/div>\r\n<div class=\"col-xl-9 col-lg-9 col-md-9 col-sm-9 col-xs-12 Subgrupo\">\r\n<div class=\"col\"><label class=\"control-label\">Bluetooth<\/label>\r\nSi<\/div>\r\n<div class=\"col\"><label class=\"control-label\">MicroUSB<\/label>\r\nSi<\/div>\r\n<div class=\"col\"><label class=\"control-label\">3.5 mm<\/label>\r\nSi<\/div>\r\n<\/div>\r\n<div class=\"col-xl-3 col-lg-3 col-md-3 col-sm-3 col-xs-12 Grupo\">\r\n<h5>Otros<\/h5>\r\n<\/div>\r\n<div class=\"col-xl-9 col-lg-9 col-md-9 col-sm-9 col-xs-12 Subgrupo\">\r\n<div class=\"col\"><label class=\"control-label\">Frecuencia de respuesta<\/label>\r\n180Hz &#8211; 20KHz<\/div>\r\n<div class=\"col\"><label class=\"control-label\">Control remoto<\/label>\r\nNo<\/div>\r\n<div class=\"col\"><label class=\"control-label\">Caracter\u00edsticas<\/label>\r\nInal\u00e1mbrico , Cableado<\/div>\r\n<div class=\"col\"><label class=\"control-label\">Estado<\/label>\r\nNuevo<\/div>\r\n<\/div>","protected":false},"excerpt":{"rendered":"El JBL GO 2 es un altavoz Bluetooth a prueba de agua para todas las funciones. Transmita m\u00fasica de forma inal\u00e1mbrica a trav\u00e9s de Bluetooth para hasta 5 horas de sonido continuo de calidad JBL. Con un nuevo dise\u00f1o a prueba de agua IPX7, GO 2 brinda a los amantes de la m\u00fasica la oportunidad de llevar su altavoz a la piscina o a la playa. GO 2 tambi\u00e9n ofrece una experiencia de llamada de tel\u00e9fono cristalina con su altavoz incorporado con cancelaci\u00f3n de ruido.","protected":false},"featured_media":3730,"comment_status":"open","ping_status":"closed","template":"","meta":[],"_links":{"self":[{"href":"https:\/\/www.ellogo.com.uy\/web\/wp-json\/wp\/v2\/product\/3727"}],"collection":[{"href":"https:\/\/www.ellogo.com.uy\/web\/wp-json\/wp\/v2\/product"}],"about":[{"href":"https:\/\/www.ellogo.com.uy\/web\/wp-json\/wp\/v2\/types\/product"}],"replies":[{"embeddable":true,"href":"https:\/\/www.ellogo.com.uy\/web\/wp-json\/wp\/v2\/comments?post=3727"}],"wp:featuredmedia":[{"embeddable":true,"href":"https:\/\/www.ellogo.com.uy\/web\/wp-json\/wp\/v2\/media\/3730"}],"wp:attachment":[{"href":"https:\/\/www.ellogo.com.uy\/web\/wp-json\/wp\/v2\/media?parent=3727"}],"curies":[{"name":"wp","href":"https:\/\/api.w.org\/{rel}","templated":true}]}}