{"id":3743,"date":"2019-12-06T15:36:59","date_gmt":"2019-12-06T18:36:59","guid":{"rendered":"http:\/\/www.ellogo.com.uy\/web\/?post_type=product&#038;p=3743"},"modified":"2019-12-06T15:36:59","modified_gmt":"2019-12-06T18:36:59","slug":"teclados-gamer","status":"publish","type":"product","link":"https:\/\/www.ellogo.com.uy\/web\/producto\/teclados-gamer\/","title":{"rendered":"TECLADOS GAMER"},"content":{"rendered":"<h2>\u00bfC\u00f3mo elegir un buen teclado gamer?<\/h2>\r\nCuando vayas a comprar un teclado gamer, aseg\u00farate de que cumpla estas caracter\u00edsticas.\r\n<h3>1. Retroiluminaci\u00f3n<\/h3>\r\nNo es la caracter\u00edstica m\u00e1s importante de un teclado para jugar, pero la mayor\u00eda de marcas incorporan retroiluminaci\u00f3n LED\u00a0<strong>para que las teclas se puedan ver en la oscuridad<\/strong>. En muchos casos, las luces se pueden personalizar o resaltan teclas importantes como la combinaci\u00f3n \u201cW\u201d,\u201dA\u201d,\u201dS\u201d y \u201dD\u201d, que sirve para mover al personaje.\r\n\r\nUn teclado gamer tambi\u00e9n puede cumplir una funci\u00f3n est\u00e9tica. Si tenemos una computadora personalizada con una\u00a0<strong>combinaci\u00f3n espec\u00edfica de colores<\/strong>, lo ideal es que la retroiluminaci\u00f3n del teclado sea igual.\r\n<h3>2. Teclas adicionales<\/h3>\r\nDentro de un videojuego, el personaje puede llevar a cabo ciertas acciones individuales que requieren una combinaci\u00f3n de teclas. El teclado gamer soluciona este problema con teclas adicionales personalizables. Esto tambi\u00e9n nos permite\u00a0<strong>automatizar acciones<\/strong>\u00a0cotidianas en el mismo sistema operativo.\r\n<h3>3. Interruptores mec\u00e1nicos<\/h3>\r\nEsta es una de las caracter\u00edsticas m\u00e1s importantes que debe cumplir un buen teclado para jugar. Aunque cada jugador tiene sus preferencias respecto al tecleo, la mayor\u00eda coincide en que\u00a0<strong>lo ideal es que el teclado sea responsivo y algo crujiente<\/strong>. Los interruptores mec\u00e1nicos nos garantizan eso.\r\n\r\nLos teclados mec\u00e1nicos se diferencian de los de membrana en que\u00a0<strong>cada tecla tiene su propio interruptor<\/strong>\u00a0y, por lo tanto, permite que el teclado reconozca varias pulsaciones al mismo tiempo. Lo malo es que son algo m\u00e1s voluminosos.","protected":false},"excerpt":{"rendered":"Teclado\u00a0 Gamer\u00a0 Multimedia Teclas Luminosas\r\n\r\nTeclado con dise\u00f1o gamer, teclas con iluminacion led y accesos multimedia, cableado usb con malla. Varias marcas.\r\n<h2>\u00bfQu\u00e9 es un teclado gamer?<\/h2>\r\nLos teclados gamer est\u00e1n dise\u00f1ados para\u00a0ofrecer a los videojugadores una experiencia c\u00f3moda. Su funci\u00f3n b\u00e1sica es la de escribir, pero est\u00e1 espec\u00edficamente adaptado para jugar a videojuegos.","protected":false},"featured_media":3747,"comment_status":"open","ping_status":"closed","template":"","meta":[],"_links":{"self":[{"href":"https:\/\/www.ellogo.com.uy\/web\/wp-json\/wp\/v2\/product\/3743"}],"collection":[{"href":"https:\/\/www.ellogo.com.uy\/web\/wp-json\/wp\/v2\/product"}],"about":[{"href":"https:\/\/www.ellogo.com.uy\/web\/wp-json\/wp\/v2\/types\/product"}],"replies":[{"embeddable":true,"href":"https:\/\/www.ellogo.com.uy\/web\/wp-json\/wp\/v2\/comments?post=3743"}],"wp:featuredmedia":[{"embeddable":true,"href":"https:\/\/www.ellogo.com.uy\/web\/wp-json\/wp\/v2\/media\/3747"}],"wp:attachment":[{"href":"https:\/\/www.ellogo.com.uy\/web\/wp-json\/wp\/v2\/media?parent=3743"}],"curies":[{"name":"wp","href":"https:\/\/api.w.org\/{rel}","templated":true}]}}