{"id":3759,"date":"2020-03-23T15:00:46","date_gmt":"2020-03-23T18:00:46","guid":{"rendered":"http:\/\/www.ellogo.com.uy\/web\/?post_type=product&#038;p=3759"},"modified":"2020-03-23T15:01:11","modified_gmt":"2020-03-23T18:01:11","slug":"reloj-inteligente-my-band-4-xiaomi","status":"publish","type":"product","link":"https:\/\/www.ellogo.com.uy\/web\/producto\/reloj-inteligente-my-band-4-xiaomi\/","title":{"rendered":"Reloj Inteligente Mi Band 4 Xiaomi"},"content":{"rendered":"<h2>Caracter\u00edsticas Xiaomi Mi Band 4<\/h2>\r\n<ul>\r\n \t<li>Pantalla: 0.96 pulgadas, AMOLED, t\u00e1ctil, a color<\/li>\r\n \t<li>Sensores: Aceler\u00f3metro de tres ejes, giroscopio de tres ejes, sensor de proximidad, sensor de frecuencia card\u00edaca<\/li>\r\n \t<li>Bater\u00eda: 135mAh<\/li>\r\n \t<li>Conectividad: Bluetooth 5.0<\/li>\r\n \t<li>Resistencia al agua: 5ATM, hasta 50 metros durante 30 minutos.<\/li>\r\n<\/ul>","protected":false},"excerpt":{"rendered":"<span class=\"summary content\">La Xiaomi Mi Band 4 es una pulsera\u00a0 para dispositivos iOS y Android que tiene pantalla a color que ofrece informaci\u00f3n b\u00e1sica, bater\u00eda de larga duraci\u00f3n si no activas el medidor de frecuencia card\u00edaca de forma constante, es resistente al agua, mide tu sue\u00f1o y permite leer notificaciones en el panel.<\/span>","protected":false},"featured_media":3769,"comment_status":"open","ping_status":"closed","template":"","meta":[],"_links":{"self":[{"href":"https:\/\/www.ellogo.com.uy\/web\/wp-json\/wp\/v2\/product\/3759"}],"collection":[{"href":"https:\/\/www.ellogo.com.uy\/web\/wp-json\/wp\/v2\/product"}],"about":[{"href":"https:\/\/www.ellogo.com.uy\/web\/wp-json\/wp\/v2\/types\/product"}],"replies":[{"embeddable":true,"href":"https:\/\/www.ellogo.com.uy\/web\/wp-json\/wp\/v2\/comments?post=3759"}],"wp:featuredmedia":[{"embeddable":true,"href":"https:\/\/www.ellogo.com.uy\/web\/wp-json\/wp\/v2\/media\/3769"}],"wp:attachment":[{"href":"https:\/\/www.ellogo.com.uy\/web\/wp-json\/wp\/v2\/media?parent=3759"}],"curies":[{"name":"wp","href":"https:\/\/api.w.org\/{rel}","templated":true}]}}