{"id":3790,"date":"2020-09-24T15:18:52","date_gmt":"2020-09-24T18:18:52","guid":{"rendered":"http:\/\/www.ellogo.com.uy\/web\/?post_type=product&#038;p=3790"},"modified":"2020-09-24T15:18:53","modified_gmt":"2020-09-24T18:18:53","slug":"pizarra-magica-lcd-8-5-o-12","status":"publish","type":"product","link":"https:\/\/www.ellogo.com.uy\/web\/producto\/pizarra-magica-lcd-8-5-o-12\/","title":{"rendered":"Pizarra M\u00e1gica LCD 8.5&#8243; o 12&#8243;"},"content":{"rendered":"&#8211; Tableta de escritura LCD\r\n&#8211; Tama\u00f1o: 8.5&#8243; y 12&#8243;\r\n&#8211; Funcionamiento: escribe o dibuja con el l\u00e1piz \u00f3ptico y borra todo presionando un bot\u00f3n\r\n&#8211; Material: pl\u00e1stico duradero","protected":false},"excerpt":{"rendered":"&#8211; Tableta de escritura LCD\r\n&#8211; Tama\u00f1o: 8.5&#8243; y 12&#8243;\r\n&#8211; Funcionamiento: escribe o dibuja con el l\u00e1piz \u00f3ptico y borra todo presionando un bot\u00f3n\r\n&#8211; Material: pl\u00e1stico duradero","protected":false},"featured_media":3793,"comment_status":"open","ping_status":"closed","template":"","meta":[],"_links":{"self":[{"href":"https:\/\/www.ellogo.com.uy\/web\/wp-json\/wp\/v2\/product\/3790"}],"collection":[{"href":"https:\/\/www.ellogo.com.uy\/web\/wp-json\/wp\/v2\/product"}],"about":[{"href":"https:\/\/www.ellogo.com.uy\/web\/wp-json\/wp\/v2\/types\/product"}],"replies":[{"embeddable":true,"href":"https:\/\/www.ellogo.com.uy\/web\/wp-json\/wp\/v2\/comments?post=3790"}],"wp:featuredmedia":[{"embeddable":true,"href":"https:\/\/www.ellogo.com.uy\/web\/wp-json\/wp\/v2\/media\/3793"}],"wp:attachment":[{"href":"https:\/\/www.ellogo.com.uy\/web\/wp-json\/wp\/v2\/media?parent=3790"}],"curies":[{"name":"wp","href":"https:\/\/api.w.org\/{rel}","templated":true}]}}