{"id":3898,"date":"2020-11-06T16:04:03","date_gmt":"2020-11-06T19:04:03","guid":{"rendered":"http:\/\/www.ellogo.com.uy\/web\/?post_type=product&#038;p=3898"},"modified":"2020-11-06T16:04:03","modified_gmt":"2020-11-06T19:04:03","slug":"reloj-inteligente-mi-band-5-xiaomi","status":"publish","type":"product","link":"https:\/\/www.ellogo.com.uy\/web\/producto\/reloj-inteligente-mi-band-5-xiaomi\/","title":{"rendered":"Reloj Inteligente Mi Band 5 Xiaomi"},"content":{"rendered":"<h2>Xiaomi Mi Smart Band 5: Caracter\u00edsticas<\/h2>\r\n<ul>\r\n \t<li>Pantalla: 1.1 pulgadas AMOLED<\/li>\r\n \t<li>Resoluci\u00f3n: 126&#215;294 pixeles<\/li>\r\n \t<li>Brillo m\u00e1ximo: 450 nits<\/li>\r\n \t<li>Bater\u00eda: 125mAh (hasta 14 d\u00edas en\u00a0<em>standby)<\/em><\/li>\r\n \t<li>Sensores: PPG (ritmo card\u00edaco), aceler\u00f3metro de 3 ejes y giroscopio de 3 ejes<\/li>\r\n \t<li>Resistencia al agua: 5 ATM<\/li>\r\n \t<li>Compatibilidad: Android 5.0 o superior, iOS 10.0 o superior (iPhone) y Bluetooth 5.0 BLE o superior<\/li>\r\n \t<li>Dimensiones: 46.95&#215;18.15&#215;12.45mm<\/li>\r\n<\/ul>","protected":false},"excerpt":{"rendered":"La pulsera de actividad Xiaomi Mi Smart Band 5 llega con una pantalla m\u00e1s grande, cargador magn\u00e9tico, mejoras en la detecci\u00f3n de ritmo card\u00edaco y m\u00e1s modos de detecci\u00f3n de actividad.\r\n\r\nConsulte disponibilidad de stock","protected":false},"featured_media":3902,"comment_status":"open","ping_status":"closed","template":"","meta":[],"_links":{"self":[{"href":"https:\/\/www.ellogo.com.uy\/web\/wp-json\/wp\/v2\/product\/3898"}],"collection":[{"href":"https:\/\/www.ellogo.com.uy\/web\/wp-json\/wp\/v2\/product"}],"about":[{"href":"https:\/\/www.ellogo.com.uy\/web\/wp-json\/wp\/v2\/types\/product"}],"replies":[{"embeddable":true,"href":"https:\/\/www.ellogo.com.uy\/web\/wp-json\/wp\/v2\/comments?post=3898"}],"wp:featuredmedia":[{"embeddable":true,"href":"https:\/\/www.ellogo.com.uy\/web\/wp-json\/wp\/v2\/media\/3902"}],"wp:attachment":[{"href":"https:\/\/www.ellogo.com.uy\/web\/wp-json\/wp\/v2\/media?parent=3898"}],"curies":[{"name":"wp","href":"https:\/\/api.w.org\/{rel}","templated":true}]}}