{"id":3941,"date":"2021-03-22T14:33:11","date_gmt":"2021-03-22T17:33:11","guid":{"rendered":"http:\/\/www.ellogo.com.uy\/web\/?post_type=product&#038;p=3941"},"modified":"2021-03-22T14:33:11","modified_gmt":"2021-03-22T17:33:11","slug":"impresora-epson-l3150","status":"publish","type":"product","link":"https:\/\/www.ellogo.com.uy\/web\/producto\/impresora-epson-l3150\/","title":{"rendered":"Impresora Epson L3150"},"content":{"rendered":"<div class=\"text-row\">\r\n<h4><b>Imprimir:<\/b><\/h4>\r\n\r\n<hr \/>\r\n\r\n<b>Tecnolog\u00eda de Impresi\u00f3n:\u00a0<\/b>Inyecci\u00f3n de tinta MicroPiezo\u00ae de 4 colores (CMYK)<\/div>\r\n<div class=\"text-row\"><b>Resoluci\u00f3n M\u00e1xima de Impresi\u00f3n:\u00a0<\/b>Hasta 5760 x 1440 dpi de resoluci\u00f3n optimizada en varios tipos de papel<\/div>\r\n<div class=\"text-row\"><b>Velocidad de Impresi\u00f3n ISO:\u00a0<\/b>Negro 10.5 ISO ppm y color 5 ISO ppm<\/div>\r\n<div class=\"text-row\"><b>Velocidad de Impresi\u00f3n:\u00a0<\/b>Negro 33 ppm y color 15 ppm<\/div>\r\n<div class=\"text-row\"><b>Tama\u00f1o M\u00ednimo de la Gota de Tinta:<\/b>3 picolitros<\/div>\r\n<div class=\"text-row\">\r\n<h4><b>General:<\/b><\/h4>\r\n\r\n<hr \/>\r\n\r\n<b>Sistemas de Operaci\u00f3n:<\/b>Windows Vista\u00ae\/Windows\u00ae 7\/Windows\u00ae 8\/8.1\/Windows\u00ae 10 (32bit\/64bit), Windows Server\u00ae 2003 SP2 \u2013 Windows Server\u00ae 20167, Mac OS X 10.6.8 \u2013 Mac OS 10.13.x8<\/div>\r\n<div class=\"text-row\"><b>Dimensiones:<\/b>\r\n<ul>\r\n \t<li>Abierto: 375 x 578 x 253 mm<\/li>\r\n \t<li>Cerrado: 375 x 347 x 179 mm<\/li>\r\n<\/ul>\r\n<b>Peso:<\/b>3.9 Kg<\/div>\r\n<div class=\"text-row\"><b>Funciones ECO:<\/b>\r\n<ul>\r\n \t<li>Cumple las normas de ENERGY STAR\u00ae<\/li>\r\n \t<li>Cumple la directiva RoHS<\/li>\r\n<\/ul>\r\n<b>Pa\u00eds de Origen:\u00a0<\/b>Filipinas<\/div>\r\n<div class=\"text-row\"><b>Garant\u00eda:<\/b>1 a\u00f1os con registro del producto<\/div>\r\n<div class=\"text-row\">\r\n<h4><b>Copiar:<\/b><\/h4>\r\n\r\n<hr \/>\r\n\r\n<b>Calidad de Copia:<\/b>720 x 720 dpi<\/div>\r\n<div class=\"text-row\"><b>Cantidad de Copias:<\/b>1-20 copias (sin PC)<\/div>\r\n<div class=\"text-row\"><b>M\u00e1ximo Tama\u00f1o de Copia:<\/b>A4, carta<\/div>","protected":false},"excerpt":{"rendered":"La impresora multifuncional inal\u00e1mbrica EcoTank L3150 te ofrece la revolucionaria impresi\u00f3n sin cartuchos, con nuevo dise\u00f1o de tanques frontales, botellas de tinta con llenado autom\u00e1tico y codificadas para llenado f\u00e1cil de cada color. Con gran econom\u00eda y tranquilidad en la impresi\u00f3n, la EcoTank L3150 te permite imprimir hasta 7.500 p\u00e1ginas a color<sup>1<\/sup>\u00a0o 4.500 p\u00e1ginas en negro<sup>1<\/sup>\u00a0con calidad profesional y alta velocidad\u2020. Imprime cientos de proyectos sin interrupciones, con los juegos de botellas de tinta original Epson que equivalen a unos 35 juegos de cartuchos de tinta<sup>2<\/sup>, ahorrando hasta 90% en tinta con las botellas de reemplazo de bajo costo<sup>3<\/sup>.\r\n\r\nSistema de tanque de tinta de super alta capacidad y econom\u00eda\r\n\r\nCosto de impresi\u00f3n ultra bajo\r\n\r\nInal\u00e1mbrica\r\n\r\nConsulte disponibilidad de stock.","protected":false},"featured_media":3945,"comment_status":"open","ping_status":"closed","template":"","meta":[],"_links":{"self":[{"href":"https:\/\/www.ellogo.com.uy\/web\/wp-json\/wp\/v2\/product\/3941"}],"collection":[{"href":"https:\/\/www.ellogo.com.uy\/web\/wp-json\/wp\/v2\/product"}],"about":[{"href":"https:\/\/www.ellogo.com.uy\/web\/wp-json\/wp\/v2\/types\/product"}],"replies":[{"embeddable":true,"href":"https:\/\/www.ellogo.com.uy\/web\/wp-json\/wp\/v2\/comments?post=3941"}],"wp:featuredmedia":[{"embeddable":true,"href":"https:\/\/www.ellogo.com.uy\/web\/wp-json\/wp\/v2\/media\/3945"}],"wp:attachment":[{"href":"https:\/\/www.ellogo.com.uy\/web\/wp-json\/wp\/v2\/media?parent=3941"}],"curies":[{"name":"wp","href":"https:\/\/api.w.org\/{rel}","templated":true}]}}