{"id":4018,"date":"2022-07-20T17:16:56","date_gmt":"2022-07-20T20:16:56","guid":{"rendered":"http:\/\/www.ellogo.com.uy\/web\/?post_type=product&#038;p=4018"},"modified":"2022-07-20T17:16:56","modified_gmt":"2022-07-20T20:16:56","slug":"pc-gamer","status":"publish","type":"product","link":"https:\/\/www.ellogo.com.uy\/web\/producto\/pc-gamer\/","title":{"rendered":"PC Gamer"},"content":{"rendered":"ITL i3-10105 Core 3.70Ghz 6MB LGA1200 10th Gen\r\n\r\nGigabyte &#8211; H410M H V2 &#8211; Motherboard &#8211; Micro ATX &#8211; LGA1200 So\r\n\r\nKVR 8GB 2666MHz DDR4 Non-ECC CL19 DIMM 1Rx8\r\n\r\nWD SSD Green 240gb 2.5&#8243; Int SATA 3D\r\n\r\nHsi Warrior Modoc RGB Mid tower ATX Black 3 RGB Fans\r\n\r\nHSI- Power supplu \u2013 600 Watt \u2013 Ac 200\/208\/240V \u2013 Seasonic A12 80+\r\n\r\nWindows 10 64 Bits (Free Dos)\r\n\r\n&nbsp;\r\n\r\n&nbsp;","protected":false},"excerpt":{"rendered":"Si deseas entrar en el mundo <em>gaming<\/em> no debes tener dudas: la PC es la mejor opci\u00f3n para hacerlo. En ella se pueden ejecutar los juegos a la m\u00e1xima calidad posible y es donde terminan llegando todos los t\u00edtulos del mercado, muchos de ellos dise\u00f1ados para el PC.\r\n\r\nLas PC <em>gamer<\/em>\u00a0presentan unos\u00a0dise\u00f1os impresionantes, existen configuraciones para todos los niveles, y su vida \u00fatil es mucho m\u00e1s larga que la de cualquier otra alternativa para jugar. Por no hablar de que nos sirven como herramienta para trabajar, estudiar o comunicarnos.\r\n\r\n&nbsp;\r\n\r\nConsulte disponibilidad, im\u00e1genes ilustrativas.","protected":false},"featured_media":4019,"comment_status":"open","ping_status":"closed","template":"","meta":[],"_links":{"self":[{"href":"https:\/\/www.ellogo.com.uy\/web\/wp-json\/wp\/v2\/product\/4018"}],"collection":[{"href":"https:\/\/www.ellogo.com.uy\/web\/wp-json\/wp\/v2\/product"}],"about":[{"href":"https:\/\/www.ellogo.com.uy\/web\/wp-json\/wp\/v2\/types\/product"}],"replies":[{"embeddable":true,"href":"https:\/\/www.ellogo.com.uy\/web\/wp-json\/wp\/v2\/comments?post=4018"}],"wp:featuredmedia":[{"embeddable":true,"href":"https:\/\/www.ellogo.com.uy\/web\/wp-json\/wp\/v2\/media\/4019"}],"wp:attachment":[{"href":"https:\/\/www.ellogo.com.uy\/web\/wp-json\/wp\/v2\/media?parent=4018"}],"curies":[{"name":"wp","href":"https:\/\/api.w.org\/{rel}","templated":true}]}}