{"id":4037,"date":"2022-08-08T14:58:45","date_gmt":"2022-08-08T17:58:45","guid":{"rendered":"http:\/\/www.ellogo.com.uy\/web\/?post_type=product&#038;p=4037"},"modified":"2022-08-08T14:58:45","modified_gmt":"2022-08-08T17:58:45","slug":"banda-deportiva-xiaomi-smart-band-7","status":"publish","type":"product","link":"https:\/\/www.ellogo.com.uy\/web\/producto\/banda-deportiva-xiaomi-smart-band-7\/","title":{"rendered":"Banda deportiva Xiaomi Smart Band 7"},"content":{"rendered":"<div class=\"div4\">\r\n<div class=\"div5\">\r\n<div class=\"div6\">\r\n<div class=\"text-container-347\"><span class=\"xm-text split_text430\" data-key=\"spec_1\" data-type=\"text\" data-id=\"9dusnzt06y\">Dimensiones<\/span><\/div>\r\n<\/div>\r\n<div class=\"div7\"><span class=\"xm-text split_text429\" data-key=\"spec_2\" data-type=\"text\" data-id=\"rj6axa1y6k\">46,5 mm\u00a0x\u00a020,7 mm\u00a0x\u00a012,25 mm<\/span><\/div>\r\n<\/div>\r\n<div class=\"div8\"><span class=\"xm-text split_text428\" data-key=\"spec_3\" data-type=\"text\" data-id=\"khan0b2qsc\">*Las dimensiones de altura, anchura y grosor excluyen la correa y los salientes<\/span><\/div>\r\n<div class=\"div9\"><span class=\"xm-text split_text427\" data-key=\"spec_4\" data-type=\"text\" data-id=\"ubvx18xjyh\">Peso: 13,5\u00a0g<\/span><\/div>\r\n<\/div>\r\n<div class=\"line\"><\/div>\r\n<div class=\"div10\">\r\n<div class=\"div11\">\r\n<div class=\"div12\"><span class=\"xm-text split_text426\" data-key=\"spec_5\" data-type=\"text\" data-id=\"dakbtebz6c\">Correa de la pulsera<\/span><\/div>\r\n<div class=\"div13\"><span class=\"xm-text split_text425\" data-key=\"spec_6\" data-type=\"text\" data-id=\"vqpvj5ovfd\">Tama\u00f1o: 160-224 mm<\/span><\/div>\r\n<\/div>\r\n<div class=\"div14\"><span class=\"xm-text split_text424\" data-key=\"spec_7\" data-type=\"text\" data-id=\"05h4fh0t63\">Material: TPU<\/span><\/div>\r\n<div class=\"spacer\"><\/div>\r\n<div class=\"div15\"><span class=\"xm-text split_text423\" data-key=\"spec_8\" data-type=\"text\" data-id=\"2hmadvpf9m\">Hebilla de la pulsera: aleaci\u00f3n de aluminio<\/span><\/div>\r\n<\/div>\r\n<div class=\"line\"><\/div>\r\n<div class=\"div16\">\r\n<div class=\"div17\">\r\n<div class=\"div18\"><span class=\"xm-text split_text422\" data-key=\"spec_9\" data-type=\"text\" data-id=\"you8g4jvd1\">Pantalla<\/span><\/div>\r\n<div class=\"div19\"><span class=\"xm-text split_text421\" data-key=\"spec_10\" data-type=\"text\" data-id=\"vdoqjr4io6\">Pantalla t\u00e1ctil AMOLED de 1,62&#8243;<\/span><\/div>\r\n<\/div>\r\n<div class=\"div20\">\r\n<div class=\"text-container-337\"><span class=\"xm-text split_text418\" data-key=\"spec_11\" data-type=\"text\" data-id=\"a6bzmpb4fx\">Resoluci\u00f3n: 192\u00a0x\u00a0490\u00a0p\u00edxeles, 326\u00a0ppp<\/span><\/div>\r\n<\/div>\r\n<div class=\"div21\"><span class=\"xm-text split_text417\" data-key=\"spec_12\" data-type=\"text\" data-id=\"bve4sxdrlj\">Brillo: hasta 500\u00a0nits, ajustable<\/span><\/div>\r\n<div class=\"div22\"><span class=\"xm-text split_text416\" data-key=\"spec_13\" data-type=\"text\" data-id=\"lxmc0oa3q5\">Cristal templado con revestimiento antihuellas<\/span><\/div>\r\n<div class=\"div23\"><span class=\"xm-text split_text415\" data-key=\"spec_14\" data-type=\"text\" data-id=\"sion62togf\">Dise\u00f1os de pantalla: m\u00e1s de 100<\/span><\/div>\r\n<div class=\"div24\"><span class=\"xm-text split_text414\" data-key=\"spec_15\" data-type=\"text\" data-id=\"h8lrx09hiz\">\u00c1rea de visualizaci\u00f3n aproximadamente un 25\u00a0% mayor* *El \u00e1rea de visualizaci\u00f3n de la Xiaomi Smart Band 7 es aproximadamente un 25\u00a0% mayor que el de la Mi Smart Band 6. Datos obtenidos de Huami Labs.<\/span><\/div>\r\n<\/div>\r\n<div class=\"line\"><\/div>\r\n<div class=\"div25\">\r\n<div class=\"div26\"><span class=\"xm-text split_text413\" data-key=\"spec_16\" data-type=\"text\" data-id=\"uf51m2er3q\">Sensores<\/span><\/div>\r\n<div class=\"div27\"><span class=\"xm-text split_text412\" data-key=\"spec_17\" data-type=\"text\" data-id=\"meydh5f35n\">Sensor de 6\u00a0ejes de alta precisi\u00f3n y sensor de frecuencia cardiaca PPG: Aceler\u00f3metro de 3\u00a0ejes de bajo consumo y giroscopio de 3\u00a0ejes Sensor de frecuencia cardiaca PPG<\/span><\/div>\r\n<\/div>\r\n<div class=\"line\"><\/div>\r\n<div class=\"div28\">\r\n<div class=\"div29\">\r\n<div class=\"div30\"><span class=\"xm-text split_text411\" data-key=\"spec_18\" data-type=\"text\" data-id=\"0nvr9xxwz1\">Bater\u00eda<\/span><\/div>\r\n<div class=\"div31\"><span class=\"xm-text split_text410\" data-key=\"spec_19\" data-type=\"text\" data-id=\"4rrndawiif\">Tipo de carga: carga magn\u00e9tica<\/span><\/div>\r\n<\/div>\r\n<div class=\"div32\"><span class=\"xm-text split_text409\" data-key=\"spec_20\" data-type=\"text\" data-id=\"g4g05qpni9\">Tiempo de carga: \u22642 horas<\/span><\/div>\r\n<div class=\"div33\"><span class=\"xm-text split_text408\" data-key=\"spec_21\" data-type=\"text\" data-id=\"u0alwci9if\">Tiempo de uso t\u00edpico: \u226514 d\u00edas<\/span><\/div>\r\n<div class=\"div34\"><span class=\"xm-text split_text407\" data-key=\"spec_22\" data-type=\"text\" data-id=\"w6aett70u2\">Capacidad: 180\u00a0mAh<\/span><\/div>\r\n<\/div>\r\n<div class=\"line\"><\/div>\r\n<div class=\"div35\">\r\n<div class=\"div36\">\r\n<div class=\"div37\"><span class=\"xm-text split_text406\" data-key=\"spec_23\" data-type=\"text\" data-id=\"mu6vygcazl\">Aptitud f\u00edsica<\/span><\/div>\r\n<div class=\"div38\"><span class=\"xm-text split_text405\" data-key=\"spec_24\" data-type=\"text\" data-id=\"22y4kabwkg\">M\u00e1s de 110 modos deportivos<\/span><\/div>\r\n<\/div>\r\n<div class=\"div39\"><span class=\"xm-text split_text404\" data-key=\"spec_25\" data-type=\"text\" data-id=\"9s3pw9k6qu\">5 modos de detecci\u00f3n autom\u00e1tica: correr al aire libre, caminar, cinta de correr, m\u00e1quina de remo y el\u00edptica<\/span><\/div>\r\n<div class=\"div40\"><span class=\"xm-text split_text403\" data-key=\"spec_26\" data-type=\"text\" data-id=\"src8fbcw34\">M\u00e1s funciones<\/span><\/div>\r\n<div class=\"div41\">\r\n<div class=\"text-container-321\"><span class=\"xm-text split_text400\" data-key=\"spec_27\" data-type=\"text\" data-id=\"iyr0d3ztfh\">VO\u2082 m\u00e1x<\/span><\/div>\r\n<\/div>\r\n<div class=\"div42\"><span class=\"xm-text split_text399\" data-key=\"spec_28\" data-type=\"text\" data-id=\"2ypjurwsl4\">Efecto de entrenamiento<\/span><\/div>\r\n<div class=\"div43\"><span class=\"xm-text split_text398\" data-key=\"spec_29\" data-type=\"text\" data-id=\"1dtac88c7t\">Carga de entrenamiento<\/span><\/div>\r\n<div class=\"div44\"><span class=\"xm-text split_text397\" data-key=\"spec_30\" data-type=\"text\" data-id=\"dqq4abce7y\">Duraci\u00f3n de la recuperaci\u00f3n<\/span><\/div>\r\n<\/div>\r\n<div class=\"line\"><\/div>\r\n<div class=\"div45\">\r\n<div class=\"div46\">\r\n<div class=\"div47\"><span class=\"xm-text split_text396\" data-key=\"spec_31\" data-type=\"text\" data-id=\"9uh92ywnpa\">Salud<\/span><\/div>\r\n<div class=\"div48\"><span class=\"xm-text split_text395\" data-key=\"spec_32\" data-type=\"text\" data-id=\"dyxqskcsek\">Monitorizaci\u00f3n de la frecuencia cardiaca<\/span><\/div>\r\n<\/div>\r\n<div class=\"div49\">\r\n<div class=\"text-container-315\"><span class=\"xm-text split_text392\" data-key=\"spec_33\" data-type=\"text\" data-id=\"zl2hc9zkha\">Seguimiento del SpO\u2082<\/span><\/div>\r\n<\/div>\r\n<div class=\"div50\">\r\n<div class=\"text-container-314\"><span class=\"xm-text split_text391\" data-key=\"spec_34\" data-type=\"text\" data-id=\"2ip8pp0wu0\">*La funci\u00f3n del SpO\u2082 no se ha dise\u00f1ado para el diagn\u00f3stico, la prevenci\u00f3n, la supervisi\u00f3n, la predicci\u00f3n ni el pron\u00f3stico de ninguna enfermedad, as\u00ed como tampoco para la investigaci\u00f3n de procesos fisiol\u00f3gicos ni cualquier otro prop\u00f3sito m\u00e9dico. Todos los datos y el seguimiento deben utilizarse \u00fanicamente como referencia personal y de bienestar. Si no te encuentras bien, utiliza dispositivos m\u00e9dicos profesionales o consulta a un m\u00e9dico para obtener ayuda.<\/span><\/div>\r\n<\/div>\r\n<div class=\"div51\"><span class=\"xm-text split_text388\" data-key=\"spec_35\" data-type=\"text\" data-id=\"fv2udtijtt\">Seguimiento del sue\u00f1o (sue\u00f1o profundo, sue\u00f1o ligero, REM y siestas)<\/span><\/div>\r\n<div class=\"div52\"><span class=\"xm-text split_text387\" data-key=\"spec_36\" data-type=\"text\" data-id=\"ej8iy5pfsr\">Seguimiento de la calidad de la respiraci\u00f3n durante el sue\u00f1o<\/span><\/div>\r\n<div class=\"div53\"><span class=\"xm-text split_text386\" data-key=\"spec_37\" data-type=\"text\" data-id=\"e4nw7wzjob\">Seguimiento de la salud femenina<\/span><\/div>\r\n<div class=\"div54\"><span class=\"xm-text split_text385\" data-key=\"spec_38\" data-type=\"text\" data-id=\"vpnr80ltgi\">*Esta funci\u00f3n no debe utilizarse con fines m\u00e9dicos. Es posible que no prediga con precisi\u00f3n tus ciclos menstruales o la informaci\u00f3n relacionada. Todos los datos y el seguimiento deben utilizarse \u00fanicamente como referencia personal.<\/span><\/div>\r\n<div class=\"div55\"><span class=\"xm-text split_text384\" data-key=\"spec_39\" data-type=\"text\" data-id=\"5yw3y6svn1\">Monitorizaci\u00f3n del estr\u00e9s, ejercicios de respiraci\u00f3n PAI (inteligencia de actividad personal)<\/span><\/div>\r\n<\/div>\r\n<div class=\"line\"><\/div>\r\n<div class=\"div56\">\r\n<div class=\"div57\">\r\n<div class=\"div58\"><span class=\"xm-text split_text383\" data-key=\"spec_40\" data-type=\"text\" data-id=\"gtgh0tq0g0\">Especificaciones<\/span><\/div>\r\n<div class=\"div59\"><span class=\"xm-text split_text382\" data-key=\"spec_41\" data-type=\"text\" data-id=\"48bgho8pr4\">Resistencia al agua de 5\u00a0ATM*<\/span><\/div>\r\n<\/div>\r\n<div class=\"div60\"><span class=\"xm-text split_text381\" data-key=\"spec_42\" data-type=\"text\" data-id=\"ikp61hjde1\">Aplicaci\u00f3n: Mi Fitness<\/span><\/div>\r\n<div class=\"div61\"><span class=\"xm-text split_text380\" data-key=\"spec_43\" data-type=\"text\" data-id=\"fohq1jou43\">Bluetooth 5.2 BLE<\/span><\/div>\r\n<div class=\"div62\"><span class=\"xm-text split_text379\" data-key=\"spec_44\" data-type=\"text\" data-id=\"pdt37j5xgs\">Sistema operativo: Android 6.0 o versiones posteriores; iOS 10 o versiones posteriores<\/span><\/div>\r\n<div class=\"div63\"><span class=\"xm-text split_text378\" data-key=\"spec_45\" data-type=\"text\" data-id=\"qmw48chpbn\">Idioma del sistema: Ingl\u00e9s, alem\u00e1n, italiano, franc\u00e9s, espa\u00f1ol, holand\u00e9s, portugu\u00e9s. El idioma del sistema puede variar seg\u00fan la ubicaci\u00f3n.<\/span><\/div>\r\n<\/div>","protected":false},"excerpt":{"rendered":"<h3 class=\"content__summary-title\">Mismo dise\u00f1o pero con mayor pantalla<\/h3>\r\n<p id=\"paragraph_3\" data-mrf-recirculation=\"links-parrafos\">El dise\u00f1o de la Xiaomi Mi Smart Band no ha cambiado mucho desde su origen, lo que tiene sentido dado que funciona y es bastante reconocible. En la caja de venta solo tenemos la pulsera junto con el cable de carga, con pines magn\u00e9ticos en un lado y el conector USB A en el otro, para que lo enchufemos a un cargador o a una computadora.<\/p>\r\n<p data-mrf-recirculation=\"links-parrafos\"><\/p>\r\n<p data-mrf-recirculation=\"links-parrafos\">La correa sigue siendo de silicona, agradable al tacto, y con posibilidad de cambiarla por otra si se nos rompe.<\/p>\r\n<p data-mrf-recirculation=\"links-parrafos\"><\/p>\r\n<p id=\"paragraph_6\" data-mrf-recirculation=\"links-parrafos\">Como es l\u00f3gico, podemos sumergir la pulsera hasta 50 metros de profundidad, al tener resistencia al agua de 5 ATM.<\/p>\r\n<p data-mrf-recirculation=\"links-parrafos\"><\/p>\r\n<p data-mrf-recirculation=\"links-parrafos\">La pantalla sigue siendo t\u00e1ctil, y permite navegar con ciertos gestos o pulsar en las opciones que queramos activar.<\/p>\r\n<p data-mrf-recirculation=\"links-parrafos\"><\/p>\r\n<p data-mrf-recirculation=\"links-parrafos\">Consulte Disponibilidad<\/p>","protected":false},"featured_media":4039,"comment_status":"open","ping_status":"closed","template":"","meta":[],"_links":{"self":[{"href":"https:\/\/www.ellogo.com.uy\/web\/wp-json\/wp\/v2\/product\/4037"}],"collection":[{"href":"https:\/\/www.ellogo.com.uy\/web\/wp-json\/wp\/v2\/product"}],"about":[{"href":"https:\/\/www.ellogo.com.uy\/web\/wp-json\/wp\/v2\/types\/product"}],"replies":[{"embeddable":true,"href":"https:\/\/www.ellogo.com.uy\/web\/wp-json\/wp\/v2\/comments?post=4037"}],"wp:featuredmedia":[{"embeddable":true,"href":"https:\/\/www.ellogo.com.uy\/web\/wp-json\/wp\/v2\/media\/4039"}],"wp:attachment":[{"href":"https:\/\/www.ellogo.com.uy\/web\/wp-json\/wp\/v2\/media?parent=4037"}],"curies":[{"name":"wp","href":"https:\/\/api.w.org\/{rel}","templated":true}]}}