{"id":4065,"date":"2022-08-08T18:21:15","date_gmt":"2022-08-08T21:21:15","guid":{"rendered":"http:\/\/www.ellogo.com.uy\/web\/?post_type=product&#038;p=4065"},"modified":"2022-08-08T18:21:15","modified_gmt":"2022-08-08T21:21:15","slug":"auricular-bt-jbl-wave100-tws","status":"publish","type":"product","link":"https:\/\/www.ellogo.com.uy\/web\/producto\/auricular-bt-jbl-wave100-tws\/","title":{"rendered":"Auricular BT JBL Wave100 tws"},"content":{"rendered":"Caracter\u00edsticas generales\r\n<table style=\"font-weight: 400;\">\r\n<tbody style=\"font-weight: inherit;\">\r\n<tr style=\"font-weight: inherit;\">\r\n<th style=\"font-weight: 400;\"><\/th>\r\n<td>Versi\u00f3n Bluetooth\r\n\r\n5.0\r\n\r\nMaterial del tap\u00f3n del auricular\r\n\r\nSilicon\r\n\r\nDriver (mm)\r\n\r\n8<\/td>\r\n<\/tr>\r\n<\/tbody>\r\n<\/table>\r\nCaracter\u00edsticas de audio\r\n<table style=\"font-weight: 400;\">\r\n<tbody style=\"font-weight: inherit;\">\r\n<tr style=\"font-weight: inherit;\">\r\n<th style=\"font-weight: 400;\"><\/th>\r\n<td>Sensibilidad del driver a 1kHz1mW (dB)\r\n\r\n105.5\r\n\r\nRespuesta de frecuencia din\u00e1mica\r\n\r\n20 Hz \u2013 20 kHz\r\n\r\nImpedancia de entrada (ohms)\r\n\r\n16\r\n\r\nN\u00famero de drivers por auricular\r\n\r\n1<\/td>\r\n<\/tr>\r\n<\/tbody>\r\n<\/table>\r\nCaracter\u00edsticas de control y conexi\u00f3n\r\n<table style=\"font-weight: 400;\">\r\n<tbody style=\"font-weight: inherit;\">\r\n<tr style=\"font-weight: inherit;\">\r\n<th style=\"font-weight: 400;\"><\/th>\r\n<td>Perfiles Bluetooth\r\n\r\nA2DP 1.3, AVRCP 1.6, HFP 1.7\r\n\r\nRango de frecuencia de transmisi\u00f3n Bluetooth\r\n\r\n2.4 GHz \u2013 2.4835 GHz\r\n\r\nTransmisi\u00f3n de modulaci\u00f3n GFSK v\u00eda Bluetooth\r\n\r\nGFSK, \u03c0\/4-DQPSK, 8-DPSK\r\n\r\nPotencia de transmisi\u00f3n Bluetooth\r\n\r\n0 &#8211; 10dbm<\/td>\r\n<\/tr>\r\n<\/tbody>\r\n<\/table>\r\nBater\u00eda\r\n<table style=\"font-weight: 400;\">\r\n<tbody style=\"font-weight: inherit;\">\r\n<tr style=\"font-weight: inherit;\">\r\n<th style=\"font-weight: 400;\"><\/th>\r\n<td>Tiempo de carga (horas)\r\n\r\n2\r\n\r\nTiempo de juego m\u00e1ximo (horas)\r\n\r\n5<\/td>\r\n<\/tr>\r\n<\/tbody>\r\n<\/table>\r\nCaracter\u00edsticas\r\n<table style=\"font-weight: 400;\">\r\n<tbody style=\"font-weight: inherit;\">\r\n<tr style=\"font-weight: inherit;\">\r\n<th style=\"font-weight: 400;\"><\/th>\r\n<td>Bluetooth\r\n\r\nS\u00ed\r\n\r\nIntegraci\u00f3n con asistente de voz\r\n\r\nS\u00ed\r\n\r\nMicr\u00f3fono integrado\r\n\r\nS\u00ed\r\n\r\nEstuche de carga\r\n\r\nS\u00ed\r\n\r\nLlamadas con manos libres\r\n\r\nS\u00ed\r\n\r\nBater\u00eda recargable\r\n\r\nS\u00ed\r\n\r\nTrue Wireless\r\n\r\nS\u00ed\r\n\r\nInal\u00e1mbrico\r\n\r\nS\u00ed<\/td>\r\n<\/tr>\r\n<\/tbody>\r\n<\/table>","protected":false},"excerpt":{"rendered":"\u00bfGran sonido, sin cables? Simple: JBL Wave 100TWS. Con el sonido JBL Deep Bass, estos auriculares True Wireless ponen color a tu d\u00eda con hasta 20 horas de reproducci\u00f3n. Librarse de los cables significa disfrutar de llamadas manos libres y de una comodidad absoluta. Pareados al instante e independientes gracias a la conexi\u00f3n dual, la m\u00fasica, las llamadas y el asistente de voz se pueden controlar desde los auriculares para que puedas seguir fluyendo.","protected":false},"featured_media":4069,"comment_status":"open","ping_status":"closed","template":"","meta":[],"_links":{"self":[{"href":"https:\/\/www.ellogo.com.uy\/web\/wp-json\/wp\/v2\/product\/4065"}],"collection":[{"href":"https:\/\/www.ellogo.com.uy\/web\/wp-json\/wp\/v2\/product"}],"about":[{"href":"https:\/\/www.ellogo.com.uy\/web\/wp-json\/wp\/v2\/types\/product"}],"replies":[{"embeddable":true,"href":"https:\/\/www.ellogo.com.uy\/web\/wp-json\/wp\/v2\/comments?post=4065"}],"wp:featuredmedia":[{"embeddable":true,"href":"https:\/\/www.ellogo.com.uy\/web\/wp-json\/wp\/v2\/media\/4069"}],"wp:attachment":[{"href":"https:\/\/www.ellogo.com.uy\/web\/wp-json\/wp\/v2\/media?parent=4065"}],"curies":[{"name":"wp","href":"https:\/\/api.w.org\/{rel}","templated":true}]}}