{"id":4131,"date":"2022-10-24T16:11:46","date_gmt":"2022-10-24T19:11:46","guid":{"rendered":"https:\/\/www.ellogo.com.uy\/web\/?post_type=product&#038;p=4131"},"modified":"2022-10-24T16:11:46","modified_gmt":"2022-10-24T19:11:46","slug":"microondas-xion","status":"publish","type":"product","link":"https:\/\/www.ellogo.com.uy\/web\/producto\/microondas-xion\/","title":{"rendered":"Microondas Xion"},"content":{"rendered":"<h2 class=\"ui-pdp-description__title\">Descripci\u00f3n<\/h2>\r\n<p class=\"ui-pdp-description__content\">700W\r\n\r\n20L de capacidad\r\n\r\nPlato giratorio\r\n\r\nPuerta con sistema de seguridad\r\n\r\nAuto Men\u00fa\r\n\r\nReloj\r\n\r\nTemporizador de cocina\r\n\r\nCocci\u00f3n de varias etapas\r\n\r\nDescongelar por peso\r\n\r\nDescongelar por tiempo\r\n\r\nAgregar 30 segundos\r\n\r\nSe\u00f1al de fin de cocci\u00f3n<\/p>","protected":false},"excerpt":{"rendered":"Modelo XI-MW20\r\n\r\nMuy f\u00e1cil manejo, haga esas recetas f\u00e1ciles y r\u00e1pidas que siempre quiso.\r\n\r\n&nbsp;\r\n\r\n&nbsp;\r\n\r\n&nbsp;\r\n\r\nConsulte disponibilidad","protected":false},"featured_media":4133,"comment_status":"open","ping_status":"closed","template":"","meta":[],"_links":{"self":[{"href":"https:\/\/www.ellogo.com.uy\/web\/wp-json\/wp\/v2\/product\/4131"}],"collection":[{"href":"https:\/\/www.ellogo.com.uy\/web\/wp-json\/wp\/v2\/product"}],"about":[{"href":"https:\/\/www.ellogo.com.uy\/web\/wp-json\/wp\/v2\/types\/product"}],"replies":[{"embeddable":true,"href":"https:\/\/www.ellogo.com.uy\/web\/wp-json\/wp\/v2\/comments?post=4131"}],"wp:featuredmedia":[{"embeddable":true,"href":"https:\/\/www.ellogo.com.uy\/web\/wp-json\/wp\/v2\/media\/4133"}],"wp:attachment":[{"href":"https:\/\/www.ellogo.com.uy\/web\/wp-json\/wp\/v2\/media?parent=4131"}],"curies":[{"name":"wp","href":"https:\/\/api.w.org\/{rel}","templated":true}]}}