{"id":4145,"date":"2022-10-27T15:46:41","date_gmt":"2022-10-27T18:46:41","guid":{"rendered":"https:\/\/www.ellogo.com.uy\/web\/?post_type=product&#038;p=4145"},"modified":"2022-10-27T15:46:41","modified_gmt":"2022-10-27T18:46:41","slug":"notebook-gateway-gwtn156-11bk","status":"publish","type":"product","link":"https:\/\/www.ellogo.com.uy\/web\/producto\/notebook-gateway-gwtn156-11bk\/","title":{"rendered":"Notebook Gateway GWTN156-11BK"},"content":{"rendered":"<strong>GATEWAY &#8211; NOTEBOOK<\/strong><strong>\r\nGWTN156-11<\/strong>\r\n\r\n<strong>Pantalla:<\/strong> 15,6&#8243; IPS LCD, 1920 x 1080 p\u00edxeles.\r\n<strong>Procesador:<\/strong> INTEL PENTIUM SILVER N5030, QUAD CORE 1,1 GHz &#8211; 3,1 GHz.\r\n<strong>Gr\u00e1ficos Integrados:<\/strong> INTEL UHD 605.\r\n<strong>Sistema Operativo:<\/strong>\u00a0WINDOWS 10 HOME S.\r\n<strong>Memoria RAM:<\/strong> 4 GB.\r\n<strong>Memoria\u00a0 EMMC:<\/strong> 128 GB.\r\n<strong>Lector de Tarjetas:<\/strong> MICRO SD hasta 512 GB.\r\n<strong>C\u00e1mara Web.<\/strong>\r\n<strong>Conectividad:<\/strong> WIFI 802,11 b\/g\/n.\r\n<strong>Puertos:<\/strong> HDMI x 1, USB C x 1, USB 3.0 x 2, AURICULARES x 1.\r\n<strong>Teclado:<\/strong> Ingl\u00e9s. Num\u00e9rico.\r\n<strong>CERRADURA DE SEGURIDAD KENSINGTON.<\/strong>\r\n<strong>Dimensiones:<\/strong> 376 x 244 x 20 mm APROX.\r\n<strong>Duraci\u00f3n de la Bater\u00eda:<\/strong> 8,5 h APROX.\r\n<strong>Color:<\/strong> NEGRO.\r\n<strong>INCLUYE:<\/strong> MICROSOFT 365 PERSONAL POR 1 A\u00d1O.\r\n\r\n<strong>REFURBISHED.<\/strong>\r\nGrado AA: Excelente Estado Est\u00e9tico.\r\nGarant\u00eda: 1 a\u00f1o.\r\nContra Defecto de Fabricaci\u00f3n.","protected":false},"excerpt":{"rendered":"<strong>Gateway GWTN156-11BK<\/strong>\r\n\r\nEl Gateway GWTN156-11 es la notebook definitiva que brinda una imagen n\u00edtida para todas sus tareas. La notebook funciona con el procesador Intel Pentium Silver N5030 y tiene 4 GB de memoria RAM que le permite realizar sus tareas diarias con facilidad. Adem\u00e1s, cuenta con un dise\u00f1o elegante, esta notebook tambi\u00e9n cuenta con almacenamiento eMMC de 128 GB. Tiene la garant\u00eda de experimentar la claridad con una pantalla LCD IPS de 15.6\u201d con resoluci\u00f3n Full HD.\r\n\r\nConsulte disponibilidad.","protected":false},"featured_media":4150,"comment_status":"open","ping_status":"closed","template":"","meta":[],"_links":{"self":[{"href":"https:\/\/www.ellogo.com.uy\/web\/wp-json\/wp\/v2\/product\/4145"}],"collection":[{"href":"https:\/\/www.ellogo.com.uy\/web\/wp-json\/wp\/v2\/product"}],"about":[{"href":"https:\/\/www.ellogo.com.uy\/web\/wp-json\/wp\/v2\/types\/product"}],"replies":[{"embeddable":true,"href":"https:\/\/www.ellogo.com.uy\/web\/wp-json\/wp\/v2\/comments?post=4145"}],"wp:featuredmedia":[{"embeddable":true,"href":"https:\/\/www.ellogo.com.uy\/web\/wp-json\/wp\/v2\/media\/4150"}],"wp:attachment":[{"href":"https:\/\/www.ellogo.com.uy\/web\/wp-json\/wp\/v2\/media?parent=4145"}],"curies":[{"name":"wp","href":"https:\/\/api.w.org\/{rel}","templated":true}]}}