{"id":4162,"date":"2023-11-22T16:37:51","date_gmt":"2023-11-22T19:37:51","guid":{"rendered":"https:\/\/www.ellogo.com.uy\/web\/?post_type=product&#038;p=4162"},"modified":"2023-11-22T16:43:16","modified_gmt":"2023-11-22T19:43:16","slug":"xiaomi-redmi-13c","status":"publish","type":"product","link":"https:\/\/www.ellogo.com.uy\/web\/producto\/xiaomi-redmi-13c\/","title":{"rendered":"Xiaomi Redmi 13C"},"content":{"rendered":"*Marca: Xiaomi\r\n\r\n<hr \/>\r\n\r\n*Modelo: Redmi 13C\r\n\r\n<hr \/>\r\n\r\n*Procesador: Helio G96 &#8211; OctaCore\r\n\r\n<hr \/>\r\n\r\n*Memoria Interna: 256GB\r\n\r\n<hr \/>\r\n\r\n*Memoria Ram: 8GB\r\n\r\n<hr \/>\r\n\r\n*Redes: Dual Sim &#8211; 4G LTE\r\n\r\n<hr \/>\r\n\r\n*Pantalla: 6.7&#8243;, 90Hz, 1080 x 2400 p\u00edxeles\r\n*C\u00e1maras:\r\n-50 megap\u00edxeles, f\/1.8, (wide), PDAF\r\n-2 megap\u00edxeles, f\/2.4, (depth)\r\n-2 megap\u00edxeles\r\n-Video Full HD 1080p a 30 cuadros por segundo.\r\n-C\u00e1mara secundaria de 8MP, f\/2.2. Video Full HD.\r\n\r\n<hr \/>\r\n\r\n*Sistema: Android 13\r\n\r\n<hr \/>\r\n\r\n*Conectividad:\r\n-Wifi Dual Band\r\n-Bluetooth\r\n-GPS\r\n\r\n<hr \/>\r\n\r\n*Bater\u00eda: 5000mAh","protected":false},"excerpt":{"rendered":"El Xiaomi Redmi 13C de 6.71&#8243; es un tel\u00e9fono inteligente que combina un dise\u00f1o elegante con un rendimiento y capacidades impresionantes. Este dispositivo utiliza el sistema operativo Android 13 junto con la interfaz de usuario MIUI 14, brindando una experiencia de usuario fluida y personalizable. Impulsado por un potente procesador Octa-core, el Redmi 13C ofrece un rendimiento excepcional para todas tus necesidades diarias. Gracias a sus 8GB de RAM y 256GB de almacenamiento interno, este tel\u00e9fono tiene espacio m\u00e1s que suficiente para tus fotos, videos, aplicaciones y archivos. Adem\u00e1s, cuenta con una pantalla t\u00e1ctil IPS LCD de 6.71&#8243; con una resoluci\u00f3n de 720 x 1560 pixeles, que ofrece colores vibrantes y detalles n\u00edtidos.","protected":false},"featured_media":4163,"comment_status":"open","ping_status":"closed","template":"","meta":[],"_links":{"self":[{"href":"https:\/\/www.ellogo.com.uy\/web\/wp-json\/wp\/v2\/product\/4162"}],"collection":[{"href":"https:\/\/www.ellogo.com.uy\/web\/wp-json\/wp\/v2\/product"}],"about":[{"href":"https:\/\/www.ellogo.com.uy\/web\/wp-json\/wp\/v2\/types\/product"}],"replies":[{"embeddable":true,"href":"https:\/\/www.ellogo.com.uy\/web\/wp-json\/wp\/v2\/comments?post=4162"}],"wp:featuredmedia":[{"embeddable":true,"href":"https:\/\/www.ellogo.com.uy\/web\/wp-json\/wp\/v2\/media\/4163"}],"wp:attachment":[{"href":"https:\/\/www.ellogo.com.uy\/web\/wp-json\/wp\/v2\/media?parent=4162"}],"curies":[{"name":"wp","href":"https:\/\/api.w.org\/{rel}","templated":true}]}}