{"id":4247,"date":"2023-11-29T15:34:17","date_gmt":"2023-11-29T18:34:17","guid":{"rendered":"https:\/\/www.ellogo.com.uy\/web\/?post_type=product&#038;p=4247"},"modified":"2023-11-29T15:34:17","modified_gmt":"2023-11-29T18:34:17","slug":"canon-pixma-g3110-wifi-impresora-con-tanques-de-tinta-integrados-de-facil-recarga","status":"publish","type":"product","link":"https:\/\/www.ellogo.com.uy\/web\/producto\/canon-pixma-g3110-wifi-impresora-con-tanques-de-tinta-integrados-de-facil-recarga\/","title":{"rendered":"CANON PIXMA G3110 WiFi Impresora con Tanques de Tinta Integrados de F\u00e1cil Recarga"},"content":{"rendered":"","protected":false},"excerpt":{"rendered":"La impresora inal\u00e1mbrica multifuncional PIXMA G3110 proporciona la capacidad de imprimir, copiar y escanear. As\u00ed mismo, tiene una pantalla LCD de 3.05 cm el cual permite f\u00e1cilmente hacer copias y verificar la conexi\u00f3n de la red. Esta impresora tambi\u00e9n proporciona muchas de las funciones populares que se encuentran en los modelos anteriores tal como el sistema de tinta h\u00edbrido integrado, dise\u00f1o compacto y capacidades de impresi\u00f3n sin bordes. El sistema de tinta h\u00edbrido de la nueva impresora PIXMA G3110 utiliza tintas con pigmentos y colorantes h\u00edbridos que produce una calidad de imagen mejorada para negros m\u00e1s oscuros para as\u00ed lograr un texto de gran nitidez y colores vibrantes que dan como resultado impresiones con gran impacto visual. Esta impresora incorpora una almohadilla de tinta m\u00e1s amplia que permite absorber m\u00e1s desperdicio de tinta incrementando as\u00ed el volumen de impresi\u00f3n. Unos de los puntos que contin\u00faa en este equipo es el tubo herm\u00e9tico, de alta calidad, duradero y flexible que evita que la tinta se seque cuando la impresora no est\u00e1 en uso.\r\n\r\nEste m\u00e9todo de recarga de tinta ofrece un menor costo por p\u00e1gina y una mayor producci\u00f3n de p\u00e1ginas, produciendo hasta 6.000 p\u00e1ginas en blanco y negro por botella y un total de hasta 7.000 p\u00e1ginas en color. Las botellas de tinta ofrecen una capacidad de tinta sustancial con 135 ml en la botella de color negro y 70 ml por cada botella de tinta de color. Construida para la conveniencia del usuario, esta nueva impresora ofrece una conectividad Wi-Fi m\u00e1s f\u00e1cil y din\u00e1mica.\r\n\r\nAdicionalmente, la impresora PIXMA G3110 cuenta con la experiencia de impresi\u00f3n inal\u00e1mbrica para Dispositivos Inteligentes habilitado a trav\u00e9s de la aplicaci\u00f3n de impresi\u00f3n Canon PRINT actualizada. Esta funci\u00f3n permite a los usuarios hacer copias de documentos y fotos usando sus dispositivos inteligentes e imprimirlas f\u00e1cilmente.","protected":false},"featured_media":4250,"comment_status":"open","ping_status":"closed","template":"","meta":[],"_links":{"self":[{"href":"https:\/\/www.ellogo.com.uy\/web\/wp-json\/wp\/v2\/product\/4247"}],"collection":[{"href":"https:\/\/www.ellogo.com.uy\/web\/wp-json\/wp\/v2\/product"}],"about":[{"href":"https:\/\/www.ellogo.com.uy\/web\/wp-json\/wp\/v2\/types\/product"}],"replies":[{"embeddable":true,"href":"https:\/\/www.ellogo.com.uy\/web\/wp-json\/wp\/v2\/comments?post=4247"}],"wp:featuredmedia":[{"embeddable":true,"href":"https:\/\/www.ellogo.com.uy\/web\/wp-json\/wp\/v2\/media\/4250"}],"wp:attachment":[{"href":"https:\/\/www.ellogo.com.uy\/web\/wp-json\/wp\/v2\/media?parent=4247"}],"curies":[{"name":"wp","href":"https:\/\/api.w.org\/{rel}","templated":true}]}}