{"id":4252,"date":"2023-11-29T15:43:21","date_gmt":"2023-11-29T18:43:21","guid":{"rendered":"https:\/\/www.ellogo.com.uy\/web\/?post_type=product&#038;p=4252"},"modified":"2023-11-29T15:45:11","modified_gmt":"2023-11-29T18:45:11","slug":"brother-hl-1200","status":"publish","type":"product","link":"https:\/\/www.ellogo.com.uy\/web\/producto\/brother-hl-1200\/","title":{"rendered":"Brother HL-1200"},"content":{"rendered":"<ul>\r\n \t<li><strong>Marca:\u00a0<\/strong>Brother<strong>\r\n<\/strong><\/li>\r\n \t<li><strong>Modelo:\u00a0<\/strong>HL-1200<strong>\r\n<\/strong><\/li>\r\n \t<li><strong>Velocidad de impresi\u00f3n:<\/strong>\u00a021ppm (A4).<\/li>\r\n \t<li><strong>Resoluci\u00f3n:<\/strong>\u00a02.400 x 600 dpi (M\u00e1x).<\/li>\r\n \t<li><strong>Procesador:<\/strong>\u00a0200 Mhz.<\/li>\r\n \t<li><strong>Memoria:<\/strong>\u00a01 Mb.<\/li>\r\n \t<li><strong>Interfaces:<\/strong>\u00a0Alta velocidad USB 2.0.<\/li>\r\n \t<li><strong>Lenguaje de impresion:<\/strong>\u00a0GDI.<\/li>\r\n \t<li><strong>Capacidad de papel:\u00a0<\/strong>Bandeja 150 hojas.<\/li>\r\n \t<li><strong>Capacidad de salida de papel:<\/strong>\u00a050 hojas.<\/li>\r\n \t<li><strong>Peso de papel soportado:<\/strong>\u00a0de 60 &#8211; 163 g\/m2.<\/li>\r\n<\/ul>\r\n&nbsp;\r\n<ul>\r\n \t<li>Peso (sin caja) 4,6Kg<\/li>\r\n<\/ul>\r\n&nbsp;\r\n<ul>\r\n \t<li><strong>Compatibilidad con Sistema operativo:<\/strong> Windows 8.1, Windows 7, Windows XP Home\/ XP Profesional\/ XP Profesional 64 Bit Edition\/ Windows Vista\/ Windows Server 2012 &amp; 2012R2\/ Windows Server 2008 &amp; 2008R2, Windows Server 2003. \u00a0&#8211; Macintosh OS X 10.7.5, 10.8.x, 10.9.x &#8211; Linux CUPS, LPD\/ LPRng<\/li>\r\n \t<li>Que hay en la caja? Impresora x1 \/ cartucho inicial de 700 p\u00e1ginas x1 \/ Cable de corriente x1\/ Gu\u00eda de instalaci\u00f3n r\u00e1pida x1.<\/li>\r\n \t<li>Cartucho de toner &#8211; TN-1060 Capacidad es\u00e1ndar (1.000 p\u00e1ginas, Est\u00e1ndar)<\/li>\r\n<\/ul>","protected":false},"excerpt":{"rendered":"<p style=\"text-align: left;\"><strong><em>Impresora l\u00e1ser monocrom\u00e1tica compacta<\/em><\/strong>\r\nVelocidad de impresi\u00f3n en negro de hasta 21 ppm.\r\nResoluci\u00f3n de impresi\u00f3n de hasta 2400 x 600 dpi\r\nBandeja con capacidad para 150 hojas hasta tama\u00f1o Oficio\r\nConexi\u00f3n USB 2,0\r\nLenguaje de impresi\u00f3n GDI.<\/p>","protected":false},"featured_media":4253,"comment_status":"open","ping_status":"closed","template":"","meta":[],"_links":{"self":[{"href":"https:\/\/www.ellogo.com.uy\/web\/wp-json\/wp\/v2\/product\/4252"}],"collection":[{"href":"https:\/\/www.ellogo.com.uy\/web\/wp-json\/wp\/v2\/product"}],"about":[{"href":"https:\/\/www.ellogo.com.uy\/web\/wp-json\/wp\/v2\/types\/product"}],"replies":[{"embeddable":true,"href":"https:\/\/www.ellogo.com.uy\/web\/wp-json\/wp\/v2\/comments?post=4252"}],"wp:featuredmedia":[{"embeddable":true,"href":"https:\/\/www.ellogo.com.uy\/web\/wp-json\/wp\/v2\/media\/4253"}],"wp:attachment":[{"href":"https:\/\/www.ellogo.com.uy\/web\/wp-json\/wp\/v2\/media?parent=4252"}],"curies":[{"name":"wp","href":"https:\/\/api.w.org\/{rel}","templated":true}]}}