{"id":4257,"date":"2023-11-29T16:35:32","date_gmt":"2023-11-29T19:35:32","guid":{"rendered":"https:\/\/www.ellogo.com.uy\/web\/?post_type=product&#038;p=4257"},"modified":"2023-11-29T16:35:32","modified_gmt":"2023-11-29T19:35:32","slug":"epson-l3210-ecotank","status":"publish","type":"product","link":"https:\/\/www.ellogo.com.uy\/web\/producto\/epson-l3210-ecotank\/","title":{"rendered":"Epson L3210 EcoTank"},"content":{"rendered":"","protected":false},"excerpt":{"rendered":"<h3 class=\"name\">Impresora multifuncional 3 en 1 EcoTank L3210 con impresi\u00f3n 100% sin cartuchos<\/h3>\r\n<div class=\"description\">\r\n\r\nLa Impresora multifuncional 3 en 1 Epson EcoTank L3210\u00a0 ofrece a las familias, estudiantes y profesionales un costo de impresi\u00f3n ultra bajo, que te permite imprimir hasta\u00a0 4.500 p\u00e1ginas en negro o\u00a0 7.500 p\u00e1ginas a color con cada juego de botellas de repuesto. La L3210\u00a0 ofrece total confiabilidad gracias a la tecnolog\u00eda Heat-Free de Epson, adem\u00e1s de una experiencia de recarga f\u00e1cil, limpia y sin errores con la tecnolog\u00eda EcoFit, y un dise\u00f1o de tanque frontal s\u00faper compacto que ocupa poco espacio y permite\u00a0 verificar f\u00e1cilmente los niveles de tinta. Con una garant\u00eda limitada y extendida hasta de 2 a\u00f1os con registro oficial , Epson lo respalda totalmente para que pueda imprimir sin cartuchos y sin preocupaciones.\r\n\r\n<\/div>","protected":false},"featured_media":4261,"comment_status":"open","ping_status":"closed","template":"","meta":[],"_links":{"self":[{"href":"https:\/\/www.ellogo.com.uy\/web\/wp-json\/wp\/v2\/product\/4257"}],"collection":[{"href":"https:\/\/www.ellogo.com.uy\/web\/wp-json\/wp\/v2\/product"}],"about":[{"href":"https:\/\/www.ellogo.com.uy\/web\/wp-json\/wp\/v2\/types\/product"}],"replies":[{"embeddable":true,"href":"https:\/\/www.ellogo.com.uy\/web\/wp-json\/wp\/v2\/comments?post=4257"}],"wp:featuredmedia":[{"embeddable":true,"href":"https:\/\/www.ellogo.com.uy\/web\/wp-json\/wp\/v2\/media\/4261"}],"wp:attachment":[{"href":"https:\/\/www.ellogo.com.uy\/web\/wp-json\/wp\/v2\/media?parent=4257"}],"curies":[{"name":"wp","href":"https:\/\/api.w.org\/{rel}","templated":true}]}}