{"id":4264,"date":"2024-01-16T15:56:16","date_gmt":"2024-01-16T18:56:16","guid":{"rendered":"https:\/\/www.ellogo.com.uy\/web\/?post_type=product&#038;p=4264"},"modified":"2025-06-04T15:03:36","modified_gmt":"2025-06-04T18:03:36","slug":"samsung-galaxy-a05","status":"publish","type":"product","link":"https:\/\/www.ellogo.com.uy\/web\/producto\/samsung-galaxy-a05\/","title":{"rendered":"Samsung Galaxy A05"},"content":{"rendered":"<table class=\"tabla-datos\" style=\"height: 1133px;\" width=\"590\">\r\n<thead>\r\n<tr>\r\n<th class=\"align-left\">\r\n<p data-mrf-recirculation=\"Article links\"><\/p>\r\n<\/th>\r\n<th class=\"align-left\">\r\n<p data-mrf-recirculation=\"Article links\"><\/p>\r\n<\/th>\r\n<\/tr>\r\n<\/thead>\r\n<tbody>\r\n<tr>\r\n<th class=\"align-left\">\r\n<p data-mrf-recirculation=\"Article links\">PANTALLA<\/p>\r\n<\/th>\r\n<td class=\"align-left\">\r\n<p data-mrf-recirculation=\"Article links\">LCD 6,7&#8243;<\/p>\r\n<p data-mrf-recirculation=\"Article links\">HD+<\/p>\r\n<\/td>\r\n<td class=\"align-left\">\r\n<p data-mrf-recirculation=\"Article links\"><\/p>\r\n<\/td>\r\n<\/tr>\r\n<tr>\r\n<th class=\"align-left\">\r\n<p data-mrf-recirculation=\"Article links\">DIMENSIONES Y PESO<\/p>\r\n<\/th>\r\n<td class=\"align-left\">\r\n<p data-mrf-recirculation=\"Article links\">168,8 x 78,2 x 8,8 mm.<\/p>\r\n<p data-mrf-recirculation=\"Article links\">195 g.<\/p>\r\n<\/td>\r\n<td class=\"align-left\">\r\n<p data-mrf-recirculation=\"Article links\"><\/p>\r\n<\/td>\r\n<\/tr>\r\n<tr>\r\n<th class=\"align-left\">\r\n<p data-mrf-recirculation=\"Article links\">PROCESADOR<\/p>\r\n<\/th>\r\n<td class=\"align-left\">\r\n<p data-mrf-recirculation=\"Article links\">MediaTek Helio G85<\/p>\r\n<\/td>\r\n<td class=\"align-left\">\r\n<p data-mrf-recirculation=\"Article links\"><\/p>\r\n<\/td>\r\n<\/tr>\r\n<tr>\r\n<th class=\"align-left\">\r\n<p data-mrf-recirculation=\"Article links\">RAM<\/p>\r\n<\/th>\r\n<td class=\"align-left\">\r\n<p data-mrf-recirculation=\"Article links\">4 \/ 6 GB<\/p>\r\n<\/td>\r\n<td class=\"align-left\"><\/td>\r\n<\/tr>\r\n<tr>\r\n<th class=\"align-left\">\r\n<p data-mrf-recirculation=\"Article links\">ALMACENAMIENTO<\/p>\r\n<\/th>\r\n<td class=\"align-left\">\r\n<p data-mrf-recirculation=\"Article links\">64 \/ 128 GB<\/p>\r\n<p data-mrf-recirculation=\"Article links\">MicroSD hasta 1 TB<\/p>\r\n<\/td>\r\n<td class=\"align-left\">\r\n<p data-mrf-recirculation=\"Article links\"><\/p>\r\n<\/td>\r\n<\/tr>\r\n<tr>\r\n<th class=\"align-left\">\r\n<p data-mrf-recirculation=\"Article links\">C\u00c1MARA FRONTAL<\/p>\r\n<\/th>\r\n<td class=\"align-left\">\r\n<p data-mrf-recirculation=\"Article links\">8 MP f\/2.0<\/p>\r\n<\/td>\r\n<td class=\"align-left\">\r\n<p data-mrf-recirculation=\"Article links\"><\/p>\r\n<\/td>\r\n<\/tr>\r\n<tr>\r\n<th class=\"align-left\">\r\n<p data-mrf-recirculation=\"Article links\">C\u00c1MARA TRASERA<\/p>\r\n<\/th>\r\n<td class=\"align-left\">\r\n<p data-mrf-recirculation=\"Article links\">50 MP f\/1.8<\/p>\r\n<p data-mrf-recirculation=\"Article links\">2 MP f\/2.4 bokeh<\/p>\r\n<\/td>\r\n<td class=\"align-left\">\r\n<p data-mrf-recirculation=\"Article links\"><\/p>\r\n<\/td>\r\n<\/tr>\r\n<tr>\r\n<th class=\"align-left\">\r\n<p data-mrf-recirculation=\"Article links\">BATER\u00cdA<\/p>\r\n<\/th>\r\n<td class=\"align-left\">\r\n<p data-mrf-recirculation=\"Article links\">5.000 mAh<\/p>\r\n<p data-mrf-recirculation=\"Article links\">Carga r\u00e1pida 25W<\/p>\r\n<\/td>\r\n<td class=\"align-left\">\r\n<p data-mrf-recirculation=\"Article links\"><\/p>\r\n<\/td>\r\n<\/tr>\r\n<tr>\r\n<th class=\"align-left\">\r\n<p data-mrf-recirculation=\"Article links\">SISTEMA OPERATIVO<\/p>\r\n<\/th>\r\n<td class=\"align-left\">\r\n<p data-mrf-recirculation=\"Article links\">Android 13<\/p>\r\n<p data-mrf-recirculation=\"Article links\">One UI Core<\/p>\r\n<\/td>\r\n<td class=\"align-left\">\r\n<p data-mrf-recirculation=\"Article links\"><\/p>\r\n<\/td>\r\n<\/tr>\r\n<tr>\r\n<th class=\"align-left\">\r\n<p data-mrf-recirculation=\"Article links\">CONECTIVIDAD<\/p>\r\n<\/th>\r\n<td class=\"align-left\">\r\n<p data-mrf-recirculation=\"Article links\">Dual LTE<\/p>\r\n<p data-mrf-recirculation=\"Article links\">Wi-Fi ac<\/p>\r\n<p data-mrf-recirculation=\"Article links\">Bluetooth 5.3<\/p>\r\n<p data-mrf-recirculation=\"Article links\">Minijack<\/p>\r\n<p data-mrf-recirculation=\"Article links\">USB-C<\/p>\r\n<\/td>\r\n<td class=\"align-left\">\r\n<p data-mrf-recirculation=\"Article links\"><\/p>\r\n<\/td>\r\n<\/tr>\r\n<tr>\r\n<th class=\"align-left\">\r\n<p data-mrf-recirculation=\"Article links\">OTROS<\/p>\r\n<\/th>\r\n<td class=\"align-left\">\r\n<p data-mrf-recirculation=\"Article links\">Lector de huellas en el lateral<\/p>\r\n<\/td>\r\n<\/tr>\r\n<\/tbody>\r\n<\/table>","protected":false},"excerpt":{"rendered":"El\u00a0<strong>Samsung Galaxy A05<\/strong>\u00a0es un smartphone Android con una pantalla HD+ de 6.7 pulgadas. Potenciado por un procesador MediaTek Helio G85 con 6GB de RAM y 128GB de almacenamiento interno, el Galaxy A05 cuenta con una c\u00e1mara dual de 50MP, y una c\u00e1mara selfie de 8MP, completando sus caracter\u00edsticas con una bater\u00eda de 5000 mAh de carga r\u00e1pida, y Android 13.\r\n\r\nImagen Ilustrativa, disponibilidad sujeta a stock.","protected":false},"featured_media":4267,"comment_status":"open","ping_status":"closed","template":"","meta":[],"_links":{"self":[{"href":"https:\/\/www.ellogo.com.uy\/web\/wp-json\/wp\/v2\/product\/4264"}],"collection":[{"href":"https:\/\/www.ellogo.com.uy\/web\/wp-json\/wp\/v2\/product"}],"about":[{"href":"https:\/\/www.ellogo.com.uy\/web\/wp-json\/wp\/v2\/types\/product"}],"replies":[{"embeddable":true,"href":"https:\/\/www.ellogo.com.uy\/web\/wp-json\/wp\/v2\/comments?post=4264"}],"wp:featuredmedia":[{"embeddable":true,"href":"https:\/\/www.ellogo.com.uy\/web\/wp-json\/wp\/v2\/media\/4267"}],"wp:attachment":[{"href":"https:\/\/www.ellogo.com.uy\/web\/wp-json\/wp\/v2\/media?parent=4264"}],"curies":[{"name":"wp","href":"https:\/\/api.w.org\/{rel}","templated":true}]}}