{"id":4271,"date":"2024-01-25T16:49:50","date_gmt":"2024-01-25T19:49:50","guid":{"rendered":"https:\/\/www.ellogo.com.uy\/web\/?post_type=product&#038;p=4271"},"modified":"2024-01-25T16:49:50","modified_gmt":"2024-01-25T19:49:50","slug":"iphone-13","status":"publish","type":"product","link":"https:\/\/www.ellogo.com.uy\/web\/producto\/iphone-13\/","title":{"rendered":"Iphone 13"},"content":{"rendered":"<table class=\"tabla-datos\">\r\n<thead>\r\n<tr>\r\n<th>\r\n<p data-mrf-recirculation=\"Article links\">IPHONE 13<\/p>\r\n<\/th>\r\n<\/tr>\r\n<\/thead>\r\n<tbody>\r\n<tr>\r\n<th>\r\n<p data-mrf-recirculation=\"Article links\">DIMENSIONES Y PESO<\/p>\r\n<\/th>\r\n<td>\r\n<p data-mrf-recirculation=\"Article links\">146,7 x 71,5 x 7,6 mm\r\n173 gramos<\/p>\r\n<\/td>\r\n<\/tr>\r\n<tr>\r\n<th>\r\n<p data-mrf-recirculation=\"Article links\">PANTALLA<\/p>\r\n<\/th>\r\n<td>\r\n<p data-mrf-recirculation=\"Article links\">Super Retina XDR OLED de 6,1 pulgadas\r\nResoluci\u00f3n FullHD+ (2.532 x 1.170 p\u00edxeles)\r\n460 ppp\r\nTrue-Tone\r\nHDR\r\n800 nits<\/p>\r\n<\/td>\r\n<\/tr>\r\n<tr>\r\n<th>\r\n<p data-mrf-recirculation=\"Article links\">PROCESADOR<\/p>\r\n<\/th>\r\n<td>\r\n<p data-mrf-recirculation=\"Article links\">Apple A15 Bionic\r\nGPU cuatro n\u00facleos\r\nNeural Engine<\/p>\r\n<\/td>\r\n<\/tr>\r\n<tr>\r\n<th>\r\n<p data-mrf-recirculation=\"Article links\">MEMORIA RAM<\/p>\r\n<\/th>\r\n<td>\r\n<p data-mrf-recirculation=\"Article links\">4 GB<\/p>\r\n<\/td>\r\n<\/tr>\r\n<tr>\r\n<th>\r\n<p data-mrf-recirculation=\"Article links\">ALMACENAMIENTO INTERNO<\/p>\r\n<\/th>\r\n<td>\r\n<p data-mrf-recirculation=\"Article links\">128\/256\/512 GB<\/p>\r\n<\/td>\r\n<\/tr>\r\n<tr>\r\n<th>\r\n<p data-mrf-recirculation=\"Article links\">C\u00c1MARA TRASERA<\/p>\r\n<\/th>\r\n<td>\r\n<p data-mrf-recirculation=\"Article links\">12 MP f\/1.6, OIS\r\nGran angular: 12 MP f\/2.4, 120\u00ba FOV\r\nV\u00eddeo: 4K Dolby Vision<\/p>\r\n<\/td>\r\n<\/tr>\r\n<tr>\r\n<th>\r\n<p data-mrf-recirculation=\"Article links\">C\u00c1MARA DELANTERA<\/p>\r\n<\/th>\r\n<td>\r\n<p data-mrf-recirculation=\"Article links\">12 MP f\/2.2<\/p>\r\n<\/td>\r\n<\/tr>\r\n<tr>\r\n<th>\r\n<p data-mrf-recirculation=\"Article links\">BATER\u00cdA<\/p>\r\n<\/th>\r\n<td>\r\n<p data-mrf-recirculation=\"Article links\">3.227 mAh\r\nCarga r\u00e1pida 20W\r\nCarga inal\u00e1mbrica 7,5W\r\nCarga MagSafe 15W<\/p>\r\n<\/td>\r\n<\/tr>\r\n<tr>\r\n<th>\r\n<p data-mrf-recirculation=\"Article links\">SISTEMA OPERATIVO<\/p>\r\n<\/th>\r\n<td>\r\n<p data-mrf-recirculation=\"Article links\">iOS 15<\/p>\r\n<\/td>\r\n<\/tr>\r\n<tr>\r\n<th>\r\n<p data-mrf-recirculation=\"Article links\">CONECTIVIDAD<\/p>\r\n<\/th>\r\n<td>\r\n<p data-mrf-recirculation=\"Article links\">5G (sub-6 GHz)\r\nLTE Gigabit MIMO 4&#215;4\r\n\r\nWiFi 6 MIMO 2&#215;2\r\nBluetooth 5.0\r\nChip UWB\r\nNFC\r\nGPS, GLONASS, Galileo, QZSS, BeiDou\r\nNanoSIM y eSIM<\/p>\r\n<\/td>\r\n<\/tr>\r\n<tr>\r\n<th>\r\n<p data-mrf-recirculation=\"Article links\">OTROS<\/p>\r\n<\/th>\r\n<td>\r\n<p data-mrf-recirculation=\"Article links\">Resistencia IP68\r\nFaceID\r\nAltavoces est\u00e9reo\r\nDolby Atmos<\/p>\r\n<\/td>\r\n<\/tr>\r\n<\/tbody>\r\n<\/table>","protected":false},"excerpt":{"rendered":"El\u00a0<strong>Apple iPhone 13<\/strong>\u00a0representa una actualizaci\u00f3n menor del iPhone 12. Conservando la pantalla OLED de 6.1 pulgadas, el iPhone 13 cuenta con un procesador Apple A15 Bionic, con opciones de almacenamiento de 128GB. 256GB. o 512GB. La c\u00e1mara principal del iPhone 13 es dual, con lentes wide y ultrawide de 12MP con IBIS y zoom \u00f3ptico 2x, y la c\u00e1mara frontal es de 12MP. El iPhone 13 tiene parlantes stereo, soporta carga r\u00e1pida tanto por cable como inal\u00e1mbrica, es resistente al polvo y agua, y soporta redes 5G.","protected":false},"featured_media":4272,"comment_status":"open","ping_status":"closed","template":"","meta":[],"_links":{"self":[{"href":"https:\/\/www.ellogo.com.uy\/web\/wp-json\/wp\/v2\/product\/4271"}],"collection":[{"href":"https:\/\/www.ellogo.com.uy\/web\/wp-json\/wp\/v2\/product"}],"about":[{"href":"https:\/\/www.ellogo.com.uy\/web\/wp-json\/wp\/v2\/types\/product"}],"replies":[{"embeddable":true,"href":"https:\/\/www.ellogo.com.uy\/web\/wp-json\/wp\/v2\/comments?post=4271"}],"wp:featuredmedia":[{"embeddable":true,"href":"https:\/\/www.ellogo.com.uy\/web\/wp-json\/wp\/v2\/media\/4272"}],"wp:attachment":[{"href":"https:\/\/www.ellogo.com.uy\/web\/wp-json\/wp\/v2\/media?parent=4271"}],"curies":[{"name":"wp","href":"https:\/\/api.w.org\/{rel}","templated":true}]}}