{"id":4276,"date":"2024-01-25T17:02:14","date_gmt":"2024-01-25T20:02:14","guid":{"rendered":"https:\/\/www.ellogo.com.uy\/web\/?post_type=product&#038;p=4276"},"modified":"2024-01-25T17:02:14","modified_gmt":"2024-01-25T20:02:14","slug":"samsung-galaxy-a15-5g","status":"publish","type":"product","link":"https:\/\/www.ellogo.com.uy\/web\/producto\/samsung-galaxy-a15-5g\/","title":{"rendered":"Samsung Galaxy A15 5G"},"content":{"rendered":"<strong><u>Especificaciones<\/u><\/strong>\r\n\r\n<u>Display<\/u>\r\n<ul>\r\n \t<li>Pantalla Super AMOLED de 6.5\u00bb<\/li>\r\n \t<li>Resoluci\u00f3n de 1080 x 2340 pixeles (396 ppi)<\/li>\r\n \t<li>Brillo hasta 800 nits<\/li>\r\n \t<li>Frecuencia de actualizaci\u00f3n de 90Hz<\/li>\r\n<\/ul>\r\n<u>Rendimiento<\/u>\r\n<ul>\r\n \t<li>Procesador Mediatek Dimensity 6100+ (6 nm)<\/li>\r\n \t<li>CPU: Octa-core (2&#215;2.2 GHz Cortex-A76 y 6&#215;2.0 GHz Cortex-A55)<\/li>\r\n \t<li>GPU: Mali-G57 MC2<\/li>\r\n<\/ul>\r\n<u>Memoria<\/u>\r\n<ul>\r\n \t<li>Almacenamiento interno de 128GB<\/li>\r\n \t<li>Memoria RAM de 6GB<\/li>\r\n<\/ul>\r\n<u>Beter\u00eda<\/u>\r\n<ul>\r\n \t<li>Capacidad: 5000 mAh<\/li>\r\n \t<li>Carga 25W<\/li>\r\n<\/ul>\r\n<u>C\u00e1mara trasera:<\/u>\u00a0Triple\r\n<ul>\r\n \t<li>C\u00e1mara principal gran angular de 50MP (f\/1.8)<\/li>\r\n \t<li>C\u00e1mara ultra gran angular de 5MP (f\/2.2)<\/li>\r\n \t<li>C\u00e1mara macro de 2MP (f\/.2.4)<\/li>\r\n \t<li>Grabaci\u00f3n de video hasta 1080@30fps<\/li>\r\n<\/ul>\r\n<u>C\u00e1mara frontal<\/u>\u00a0de 13MP (f\/2.0)\r\n<ul>\r\n \t<li>Grabaci\u00f3n de video hasta 1080@30fps<\/li>\r\n<\/ul>\r\n<u>Conectividad<\/u>\r\n<ul>\r\n \t<li>Wi-Fi Dual Band<\/li>\r\n \t<li>Bluetooth v5.3<\/li>\r\n \t<li>LTE<\/li>\r\n \t<li>GPS, GALILEO, GLONASS, BDS, QZSS<\/li>\r\n \t<li>USB Type-C 2.0<\/li>\r\n<\/ul>\r\n<u>Sistema:<\/u>\u00a0Android 14","protected":false},"excerpt":{"rendered":"<div class=\"row\">\r\n<div class=\"col-md-12\">\r\n\r\nEl\u00a0<strong>Samsung Galaxy A15<\/strong> es un smartphone Android con una pantalla Super AMOLED de 6.5 pulgadas a resoluci\u00f3n FHD+ y tasa de refresco de 90Hz. Por dentro, encontramos un chip MediaTek Helio G99 acompa\u00f1ado de 6GB de RAM y hasta 256GB de almacenamiento interno. La c\u00e1mara posterior triple cuenta con un sensor principal de 50MP, la c\u00e1mara selfie es de 13MP y suma una bater\u00eda de 5000 mAh con soporte para carga r\u00e1pida, lector de huellas lateral, y corre Android 14.\r\n\r\n<\/div>\r\n<\/div>\r\n<div class=\"row\">\r\n<div class=\"col-xs-12\"><\/div>\r\n<\/div>","protected":false},"featured_media":4278,"comment_status":"open","ping_status":"closed","template":"","meta":[],"_links":{"self":[{"href":"https:\/\/www.ellogo.com.uy\/web\/wp-json\/wp\/v2\/product\/4276"}],"collection":[{"href":"https:\/\/www.ellogo.com.uy\/web\/wp-json\/wp\/v2\/product"}],"about":[{"href":"https:\/\/www.ellogo.com.uy\/web\/wp-json\/wp\/v2\/types\/product"}],"replies":[{"embeddable":true,"href":"https:\/\/www.ellogo.com.uy\/web\/wp-json\/wp\/v2\/comments?post=4276"}],"wp:featuredmedia":[{"embeddable":true,"href":"https:\/\/www.ellogo.com.uy\/web\/wp-json\/wp\/v2\/media\/4278"}],"wp:attachment":[{"href":"https:\/\/www.ellogo.com.uy\/web\/wp-json\/wp\/v2\/media?parent=4276"}],"curies":[{"name":"wp","href":"https:\/\/api.w.org\/{rel}","templated":true}]}}