{"id":4288,"date":"2025-06-04T11:53:14","date_gmt":"2025-06-04T14:53:14","guid":{"rendered":"https:\/\/www.ellogo.com.uy\/web\/?post_type=product&#038;p=4288"},"modified":"2025-06-05T15:55:27","modified_gmt":"2025-06-05T18:55:27","slug":"samsung-a06","status":"publish","type":"product","link":"https:\/\/www.ellogo.com.uy\/web\/producto\/samsung-a06\/","title":{"rendered":"Samsung A06"},"content":{"rendered":"<table cellspacing=\"0\">\r\n<tbody>\r\n<tr class=\"tr-hover\">\r\n<th rowspan=\"15\" scope=\"row\">Network<\/th>\r\n<td class=\"ttl\"><a href=\"https:\/\/www.gsmarena.com\/network-bands.php3\">Technology<\/a><\/td>\r\n<td class=\"nfo\"><a class=\"link-network-detail collapse\" href=\"https:\/\/www.gsmarena.com\/samsung_galaxy_a06-13265.php#\" data-spec=\"nettech\">GSM \/ HSPA \/ LTE<\/a><\/td>\r\n<\/tr>\r\n<\/tbody>\r\n<\/table>\r\n<table cellspacing=\"0\">\r\n<tbody>\r\n<tr>\r\n<th rowspan=\"2\" scope=\"row\">Launch<\/th>\r\n<td class=\"ttl\"><a href=\"https:\/\/www.gsmarena.com\/glossary.php3?term=phone-life-cycle\">Announced<\/a><\/td>\r\n<td class=\"nfo\" data-spec=\"year\">2024, August 16<\/td>\r\n<\/tr>\r\n<tr>\r\n<td class=\"ttl\"><a href=\"https:\/\/www.gsmarena.com\/glossary.php3?term=phone-life-cycle\">Status<\/a><\/td>\r\n<td class=\"nfo\" data-spec=\"status\">Available. Released 2024, August 22<\/td>\r\n<\/tr>\r\n<\/tbody>\r\n<\/table>\r\n<table cellspacing=\"0\">\r\n<tbody>\r\n<tr>\r\n<th rowspan=\"6\" scope=\"row\">Body<\/th>\r\n<td class=\"ttl\"><a href=\"https:\/\/www.gsmarena.com\/samsung_galaxy_a06-13265.php#\">Dimensions<\/a><\/td>\r\n<td class=\"nfo\" data-spec=\"dimensions\">167.3 x 77.3 x 8 mm (6.59 x 3.04 x 0.31 in)<\/td>\r\n<\/tr>\r\n<tr>\r\n<td class=\"ttl\"><a href=\"https:\/\/www.gsmarena.com\/samsung_galaxy_a06-13265.php#\">Weight<\/a><\/td>\r\n<td class=\"nfo\" data-spec=\"weight\">189 g (6.67 oz)<\/td>\r\n<\/tr>\r\n<tr>\r\n<td class=\"ttl\"><a href=\"https:\/\/www.gsmarena.com\/glossary.php3?term=build\">Build<\/a><\/td>\r\n<td class=\"nfo\" data-spec=\"build\">Glass front, plastic back, plastic frame<\/td>\r\n<\/tr>\r\n<tr>\r\n<td class=\"ttl\"><a href=\"https:\/\/www.gsmarena.com\/glossary.php3?term=sim\">SIM<\/a><\/td>\r\n<td class=\"nfo\" data-spec=\"sim\">Nano-SIM\r\nNano-SIM + Nano-SIM<\/td>\r\n<\/tr>\r\n<\/tbody>\r\n<\/table>\r\n<table cellspacing=\"0\">\r\n<tbody>\r\n<tr>\r\n<th rowspan=\"5\" scope=\"row\">Display<\/th>\r\n<td class=\"ttl\"><a href=\"https:\/\/www.gsmarena.com\/glossary.php3?term=display-type\">Type<\/a><\/td>\r\n<td class=\"nfo\" data-spec=\"displaytype\">PLS LCD<\/td>\r\n<\/tr>\r\n<tr>\r\n<td class=\"ttl\"><a href=\"https:\/\/www.gsmarena.com\/samsung_galaxy_a06-13265.php#\">Size<\/a><\/td>\r\n<td class=\"nfo\" data-spec=\"displaysize\">6.7 inches, 108.4 cm<sup>2<\/sup>\u00a0(~83.8% screen-to-body ratio)<\/td>\r\n<\/tr>\r\n<tr>\r\n<td class=\"ttl\"><a href=\"https:\/\/www.gsmarena.com\/glossary.php3?term=resolution\">Resolution<\/a><\/td>\r\n<td class=\"nfo\" data-spec=\"displayresolution\">720 x 1600 pixels, 20:9 ratio (~262 ppi density)<\/td>\r\n<\/tr>\r\n<\/tbody>\r\n<\/table>\r\n<table cellspacing=\"0\">\r\n<tbody>\r\n<tr>\r\n<th rowspan=\"4\" scope=\"row\">Platform<\/th>\r\n<td class=\"ttl\"><a href=\"https:\/\/www.gsmarena.com\/glossary.php3?term=os\">OS<\/a><\/td>\r\n<td class=\"nfo\" data-spec=\"os\">Android 14, up to 2 major Android upgrades<\/td>\r\n<\/tr>\r\n<tr>\r\n<td class=\"ttl\"><a href=\"https:\/\/www.gsmarena.com\/glossary.php3?term=chipset\">Chipset<\/a><\/td>\r\n<td class=\"nfo\" data-spec=\"chipset\">Mediatek Helio G85 (12 nm)<\/td>\r\n<\/tr>\r\n<tr>\r\n<td class=\"ttl\"><a href=\"https:\/\/www.gsmarena.com\/glossary.php3?term=cpu\">CPU<\/a><\/td>\r\n<td class=\"nfo\" data-spec=\"cpu\">Octa-core (2&#215;2.0 GHz Cortex-A75 &amp; 6&#215;1.8 GHz Cortex-A55)<\/td>\r\n<\/tr>\r\n<tr>\r\n<td class=\"ttl\"><a href=\"https:\/\/www.gsmarena.com\/glossary.php3?term=gpu\">GPU<\/a><\/td>\r\n<td class=\"nfo\" data-spec=\"gpu\">Mali-G52 MC2<\/td>\r\n<\/tr>\r\n<\/tbody>\r\n<\/table>\r\n<table cellspacing=\"0\">\r\n<tbody>\r\n<tr>\r\n<th rowspan=\"5\" scope=\"row\">Memory<\/th>\r\n<td class=\"ttl\"><a href=\"https:\/\/www.gsmarena.com\/glossary.php3?term=memory-card-slot\">Card slot<\/a><\/td>\r\n<td class=\"nfo\" data-spec=\"memoryslot\">microSDXC (dedicated slot)<\/td>\r\n<\/tr>\r\n<tr>\r\n<td class=\"ttl\"><a href=\"https:\/\/www.gsmarena.com\/glossary.php3?term=dynamic-memory\">Internal<\/a><\/td>\r\n<td class=\"nfo\" data-spec=\"internalmemory\">64GB 4GB RAM, 128GB 4GB RAM, 128GB 6GB RAM<\/td>\r\n<\/tr>\r\n<tr>\r\n<td class=\"ttl\"><\/td>\r\n<td class=\"nfo\" data-spec=\"memoryother\">eMMC 5.1<\/td>\r\n<\/tr>\r\n<\/tbody>\r\n<\/table>\r\n<table cellspacing=\"0\">\r\n<tbody>\r\n<tr>\r\n<th class=\"small-line-height\" rowspan=\"4\" scope=\"row\">Main Camera<\/th>\r\n<td class=\"ttl\"><a href=\"https:\/\/www.gsmarena.com\/glossary.php3?term=camera\">Dual<\/a><\/td>\r\n<td class=\"nfo\" data-spec=\"cam1modules\">50 MP, f\/1.8, (wide), 1\/2.76&#8243;, 0.64\u00b5m, PDAF\r\n2 MP, f\/2.4, (depth)<\/td>\r\n<\/tr>\r\n<tr>\r\n<td class=\"ttl\"><a href=\"https:\/\/www.gsmarena.com\/glossary.php3?term=camera\">Features<\/a><\/td>\r\n<td class=\"nfo\" data-spec=\"cam1features\">LED flash<\/td>\r\n<\/tr>\r\n<tr>\r\n<td class=\"ttl\"><a href=\"https:\/\/www.gsmarena.com\/glossary.php3?term=camera\">Video<\/a><\/td>\r\n<td class=\"nfo\" data-spec=\"cam1video\">1080p@30\/60fps<\/td>\r\n<\/tr>\r\n<\/tbody>\r\n<\/table>\r\n<table cellspacing=\"0\">\r\n<tbody>\r\n<tr>\r\n<th class=\"small-line-height\" rowspan=\"4\" scope=\"row\">Selfie camera<\/th>\r\n<td class=\"ttl\"><a href=\"https:\/\/www.gsmarena.com\/glossary.php3?term=secondary-camera\">Single<\/a><\/td>\r\n<td class=\"nfo\" data-spec=\"cam2modules\">8 MP, f\/2.0, (wide), 1\/4.0&#8243;, 1.12\u00b5m<\/td>\r\n<\/tr>\r\n<tr>\r\n<td class=\"ttl\"><a href=\"https:\/\/www.gsmarena.com\/glossary.php3?term=secondary-camera\">Video<\/a><\/td>\r\n<td class=\"nfo\" data-spec=\"cam2video\">Yes<\/td>\r\n<\/tr>\r\n<\/tbody>\r\n<\/table>\r\n<table cellspacing=\"0\">\r\n<tbody>\r\n<tr>\r\n<th rowspan=\"3\" scope=\"row\">Sound<\/th>\r\n<td class=\"ttl\"><a href=\"https:\/\/www.gsmarena.com\/glossary.php3?term=loudspeaker\">Loudspeaker<\/a><\/td>\r\n<td class=\"nfo\">Yes<\/td>\r\n<\/tr>\r\n<tr>\r\n<td class=\"ttl\"><a href=\"https:\/\/www.gsmarena.com\/glossary.php3?term=audio-jack\">3.5mm jack<\/a><\/td>\r\n<td class=\"nfo\">Yes<\/td>\r\n<\/tr>\r\n<\/tbody>\r\n<\/table>\r\n<table cellspacing=\"0\">\r\n<tbody>\r\n<tr>\r\n<th rowspan=\"9\" scope=\"row\">Comms<\/th>\r\n<td class=\"ttl\"><a href=\"https:\/\/www.gsmarena.com\/glossary.php3?term=wi-fi\">WLAN<\/a><\/td>\r\n<td class=\"nfo\" data-spec=\"wlan\">Wi-Fi 802.11 a\/b\/g\/n\/ac, dual-band, Wi-Fi Direct<\/td>\r\n<\/tr>\r\n<tr>\r\n<td class=\"ttl\"><a href=\"https:\/\/www.gsmarena.com\/glossary.php3?term=bluetooth\">Bluetooth<\/a><\/td>\r\n<td class=\"nfo\" data-spec=\"bluetooth\">5.3, A2DP, LE<\/td>\r\n<\/tr>\r\n<tr>\r\n<td class=\"ttl\"><a href=\"https:\/\/www.gsmarena.com\/glossary.php3?term=gnss\">Positioning<\/a><\/td>\r\n<td class=\"nfo\" data-spec=\"gps\">GPS, GLONASS, GALILEO, BDS<\/td>\r\n<\/tr>\r\n<tr>\r\n<td class=\"ttl\"><a href=\"https:\/\/www.gsmarena.com\/glossary.php3?term=nfc\">NFC<\/a><\/td>\r\n<td class=\"nfo\" data-spec=\"nfc\">No<\/td>\r\n<\/tr>\r\n<tr>\r\n<td class=\"ttl\"><a href=\"https:\/\/www.gsmarena.com\/glossary.php3?term=fm-radio\">Radio<\/a><\/td>\r\n<td class=\"nfo\" data-spec=\"radio\">FM radio<\/td>\r\n<\/tr>\r\n<tr>\r\n<td class=\"ttl\"><a href=\"https:\/\/www.gsmarena.com\/glossary.php3?term=usb\">USB<\/a><\/td>\r\n<td class=\"nfo\" data-spec=\"usb\">USB Type-C 2.0<\/td>\r\n<\/tr>\r\n<\/tbody>\r\n<\/table>\r\n<table cellspacing=\"0\">\r\n<tbody>\r\n<tr>\r\n<th rowspan=\"9\" scope=\"row\">Features<\/th>\r\n<td class=\"ttl\"><a href=\"https:\/\/www.gsmarena.com\/glossary.php3?term=sensors\">Sensors<\/a><\/td>\r\n<td class=\"nfo\" data-spec=\"sensors\">Fingerprint (side-mounted), accelerometer, proximity<\/td>\r\n<\/tr>\r\n<\/tbody>\r\n<\/table>\r\n<table cellspacing=\"0\">\r\n<tbody>\r\n<tr>\r\n<th rowspan=\"7\" scope=\"row\">Battery<\/th>\r\n<td class=\"ttl\"><a href=\"https:\/\/www.gsmarena.com\/glossary.php3?term=rechargeable-battery-types\">Type<\/a><\/td>\r\n<td class=\"nfo\" data-spec=\"batdescription1\">Li-Po 5000 mAh<\/td>\r\n<\/tr>\r\n<tr>\r\n<td class=\"ttl\"><a href=\"https:\/\/www.gsmarena.com\/glossary.php3?term=battery-charging\">Charging<\/a><\/td>\r\n<td class=\"nfo\">25W wired<\/td>\r\n<\/tr>\r\n<\/tbody>\r\n<\/table>\r\n<table cellspacing=\"0\">\r\n<tbody>\r\n<tr>\r\n<th rowspan=\"6\" scope=\"row\">Misc<\/th>\r\n<td class=\"ttl\"><a href=\"https:\/\/www.gsmarena.com\/glossary.php3?term=build\">Colors<\/a><\/td>\r\n<td class=\"nfo\" data-spec=\"colors\">Blue, Gold, White<\/td>\r\n<\/tr>\r\n<tr>\r\n<td class=\"ttl\"><a href=\"https:\/\/www.gsmarena.com\/glossary.php3?term=models\">Models<\/a><\/td>\r\n<td class=\"nfo\" data-spec=\"models\">SM-A065F, SM-A065F\/DS, SM-A065M, SM-A065M\/DS<\/td>\r\n<\/tr>\r\n<tr>\r\n<td class=\"ttl\"><a href=\"https:\/\/www.gsmarena.com\/glossary.php3?term=sar\">SAR EU<\/a><\/td>\r\n<td class=\"nfo\" data-spec=\"sar-eu\">0.44 W\/kg (head) \u00a0 \u00a0 1.08 W\/kg (body)<\/td>\r\n<\/tr>\r\n<tr>\r\n<td class=\"ttl\"><\/td>\r\n<td class=\"nfo\" data-spec=\"price\"><\/td>\r\n<\/tr>\r\n<\/tbody>\r\n<\/table>\r\n<table cellspacing=\"0\">\r\n<tbody>\r\n<tr>\r\n<th rowspan=\"4\" scope=\"row\">Tests<\/th>\r\n<td class=\"ttl\"><a href=\"https:\/\/www.gsmarena.com\/glossary.php3?term=benchmarking\">Performance<\/a><\/td>\r\n<td class=\"nfo\" data-spec=\"tbench\">AnTuTu: 182064 (v9), 247675 (v10)\r\n\r\nGeekBench: 1273 (v5), 1276 (v6)\r\n3DMark: 188 (Wild Life Extreme)<\/td>\r\n<\/tr>\r\n<tr>\r\n<td class=\"ttl\"><a href=\"https:\/\/www.gsmarena.com\/gsmarena_lab_tests-review-751p2.php\">Display<\/a><\/td>\r\n<td class=\"nfo\"><a class=\"noUnd\" href=\"https:\/\/www.gsmarena.com\/samsung_galaxy_a06-review-2743p3.php#dt\">1484:1 contrast ratio, 564 nits max brightness (measured)<\/a><\/td>\r\n<\/tr>\r\n<tr>\r\n<td class=\"ttl\"><a href=\"https:\/\/www.gsmarena.com\/gsmarena_lab_tests-review-751p7.php\">Loudspeaker<\/a><\/td>\r\n<td class=\"nfo\"><a class=\"noUnd\" href=\"https:\/\/www.gsmarena.com\/samsung_galaxy_a06-review-2743p3.php#lt\">-27.7 LUFS (Good)<\/a><\/td>\r\n<\/tr>\r\n<tr>\r\n<td class=\"ttl\"><\/td>\r\n<td class=\"nfo\" data-spec=\"batlife2\"><\/td>\r\n<\/tr>\r\n<\/tbody>\r\n<\/table>","protected":false},"excerpt":{"rendered":"Galaxy\u00a0<b>A06<\/b>\u00a0est\u00e1 equipado con un procesador MediaTek G85 y memoria interna para jugar, transmitir videos y navegar en redes sociales sin problemas. La c\u00e1mara principal de 50 MP captura fotos impresionantes, mientras que la bater\u00eda de 5,000 mAh lo mantiene encendido por m\u00e1s tiempo.\r\n\r\n&nbsp;\r\n\r\nImagen Ilustrativa, disponibilidad sujeta a stock.","protected":false},"featured_media":4289,"comment_status":"open","ping_status":"closed","template":"","meta":[],"_links":{"self":[{"href":"https:\/\/www.ellogo.com.uy\/web\/wp-json\/wp\/v2\/product\/4288"}],"collection":[{"href":"https:\/\/www.ellogo.com.uy\/web\/wp-json\/wp\/v2\/product"}],"about":[{"href":"https:\/\/www.ellogo.com.uy\/web\/wp-json\/wp\/v2\/types\/product"}],"replies":[{"embeddable":true,"href":"https:\/\/www.ellogo.com.uy\/web\/wp-json\/wp\/v2\/comments?post=4288"}],"wp:featuredmedia":[{"embeddable":true,"href":"https:\/\/www.ellogo.com.uy\/web\/wp-json\/wp\/v2\/media\/4289"}],"wp:attachment":[{"href":"https:\/\/www.ellogo.com.uy\/web\/wp-json\/wp\/v2\/media?parent=4288"}],"curies":[{"name":"wp","href":"https:\/\/api.w.org\/{rel}","templated":true}]}}