{"id":4303,"date":"2025-06-04T12:14:03","date_gmt":"2025-06-04T15:14:03","guid":{"rendered":"https:\/\/www.ellogo.com.uy\/web\/?post_type=product&#038;p=4303"},"modified":"2025-06-05T15:57:41","modified_gmt":"2025-06-05T18:57:41","slug":"samsung-a55","status":"publish","type":"product","link":"https:\/\/www.ellogo.com.uy\/web\/producto\/samsung-a55\/","title":{"rendered":"Samsung A55 5G"},"content":{"rendered":"<table cellspacing=\"0\">\r\n<tbody>\r\n<tr class=\"tr-hover\">\r\n<th rowspan=\"15\" scope=\"row\">Network<\/th>\r\n<td class=\"ttl\"><a href=\"https:\/\/www.gsmarena.com\/network-bands.php3\">Technology<\/a><\/td>\r\n<td class=\"nfo\"><a class=\"link-network-detail collapse\" href=\"https:\/\/www.gsmarena.com\/samsung_galaxy_a55-12824.php#\" data-spec=\"nettech\">GSM \/ HSPA \/ LTE \/ 5G<\/a><\/td>\r\n<\/tr>\r\n<\/tbody>\r\n<\/table>\r\n<table cellspacing=\"0\">\r\n<tbody>\r\n<tr>\r\n<th rowspan=\"2\" scope=\"row\">Launch<\/th>\r\n<td class=\"ttl\"><a href=\"https:\/\/www.gsmarena.com\/glossary.php3?term=phone-life-cycle\">Announced<\/a><\/td>\r\n<td class=\"nfo\" data-spec=\"year\">2024, March 11<\/td>\r\n<\/tr>\r\n<tr>\r\n<td class=\"ttl\"><a href=\"https:\/\/www.gsmarena.com\/glossary.php3?term=phone-life-cycle\">Status<\/a><\/td>\r\n<td class=\"nfo\" data-spec=\"status\">Available. Released 2024, March 15<\/td>\r\n<\/tr>\r\n<\/tbody>\r\n<\/table>\r\n<table cellspacing=\"0\">\r\n<tbody>\r\n<tr>\r\n<th rowspan=\"6\" scope=\"row\">Body<\/th>\r\n<td class=\"ttl\"><a href=\"https:\/\/www.gsmarena.com\/samsung_galaxy_a55-12824.php#\">Dimensions<\/a><\/td>\r\n<td class=\"nfo\" data-spec=\"dimensions\">161.1 x 77.4 x 8.2 mm (6.34 x 3.05 x 0.32 in)<\/td>\r\n<\/tr>\r\n<tr>\r\n<td class=\"ttl\"><a href=\"https:\/\/www.gsmarena.com\/samsung_galaxy_a55-12824.php#\">Weight<\/a><\/td>\r\n<td class=\"nfo\" data-spec=\"weight\">213 g (7.51 oz)<\/td>\r\n<\/tr>\r\n<tr>\r\n<td class=\"ttl\"><a href=\"https:\/\/www.gsmarena.com\/glossary.php3?term=build\">Build<\/a><\/td>\r\n<td class=\"nfo\" data-spec=\"build\">Glass front (Gorilla Glass Victus+), glass back (Gorilla Glass), aluminum frame<\/td>\r\n<\/tr>\r\n<tr>\r\n<td class=\"ttl\"><a href=\"https:\/\/www.gsmarena.com\/glossary.php3?term=sim\">SIM<\/a><\/td>\r\n<td class=\"nfo\" data-spec=\"sim\">Nano-SIM\r\nNano-SIM +\u00a0<a href=\"https:\/\/www.gsmarena.com\/glossary.php3?term=esim\">eSIM<\/a>\r\nNano-SIM + Nano-SIM\r\nNano-SIM + Nano-SIM + eSIM (max 2 at a time)<\/td>\r\n<\/tr>\r\n<tr>\r\n<td class=\"ttl\"><\/td>\r\n<td class=\"nfo\" data-spec=\"bodyother\">IP67 dust\/water resistant (up to 1m for 30 min)<\/td>\r\n<\/tr>\r\n<\/tbody>\r\n<\/table>\r\n<table cellspacing=\"0\">\r\n<tbody>\r\n<tr>\r\n<th rowspan=\"5\" scope=\"row\">Display<\/th>\r\n<td class=\"ttl\"><a href=\"https:\/\/www.gsmarena.com\/glossary.php3?term=display-type\">Type<\/a><\/td>\r\n<td class=\"nfo\" data-spec=\"displaytype\">Super AMOLED, 120Hz, HDR10+, 1000 nits (HBM)<\/td>\r\n<\/tr>\r\n<tr>\r\n<td class=\"ttl\"><a href=\"https:\/\/www.gsmarena.com\/samsung_galaxy_a55-12824.php#\">Size<\/a><\/td>\r\n<td class=\"nfo\" data-spec=\"displaysize\">6.6 inches, 106.9 cm<sup>2<\/sup>\u00a0(~85.8% screen-to-body ratio)<\/td>\r\n<\/tr>\r\n<tr>\r\n<td class=\"ttl\"><a href=\"https:\/\/www.gsmarena.com\/glossary.php3?term=resolution\">Resolution<\/a><\/td>\r\n<td class=\"nfo\" data-spec=\"displayresolution\">1080 x 2340 pixels, 19.5:9 ratio (~390 ppi density)<\/td>\r\n<\/tr>\r\n<tr>\r\n<td class=\"ttl\"><a href=\"https:\/\/www.gsmarena.com\/glossary.php3?term=screen-protection\">Protection<\/a><\/td>\r\n<td class=\"nfo\" data-spec=\"displayprotection\">Corning Gorilla Glass Victus+<\/td>\r\n<\/tr>\r\n<tr>\r\n<td class=\"ttl\"><\/td>\r\n<td class=\"nfo\" data-spec=\"displayother\">Always-on display<\/td>\r\n<\/tr>\r\n<\/tbody>\r\n<\/table>\r\n<table cellspacing=\"0\">\r\n<tbody>\r\n<tr>\r\n<th rowspan=\"4\" scope=\"row\">Platform<\/th>\r\n<td class=\"ttl\"><a href=\"https:\/\/www.gsmarena.com\/glossary.php3?term=os\">OS<\/a><\/td>\r\n<td class=\"nfo\" data-spec=\"os\">Android 14, up to 4 major Android upgrades, One UI 6.1<\/td>\r\n<\/tr>\r\n<tr>\r\n<td class=\"ttl\"><a href=\"https:\/\/www.gsmarena.com\/glossary.php3?term=chipset\">Chipset<\/a><\/td>\r\n<td class=\"nfo\" data-spec=\"chipset\">Exynos 1480 (4 nm)<\/td>\r\n<\/tr>\r\n<tr>\r\n<td class=\"ttl\"><a href=\"https:\/\/www.gsmarena.com\/glossary.php3?term=cpu\">CPU<\/a><\/td>\r\n<td class=\"nfo\" data-spec=\"cpu\">Octa-core (4&#215;2.75 GHz Cortex-A78 &amp; 4&#215;2.0 GHz Cortex-A55)<\/td>\r\n<\/tr>\r\n<tr>\r\n<td class=\"ttl\"><a href=\"https:\/\/www.gsmarena.com\/glossary.php3?term=gpu\">GPU<\/a><\/td>\r\n<td class=\"nfo\" data-spec=\"gpu\">Xclipse 530<\/td>\r\n<\/tr>\r\n<\/tbody>\r\n<\/table>\r\n<table cellspacing=\"0\">\r\n<tbody>\r\n<tr>\r\n<th rowspan=\"5\" scope=\"row\">Memory<\/th>\r\n<td class=\"ttl\"><a href=\"https:\/\/www.gsmarena.com\/glossary.php3?term=memory-card-slot\">Card slot<\/a><\/td>\r\n<td class=\"nfo\" data-spec=\"memoryslot\">microSDXC (uses shared SIM slot)<\/td>\r\n<\/tr>\r\n<tr>\r\n<td class=\"ttl\"><a href=\"https:\/\/www.gsmarena.com\/glossary.php3?term=dynamic-memory\">Internal<\/a><\/td>\r\n<td class=\"nfo\" data-spec=\"internalmemory\">128GB 6GB RAM, 128GB 8GB RAM, 256GB 6GB RAM, 256GB 8GB RAM, 256GB 12GB RAM<\/td>\r\n<\/tr>\r\n<\/tbody>\r\n<\/table>\r\n<table cellspacing=\"0\">\r\n<tbody>\r\n<tr>\r\n<th class=\"small-line-height\" rowspan=\"4\" scope=\"row\">Main Camera<\/th>\r\n<td class=\"ttl\"><a href=\"https:\/\/www.gsmarena.com\/glossary.php3?term=camera\">Triple<\/a><\/td>\r\n<td class=\"nfo\" data-spec=\"cam1modules\">50 MP, f\/1.8, (wide), 1\/1.56&#8243;, 1.0\u00b5m, PDAF, OIS\r\n12 MP, f\/2.2, 123\u02da (ultrawide), 1\/3.06&#8243;, 1.12\u00b5m\r\n5 MP, f\/2.4, (macro)<\/td>\r\n<\/tr>\r\n<tr>\r\n<td class=\"ttl\"><a href=\"https:\/\/www.gsmarena.com\/glossary.php3?term=camera\">Features<\/a><\/td>\r\n<td class=\"nfo\" data-spec=\"cam1features\">LED flash, panorama, HDR<\/td>\r\n<\/tr>\r\n<tr>\r\n<td class=\"ttl\"><a href=\"https:\/\/www.gsmarena.com\/glossary.php3?term=camera\">Video<\/a><\/td>\r\n<td class=\"nfo\" data-spec=\"cam1video\">4K@30fps, 1080p@30\/60fps, gyro-EIS<\/td>\r\n<\/tr>\r\n<\/tbody>\r\n<\/table>\r\n<table cellspacing=\"0\">\r\n<tbody>\r\n<tr>\r\n<th class=\"small-line-height\" rowspan=\"4\" scope=\"row\">Selfie camera<\/th>\r\n<td class=\"ttl\"><a href=\"https:\/\/www.gsmarena.com\/glossary.php3?term=secondary-camera\">Single<\/a><\/td>\r\n<td class=\"nfo\" data-spec=\"cam2modules\">32 MP, f\/2.2, 26mm (wide), 1\/2.74&#8243;, 0.8\u00b5m<\/td>\r\n<\/tr>\r\n<tr>\r\n<td class=\"ttl\"><a href=\"https:\/\/www.gsmarena.com\/glossary.php3?term=secondary-camera\">Video<\/a><\/td>\r\n<td class=\"nfo\" data-spec=\"cam2video\">4K@30fps, 1080p@30\/60fps<\/td>\r\n<\/tr>\r\n<\/tbody>\r\n<\/table>\r\n<table cellspacing=\"0\">\r\n<tbody>\r\n<tr>\r\n<th rowspan=\"3\" scope=\"row\">Sound<\/th>\r\n<td class=\"ttl\"><a href=\"https:\/\/www.gsmarena.com\/glossary.php3?term=loudspeaker\">Loudspeaker<\/a><\/td>\r\n<td class=\"nfo\">Yes, with stereo speakers<\/td>\r\n<\/tr>\r\n<tr>\r\n<td class=\"ttl\"><a href=\"https:\/\/www.gsmarena.com\/glossary.php3?term=audio-jack\">3.5mm jack<\/a><\/td>\r\n<td class=\"nfo\">No<\/td>\r\n<\/tr>\r\n<\/tbody>\r\n<\/table>\r\n<table cellspacing=\"0\">\r\n<tbody>\r\n<tr>\r\n<th rowspan=\"9\" scope=\"row\">Comms<\/th>\r\n<td class=\"ttl\"><a href=\"https:\/\/www.gsmarena.com\/glossary.php3?term=wi-fi\">WLAN<\/a><\/td>\r\n<td class=\"nfo\" data-spec=\"wlan\">Wi-Fi 802.11 a\/b\/g\/n\/ac\/6, dual-band, Wi-Fi Direct<\/td>\r\n<\/tr>\r\n<tr>\r\n<td class=\"ttl\"><a href=\"https:\/\/www.gsmarena.com\/glossary.php3?term=bluetooth\">Bluetooth<\/a><\/td>\r\n<td class=\"nfo\" data-spec=\"bluetooth\">5.3, A2DP, LE<\/td>\r\n<\/tr>\r\n<tr>\r\n<td class=\"ttl\"><a href=\"https:\/\/www.gsmarena.com\/glossary.php3?term=gnss\">Positioning<\/a><\/td>\r\n<td class=\"nfo\" data-spec=\"gps\">GPS, GALILEO, GLONASS, BDS, QZSS<\/td>\r\n<\/tr>\r\n<tr>\r\n<td class=\"ttl\"><a href=\"https:\/\/www.gsmarena.com\/glossary.php3?term=nfc\">NFC<\/a><\/td>\r\n<td class=\"nfo\" data-spec=\"nfc\">Yes (market\/region dependent)<\/td>\r\n<\/tr>\r\n<tr>\r\n<td class=\"ttl\"><a href=\"https:\/\/www.gsmarena.com\/glossary.php3?term=fm-radio\">Radio<\/a><\/td>\r\n<td class=\"nfo\" data-spec=\"radio\">No<\/td>\r\n<\/tr>\r\n<tr>\r\n<td class=\"ttl\"><a href=\"https:\/\/www.gsmarena.com\/glossary.php3?term=usb\">USB<\/a><\/td>\r\n<td class=\"nfo\" data-spec=\"usb\">USB Type-C 2.0, OTG<\/td>\r\n<\/tr>\r\n<\/tbody>\r\n<\/table>\r\n<table cellspacing=\"0\">\r\n<tbody>\r\n<tr>\r\n<th rowspan=\"9\" scope=\"row\">Features<\/th>\r\n<td class=\"ttl\"><a href=\"https:\/\/www.gsmarena.com\/glossary.php3?term=sensors\">Sensors<\/a><\/td>\r\n<td class=\"nfo\" data-spec=\"sensors\">Fingerprint (under display, optical), accelerometer, gyro, compass<\/td>\r\n<\/tr>\r\n<tr>\r\n<td class=\"ttl\"><\/td>\r\n<td class=\"nfo\" data-spec=\"featuresother\">Virtual proximity sensing\r\nCircle to Search<\/td>\r\n<\/tr>\r\n<\/tbody>\r\n<\/table>\r\n<table cellspacing=\"0\">\r\n<tbody>\r\n<tr>\r\n<th rowspan=\"7\" scope=\"row\">Battery<\/th>\r\n<td class=\"ttl\"><a href=\"https:\/\/www.gsmarena.com\/glossary.php3?term=rechargeable-battery-types\">Type<\/a><\/td>\r\n<td class=\"nfo\" data-spec=\"batdescription1\">Li-Ion 5000 mAh<\/td>\r\n<\/tr>\r\n<tr>\r\n<td class=\"ttl\"><a href=\"https:\/\/www.gsmarena.com\/glossary.php3?term=battery-charging\">Charging<\/a><\/td>\r\n<td class=\"nfo\">25W wired<\/td>\r\n<\/tr>\r\n<\/tbody>\r\n<\/table>\r\n<table cellspacing=\"0\">\r\n<tbody>\r\n<tr>\r\n<th rowspan=\"6\" scope=\"row\">Misc<\/th>\r\n<td class=\"ttl\"><a href=\"https:\/\/www.gsmarena.com\/glossary.php3?term=build\">Colors<\/a><\/td>\r\n<td class=\"nfo\" data-spec=\"colors\">Iceblue, Lilac, Navy, Lemon<\/td>\r\n<\/tr>\r\n<tr>\r\n<td class=\"ttl\"><a href=\"https:\/\/www.gsmarena.com\/glossary.php3?term=models\">Models<\/a><\/td>\r\n<td class=\"nfo\" data-spec=\"models\">SM-A556V, SM-A556B, SM-A556B\/DS, SM-A556E, SM-A556E\/DS, SM-A5560<\/td>\r\n<\/tr>\r\n<tr>\r\n<td class=\"ttl\"><a href=\"https:\/\/www.gsmarena.com\/glossary.php3?term=sar\">SAR EU<\/a><\/td>\r\n<td class=\"nfo\" data-spec=\"sar-eu\">0.68 W\/kg (head) \u00a0 \u00a0 1.04 W\/kg (body)<\/td>\r\n<\/tr>\r\n<tr>\r\n<td class=\"ttl\"><\/td>\r\n<td class=\"nfo\" data-spec=\"price\"><\/td>\r\n<\/tr>\r\n<\/tbody>\r\n<\/table>\r\n<table cellspacing=\"0\">\r\n<tbody>\r\n<tr>\r\n<th rowspan=\"4\" scope=\"row\">Tests<\/th>\r\n<td class=\"ttl\"><a href=\"https:\/\/www.gsmarena.com\/glossary.php3?term=benchmarking\">Performance<\/a><\/td>\r\n<td class=\"nfo\" data-spec=\"tbench\">AnTuTu: 635598 (v9), 726158 (v10)\r\n\r\nGeekBench: 3259 (v5), 3350 (v6)\r\n3DMark: 1024 (Wild Life Extreme)<\/td>\r\n<\/tr>\r\n<tr>\r\n<td class=\"ttl\"><a href=\"https:\/\/www.gsmarena.com\/gsmarena_lab_tests-review-751p2.php\">Display<\/a><\/td>\r\n<td class=\"nfo\"><a class=\"noUnd\" href=\"https:\/\/www.gsmarena.com\/samsung_galaxy_a55-review-2684p3.php\">1010 nits max brightness (measured)<\/a><\/td>\r\n<\/tr>\r\n<tr>\r\n<td class=\"ttl\"><a href=\"https:\/\/www.gsmarena.com\/gsmarena_lab_tests-review-751p7.php\">Loudspeaker<\/a><\/td>\r\n<td class=\"nfo\"><a class=\"noUnd\" href=\"https:\/\/www.gsmarena.com\/samsung_galaxy_a55-review-2684p3.php#lt\">-25.7 LUFS (Very good)<\/a><\/td>\r\n<\/tr>\r\n<tr>\r\n<td class=\"ttl\"><\/td>\r\n<td class=\"nfo\" data-spec=\"batlife2\"><\/td>\r\n<\/tr>\r\n<\/tbody>\r\n<\/table>","protected":false},"excerpt":{"rendered":"Conoce el Galaxy A55 5G.\u00a0<b>La serie Galaxy A, simple pero mejorada, viene en un dise\u00f1o ic\u00f3nico con un dise\u00f1o de 3 c\u00e1maras en un dise\u00f1o de marco plano de metal para un agarre f\u00e1cil e intuitivo<\/b>. Adem\u00e1s, est\u00e1 construido con Corning\u00ae Gorilla\u00ae Glass Victus\u00ae+, lo que lo hace m\u00e1s resistente y resistente a los da\u00f1os.\r\n\r\n&nbsp;\r\n\r\nImagen Ilustrativa, disponibilidad sujeta a stock.","protected":false},"featured_media":4304,"comment_status":"open","ping_status":"closed","template":"","meta":[],"_links":{"self":[{"href":"https:\/\/www.ellogo.com.uy\/web\/wp-json\/wp\/v2\/product\/4303"}],"collection":[{"href":"https:\/\/www.ellogo.com.uy\/web\/wp-json\/wp\/v2\/product"}],"about":[{"href":"https:\/\/www.ellogo.com.uy\/web\/wp-json\/wp\/v2\/types\/product"}],"replies":[{"embeddable":true,"href":"https:\/\/www.ellogo.com.uy\/web\/wp-json\/wp\/v2\/comments?post=4303"}],"wp:featuredmedia":[{"embeddable":true,"href":"https:\/\/www.ellogo.com.uy\/web\/wp-json\/wp\/v2\/media\/4304"}],"wp:attachment":[{"href":"https:\/\/www.ellogo.com.uy\/web\/wp-json\/wp\/v2\/media?parent=4303"}],"curies":[{"name":"wp","href":"https:\/\/api.w.org\/{rel}","templated":true}]}}