{"id":4325,"date":"2025-06-04T14:56:17","date_gmt":"2025-06-04T17:56:17","guid":{"rendered":"https:\/\/www.ellogo.com.uy\/web\/?post_type=product&#038;p=4325"},"modified":"2025-06-05T16:01:02","modified_gmt":"2025-06-05T19:01:02","slug":"xiaomi-redmi-note-14-5g","status":"publish","type":"product","link":"https:\/\/www.ellogo.com.uy\/web\/producto\/xiaomi-redmi-note-14-5g\/","title":{"rendered":"Xiaomi Redmi Note 14 5G"},"content":{"rendered":"<table cellspacing=\"0\">\r\n<tbody>\r\n<tr class=\"tr-hover\">\r\n<th rowspan=\"15\" scope=\"row\">Network<\/th>\r\n<td class=\"ttl\"><a href=\"https:\/\/www.gsmarena.com\/network-bands.php3\">Technology<\/a><\/td>\r\n<td class=\"nfo\"><a class=\"link-network-detail collapse\" href=\"https:\/\/www.gsmarena.com\/xiaomi_redmi_note_14_5g_(global)-13615.php#\" data-spec=\"nettech\">GSM \/ HSPA \/ LTE \/ 5G<\/a><\/td>\r\n<\/tr>\r\n<\/tbody>\r\n<\/table>\r\n<table cellspacing=\"0\">\r\n<tbody>\r\n<tr>\r\n<th rowspan=\"2\" scope=\"row\">Launch<\/th>\r\n<td class=\"ttl\"><a href=\"https:\/\/www.gsmarena.com\/glossary.php3?term=phone-life-cycle\">Announced<\/a><\/td>\r\n<td class=\"nfo\" data-spec=\"year\">2025, January 10<\/td>\r\n<\/tr>\r\n<tr>\r\n<td class=\"ttl\"><a href=\"https:\/\/www.gsmarena.com\/glossary.php3?term=phone-life-cycle\">Status<\/a><\/td>\r\n<td class=\"nfo\" data-spec=\"status\">Available. Released 2025, January 16<\/td>\r\n<\/tr>\r\n<\/tbody>\r\n<\/table>\r\n<table cellspacing=\"0\">\r\n<tbody>\r\n<tr>\r\n<th rowspan=\"6\" scope=\"row\">Body<\/th>\r\n<td class=\"ttl\"><a href=\"https:\/\/www.gsmarena.com\/xiaomi_redmi_note_14_5g_(global)-13615.php#\">Dimensions<\/a><\/td>\r\n<td class=\"nfo\" data-spec=\"dimensions\">162.4 x 75.7 x 8 mm (6.39 x 2.98 x 0.31 in)<\/td>\r\n<\/tr>\r\n<tr>\r\n<td class=\"ttl\"><a href=\"https:\/\/www.gsmarena.com\/xiaomi_redmi_note_14_5g_(global)-13615.php#\">Weight<\/a><\/td>\r\n<td class=\"nfo\" data-spec=\"weight\">190 g (6.70 oz)<\/td>\r\n<\/tr>\r\n<tr>\r\n<td class=\"ttl\"><a href=\"https:\/\/www.gsmarena.com\/glossary.php3?term=build\">Build<\/a><\/td>\r\n<td class=\"nfo\" data-spec=\"build\">Glass front (Gorilla Glass 5), plastic back, plastic frame<\/td>\r\n<\/tr>\r\n<tr>\r\n<td class=\"ttl\"><a href=\"https:\/\/www.gsmarena.com\/glossary.php3?term=sim\">SIM<\/a><\/td>\r\n<td class=\"nfo\" data-spec=\"sim\">Nano-SIM + Nano-SIM<\/td>\r\n<\/tr>\r\n<tr>\r\n<td class=\"ttl\"><\/td>\r\n<td class=\"nfo\" data-spec=\"bodyother\">IP64 dust tight and water resistant (water splashes)<\/td>\r\n<\/tr>\r\n<\/tbody>\r\n<\/table>\r\n<table cellspacing=\"0\">\r\n<tbody>\r\n<tr>\r\n<th rowspan=\"5\" scope=\"row\">Display<\/th>\r\n<td class=\"ttl\"><a href=\"https:\/\/www.gsmarena.com\/glossary.php3?term=display-type\">Type<\/a><\/td>\r\n<td class=\"nfo\" data-spec=\"displaytype\">AMOLED, 120Hz, HDR10+, 1200 nits (HBM), 2100 nits (peak)<\/td>\r\n<\/tr>\r\n<tr>\r\n<td class=\"ttl\"><a href=\"https:\/\/www.gsmarena.com\/xiaomi_redmi_note_14_5g_(global)-13615.php#\">Size<\/a><\/td>\r\n<td class=\"nfo\" data-spec=\"displaysize\">6.67 inches, 107.4 cm<sup>2<\/sup>\u00a0(~87.4% screen-to-body ratio)<\/td>\r\n<\/tr>\r\n<tr>\r\n<td class=\"ttl\"><a href=\"https:\/\/www.gsmarena.com\/glossary.php3?term=resolution\">Resolution<\/a><\/td>\r\n<td class=\"nfo\" data-spec=\"displayresolution\">1080 x 2400 pixels, 20:9 ratio (~395 ppi density)<\/td>\r\n<\/tr>\r\n<tr>\r\n<td class=\"ttl\"><a href=\"https:\/\/www.gsmarena.com\/glossary.php3?term=screen-protection\">Protection<\/a><\/td>\r\n<td class=\"nfo\" data-spec=\"displayprotection\">Corning Gorilla Glass 5<\/td>\r\n<\/tr>\r\n<tr>\r\n<td class=\"ttl\"><\/td>\r\n<td class=\"nfo\" data-spec=\"displayother\">Always-on display<\/td>\r\n<\/tr>\r\n<\/tbody>\r\n<\/table>\r\n<table cellspacing=\"0\">\r\n<tbody>\r\n<tr>\r\n<th rowspan=\"4\" scope=\"row\">Platform<\/th>\r\n<td class=\"ttl\"><a href=\"https:\/\/www.gsmarena.com\/glossary.php3?term=os\">OS<\/a><\/td>\r\n<td class=\"nfo\" data-spec=\"os\">Android 14, up to 2 major Android upgrades, HyperOS<\/td>\r\n<\/tr>\r\n<tr>\r\n<td class=\"ttl\"><a href=\"https:\/\/www.gsmarena.com\/glossary.php3?term=chipset\">Chipset<\/a><\/td>\r\n<td class=\"nfo\" data-spec=\"chipset\">Mediatek Dimensity 7025 Ultra (6 nm)<\/td>\r\n<\/tr>\r\n<tr>\r\n<td class=\"ttl\"><a href=\"https:\/\/www.gsmarena.com\/glossary.php3?term=cpu\">CPU<\/a><\/td>\r\n<td class=\"nfo\" data-spec=\"cpu\">Octa-core (2&#215;2.5 GHz Cortex-A78 &amp; 6&#215;2.0 GHz Cortex-A55)<\/td>\r\n<\/tr>\r\n<tr>\r\n<td class=\"ttl\"><a href=\"https:\/\/www.gsmarena.com\/glossary.php3?term=gpu\">GPU<\/a><\/td>\r\n<td class=\"nfo\" data-spec=\"gpu\">IMG BXM-8-256<\/td>\r\n<\/tr>\r\n<\/tbody>\r\n<\/table>\r\n<table cellspacing=\"0\">\r\n<tbody>\r\n<tr>\r\n<th rowspan=\"5\" scope=\"row\">Memory<\/th>\r\n<td class=\"ttl\"><a href=\"https:\/\/www.gsmarena.com\/glossary.php3?term=memory-card-slot\">Card slot<\/a><\/td>\r\n<td class=\"nfo\" data-spec=\"memoryslot\">microSDXC (uses shared SIM slot)<\/td>\r\n<\/tr>\r\n<tr>\r\n<td class=\"ttl\"><a href=\"https:\/\/www.gsmarena.com\/glossary.php3?term=dynamic-memory\">Internal<\/a><\/td>\r\n<td class=\"nfo\" data-spec=\"internalmemory\">128GB 6GB RAM, 256GB 8GB RAM, 256GB 12GB RAM, 512GB 12GB RAM<\/td>\r\n<\/tr>\r\n<tr>\r\n<td class=\"ttl\"><\/td>\r\n<td class=\"nfo\" data-spec=\"memoryother\">UFS 2.2<\/td>\r\n<\/tr>\r\n<\/tbody>\r\n<\/table>\r\n<table cellspacing=\"0\">\r\n<tbody>\r\n<tr>\r\n<th class=\"small-line-height\" rowspan=\"4\" scope=\"row\">Main Camera<\/th>\r\n<td class=\"ttl\"><a href=\"https:\/\/www.gsmarena.com\/glossary.php3?term=camera\">Triple<\/a><\/td>\r\n<td class=\"nfo\" data-spec=\"cam1modules\">108 MP, f\/1.7, 24mm (wide), 1\/1.67&#8243;, 0.64\u00b5m, PDAF, OIS\r\n8 MP, f\/2.2, 16mm (ultrawide), 1\/4.4&#8243;, 1.0\u00b5m\r\n2 MP, f\/2.4, (macro)<\/td>\r\n<\/tr>\r\n<tr>\r\n<td class=\"ttl\"><a href=\"https:\/\/www.gsmarena.com\/glossary.php3?term=camera\">Features<\/a><\/td>\r\n<td class=\"nfo\" data-spec=\"cam1features\">LED flash, HDR, panorama<\/td>\r\n<\/tr>\r\n<tr>\r\n<td class=\"ttl\"><a href=\"https:\/\/www.gsmarena.com\/glossary.php3?term=camera\">Video<\/a><\/td>\r\n<td class=\"nfo\" data-spec=\"cam1video\">1080p@30fps, gyro-EIS, OIS<\/td>\r\n<\/tr>\r\n<\/tbody>\r\n<\/table>\r\n<table cellspacing=\"0\">\r\n<tbody>\r\n<tr>\r\n<th class=\"small-line-height\" rowspan=\"4\" scope=\"row\">Selfie camera<\/th>\r\n<td class=\"ttl\"><a href=\"https:\/\/www.gsmarena.com\/glossary.php3?term=secondary-camera\">Single<\/a><\/td>\r\n<td class=\"nfo\" data-spec=\"cam2modules\">20 MP, f\/2.2, 21mm (wide), 1\/4.0&#8243;, 0.7\u00b5m<\/td>\r\n<\/tr>\r\n<tr>\r\n<td class=\"ttl\"><a href=\"https:\/\/www.gsmarena.com\/glossary.php3?term=secondary-camera\">Video<\/a><\/td>\r\n<td class=\"nfo\" data-spec=\"cam2video\">1080p@30fps<\/td>\r\n<\/tr>\r\n<\/tbody>\r\n<\/table>\r\n<table cellspacing=\"0\">\r\n<tbody>\r\n<tr>\r\n<th rowspan=\"3\" scope=\"row\">Sound<\/th>\r\n<td class=\"ttl\"><a href=\"https:\/\/www.gsmarena.com\/glossary.php3?term=loudspeaker\">Loudspeaker<\/a><\/td>\r\n<td class=\"nfo\">Yes, with stereo speakers (with Dolby Atmos)<\/td>\r\n<\/tr>\r\n<tr>\r\n<td class=\"ttl\"><a href=\"https:\/\/www.gsmarena.com\/glossary.php3?term=audio-jack\">3.5mm jack<\/a><\/td>\r\n<td class=\"nfo\">Yes<\/td>\r\n<\/tr>\r\n<tr>\r\n<td class=\"ttl\"><\/td>\r\n<td class=\"nfo\" data-spec=\"optionalother\">24-bit\/192kHz Hi-Res audio<\/td>\r\n<\/tr>\r\n<\/tbody>\r\n<\/table>\r\n<table cellspacing=\"0\">\r\n<tbody>\r\n<tr>\r\n<th rowspan=\"9\" scope=\"row\">Comms<\/th>\r\n<td class=\"ttl\"><a href=\"https:\/\/www.gsmarena.com\/glossary.php3?term=wi-fi\">WLAN<\/a><\/td>\r\n<td class=\"nfo\" data-spec=\"wlan\">Wi-Fi 802.11 a\/b\/g\/n\/ac, dual-band, Wi-Fi Direct<\/td>\r\n<\/tr>\r\n<tr>\r\n<td class=\"ttl\"><a href=\"https:\/\/www.gsmarena.com\/glossary.php3?term=bluetooth\">Bluetooth<\/a><\/td>\r\n<td class=\"nfo\" data-spec=\"bluetooth\">5.3, A2DP, LE<\/td>\r\n<\/tr>\r\n<tr>\r\n<td class=\"ttl\"><a href=\"https:\/\/www.gsmarena.com\/glossary.php3?term=gnss\">Positioning<\/a><\/td>\r\n<td class=\"nfo\" data-spec=\"gps\">GPS, GLONASS, BDS, GALILEO<\/td>\r\n<\/tr>\r\n<tr>\r\n<td class=\"ttl\"><a href=\"https:\/\/www.gsmarena.com\/glossary.php3?term=nfc\">NFC<\/a><\/td>\r\n<td class=\"nfo\" data-spec=\"nfc\">Yes (market\/region dependent)<\/td>\r\n<\/tr>\r\n<tr>\r\n<td class=\"ttl\"><a href=\"https:\/\/www.gsmarena.com\/glossary.php3?term=irda\">Infrared port<\/a><\/td>\r\n<td class=\"nfo\">Yes<\/td>\r\n<\/tr>\r\n<tr>\r\n<td class=\"ttl\"><a href=\"https:\/\/www.gsmarena.com\/glossary.php3?term=fm-radio\">Radio<\/a><\/td>\r\n<td class=\"nfo\" data-spec=\"radio\">FM radio<\/td>\r\n<\/tr>\r\n<tr>\r\n<td class=\"ttl\"><a href=\"https:\/\/www.gsmarena.com\/glossary.php3?term=usb\">USB<\/a><\/td>\r\n<td class=\"nfo\" data-spec=\"usb\">USB Type-C 2.0, OTG<\/td>\r\n<\/tr>\r\n<\/tbody>\r\n<\/table>\r\n<table cellspacing=\"0\">\r\n<tbody>\r\n<tr>\r\n<th rowspan=\"9\" scope=\"row\">Features<\/th>\r\n<td class=\"ttl\"><a href=\"https:\/\/www.gsmarena.com\/glossary.php3?term=sensors\">Sensors<\/a><\/td>\r\n<td class=\"nfo\" data-spec=\"sensors\">Fingerprint (under display, optical), accelerometer, gyro, compass<\/td>\r\n<\/tr>\r\n<tr>\r\n<td class=\"ttl\"><\/td>\r\n<td class=\"nfo\" data-spec=\"featuresother\">Virtual proximity sensing<\/td>\r\n<\/tr>\r\n<\/tbody>\r\n<\/table>\r\n<table cellspacing=\"0\">\r\n<tbody>\r\n<tr>\r\n<th rowspan=\"7\" scope=\"row\">Battery<\/th>\r\n<td class=\"ttl\"><a href=\"https:\/\/www.gsmarena.com\/glossary.php3?term=rechargeable-battery-types\">Type<\/a><\/td>\r\n<td class=\"nfo\" data-spec=\"batdescription1\">5110 mAh<\/td>\r\n<\/tr>\r\n<tr>\r\n<td class=\"ttl\"><a href=\"https:\/\/www.gsmarena.com\/glossary.php3?term=battery-charging\">Charging<\/a><\/td>\r\n<td class=\"nfo\">45W wired<\/td>\r\n<\/tr>\r\n<\/tbody>\r\n<\/table>\r\n<table cellspacing=\"0\">\r\n<tbody>\r\n<tr>\r\n<th rowspan=\"6\" scope=\"row\">Misc<\/th>\r\n<td class=\"ttl\"><a href=\"https:\/\/www.gsmarena.com\/glossary.php3?term=build\">Colors<\/a><\/td>\r\n<td class=\"nfo\" data-spec=\"colors\">Midnight Black, Lavender Purple, Coral Green<\/td>\r\n<\/tr>\r\n<tr>\r\n<td class=\"ttl\"><a href=\"https:\/\/www.gsmarena.com\/glossary.php3?term=models\">Models<\/a><\/td>\r\n<td class=\"nfo\" data-spec=\"models\">24094RAD4G<\/td>\r\n<\/tr>\r\n<tr>\r\n<td class=\"ttl\"><a href=\"https:\/\/www.gsmarena.com\/glossary.php3?term=sar\">SAR EU<\/a><\/td>\r\n<td class=\"nfo\" data-spec=\"sar-eu\">0.99 W\/kg (head) \u00a0 \u00a0 1.00 W\/kg (body)<\/td>\r\n<\/tr>\r\n<tr>\r\n<td class=\"ttl\"><\/td>\r\n<td class=\"nfo\" data-spec=\"price\"><\/td>\r\n<\/tr>\r\n<\/tbody>\r\n<\/table>\r\n<table cellspacing=\"0\">\r\n<tbody>\r\n<tr>\r\n<th rowspan=\"4\" scope=\"row\">Tests<\/th>\r\n<td class=\"ttl\"><a href=\"https:\/\/www.gsmarena.com\/glossary.php3?term=benchmarking\">Performance<\/a><\/td>\r\n<td class=\"nfo\" data-spec=\"tbench\">AnTuTu: 463129 (v10)\r\nGeekBench: 2258 (v6)<\/td>\r\n<\/tr>\r\n<tr>\r\n<td class=\"ttl\"><a href=\"https:\/\/www.gsmarena.com\/gsmarena_lab_tests-review-751p2.php\">Display<\/a><\/td>\r\n<td class=\"nfo\"><a class=\"noUnd\" href=\"https:\/\/www.gsmarena.com\/xiaomi_redmi_note_14_5g-review-2797p3.php\">1168 nits max brightness (measured)<\/a><\/td>\r\n<\/tr>\r\n<tr>\r\n<td class=\"ttl\"><a href=\"https:\/\/www.gsmarena.com\/gsmarena_lab_tests-review-751p7.php\">Loudspeaker<\/a><\/td>\r\n<td class=\"nfo\"><a class=\"noUnd\" href=\"https:\/\/www.gsmarena.com\/xiaomi_redmi_note_14_5g-review-2797p3.php#lt\">-22.7 LUFS (Excellent)<\/a><\/td>\r\n<\/tr>\r\n<tr>\r\n<td class=\"ttl\"><\/td>\r\n<td class=\"nfo\" data-spec=\"batlife2\"><\/td>\r\n<\/tr>\r\n<\/tbody>\r\n<\/table>","protected":false},"excerpt":{"rendered":"El\u00a0<strong>Xiaomi Redmi Note 14 5G<\/strong>\u00a0es un smartphone Android con una pantalla AMOLED de 6.67 pulgadas y potenciado por un procesador Mediatek Dimensity 7025 Ultra con hasta 12GB de RAM y 512GB de almacenamiento interno. El Redmi Note 14 tiene una c\u00e1mara triple con sensor principal de 108MP y OIS, se alimenta de una bater\u00eda de 5110 mAh con soporte para carga r\u00e1pida, tiene parlantes duales, resistencia al agua y corre HyperOS basado en Android 14.\r\n\r\n&nbsp;\r\n\r\nImagen Ilustrativa, disponibilidad sujeta a stock.","protected":false},"featured_media":4326,"comment_status":"open","ping_status":"closed","template":"","meta":[],"_links":{"self":[{"href":"https:\/\/www.ellogo.com.uy\/web\/wp-json\/wp\/v2\/product\/4325"}],"collection":[{"href":"https:\/\/www.ellogo.com.uy\/web\/wp-json\/wp\/v2\/product"}],"about":[{"href":"https:\/\/www.ellogo.com.uy\/web\/wp-json\/wp\/v2\/types\/product"}],"replies":[{"embeddable":true,"href":"https:\/\/www.ellogo.com.uy\/web\/wp-json\/wp\/v2\/comments?post=4325"}],"wp:featuredmedia":[{"embeddable":true,"href":"https:\/\/www.ellogo.com.uy\/web\/wp-json\/wp\/v2\/media\/4326"}],"wp:attachment":[{"href":"https:\/\/www.ellogo.com.uy\/web\/wp-json\/wp\/v2\/media?parent=4325"}],"curies":[{"name":"wp","href":"https:\/\/api.w.org\/{rel}","templated":true}]}}