{"id":4331,"date":"2025-06-04T15:24:49","date_gmt":"2025-06-04T18:24:49","guid":{"rendered":"https:\/\/www.ellogo.com.uy\/web\/?post_type=product&#038;p=4331"},"modified":"2025-06-05T16:02:36","modified_gmt":"2025-06-05T19:02:36","slug":"blu-a140","status":"publish","type":"product","link":"https:\/\/www.ellogo.com.uy\/web\/producto\/blu-a140\/","title":{"rendered":"BLU A140"},"content":{"rendered":"<ul>\r\n \t<li><strong data-ly-mutation-count=\"1\">Proveedor:\u00a0<\/strong>BLU<\/li>\r\n \t<li><strong>N\u00famero de Pieza:<\/strong>\u00a0A-140<\/li>\r\n \t<li><strong>Min Order Quantity:<\/strong>\u00a080<\/li>\r\n \t<li><strong>SKU:<\/strong>\u00a0BLU-A-140-B<\/li>\r\n \t<li><strong>C\u00f3digo de barras:<\/strong>\u00a0848958043546<\/li>\r\n<\/ul>\r\n<ul>\r\n \t<li><strong>Color:<\/strong>\u00a0Black<\/li>\r\n \t<li><strong>RAM Memory:<\/strong>\u00a0128MB + 48MB<\/li>\r\n \t<li><strong>Region Restrictions:<\/strong>\u00a0No Restrictions<\/li>\r\n \t<li><strong>Screen Size:<\/strong>\u00a01.8&#8243;<\/li>\r\n \t<li><strong>Especificaciones:<\/strong>\u00a0Latam<\/li>\r\n \t<li><strong>Warranty Period:<\/strong>\u00a01-Year<\/li>\r\n<\/ul>\r\n<ul>\r\n \t<li><strong>Unit Length<\/strong>\u00a04.5<\/li>\r\n \t<li><strong>Unit Width<\/strong>\u00a03<\/li>\r\n \t<li><strong>Unit Height<\/strong>\u00a02<\/li>\r\n \t<li><strong>Unit Weight<\/strong>\u00a00.3<\/li>\r\n \t<li><strong>Volume<\/strong>\u00a027<\/li>\r\n<\/ul>","protected":false},"excerpt":{"rendered":"<div class=\"product-description expanded\" data-v-ae1bda77=\"\">\r\n<div class=\"description-content\" data-v-ae1bda77=\"\">El A140 4G es una excelente opci\u00f3n para mantenerte siempre conectado. Con su tecnolog\u00eda Dual SIM, puedes gestionar dos l\u00edneas en un solo dispositivo. Captura tus mejores momentos con su c\u00e1mara trasera VGA y comp\u00e1rtelos f\u00e1cilmente mediante Bluetooth sin necesidad de Internet. Adem\u00e1s, su radio FM te permite disfrutar de noticias y entretenimiento en cualquier momento.<\/div>\r\n<\/div>\r\n<div class=\"description-fade hidden\" data-v-ae1bda77=\"\"><\/div>\r\n<div data-v-ae1bda77=\"\">Imagen Ilustrativa, disponibilidad sujeta a stock.<\/div>\r\n<button class=\"description-toggle-btn\" data-v-ae1bda77=\"\"><span data-v-ae1bda77=\"\">Ver menos<\/span><\/button>","protected":false},"featured_media":4332,"comment_status":"open","ping_status":"closed","template":"","meta":[],"_links":{"self":[{"href":"https:\/\/www.ellogo.com.uy\/web\/wp-json\/wp\/v2\/product\/4331"}],"collection":[{"href":"https:\/\/www.ellogo.com.uy\/web\/wp-json\/wp\/v2\/product"}],"about":[{"href":"https:\/\/www.ellogo.com.uy\/web\/wp-json\/wp\/v2\/types\/product"}],"replies":[{"embeddable":true,"href":"https:\/\/www.ellogo.com.uy\/web\/wp-json\/wp\/v2\/comments?post=4331"}],"wp:featuredmedia":[{"embeddable":true,"href":"https:\/\/www.ellogo.com.uy\/web\/wp-json\/wp\/v2\/media\/4332"}],"wp:attachment":[{"href":"https:\/\/www.ellogo.com.uy\/web\/wp-json\/wp\/v2\/media?parent=4331"}],"curies":[{"name":"wp","href":"https:\/\/api.w.org\/{rel}","templated":true}]}}