{"id":4337,"date":"2025-06-04T15:35:03","date_gmt":"2025-06-04T18:35:03","guid":{"rendered":"https:\/\/www.ellogo.com.uy\/web\/?post_type=product&#038;p=4337"},"modified":"2025-06-05T16:03:29","modified_gmt":"2025-06-05T19:03:29","slug":"blu-g64","status":"publish","type":"product","link":"https:\/\/www.ellogo.com.uy\/web\/producto\/blu-g64\/","title":{"rendered":"BLU G64"},"content":{"rendered":"<ul>\r\n \t<li>Modelo: 9575 \u2013 Verde | 9576 \u2013 Negro.<\/li>\r\n \t<li>Pantalla de 6,8 pulgadas.<\/li>\r\n \t<li>C\u00e1mara principal de 50 MP.<\/li>\r\n \t<li>C\u00e1mara frontal de 8 MP.<\/li>\r\n \t<li>Almacenamiento de hasta 256 GB.<\/li>\r\n \t<li>Procesador Octa-Core.<\/li>\r\n \t<li>Bater\u00eda de hasta 3 d\u00edas de duraci\u00f3n.<\/li>\r\n \t<li>Sensor de huellas dactilares.<\/li>\r\n \t<li>Acabado de vidrio mate resistente a huellas.<\/li>\r\n \t<li>Colores disponibles: morado, negro, dorado, melocot\u00f3n y verde.<\/li>\r\n \t<li>Sistema operativo Android 14.<\/li>\r\n \t<li>Conectividad 4G LTE.<\/li>\r\n \t<li>Dise\u00f1o elegante y moderno.<\/li>\r\n<\/ul>","protected":false},"excerpt":{"rendered":"El Celular BLU G64 de 6.8\u2033 cuenta con c\u00e1mara de 50 MP, hasta 256 GB de almacenamiento. Con dise\u00f1o elegante, sensor de huellas y Android 14, ofrece un rendimiento r\u00e1pido y personalizado.\r\n\r\n&nbsp;\r\n\r\nImagen Ilustrativa, disponibilidad sujeta a stock.","protected":false},"featured_media":4338,"comment_status":"open","ping_status":"closed","template":"","meta":[],"_links":{"self":[{"href":"https:\/\/www.ellogo.com.uy\/web\/wp-json\/wp\/v2\/product\/4337"}],"collection":[{"href":"https:\/\/www.ellogo.com.uy\/web\/wp-json\/wp\/v2\/product"}],"about":[{"href":"https:\/\/www.ellogo.com.uy\/web\/wp-json\/wp\/v2\/types\/product"}],"replies":[{"embeddable":true,"href":"https:\/\/www.ellogo.com.uy\/web\/wp-json\/wp\/v2\/comments?post=4337"}],"wp:featuredmedia":[{"embeddable":true,"href":"https:\/\/www.ellogo.com.uy\/web\/wp-json\/wp\/v2\/media\/4338"}],"wp:attachment":[{"href":"https:\/\/www.ellogo.com.uy\/web\/wp-json\/wp\/v2\/media?parent=4337"}],"curies":[{"name":"wp","href":"https:\/\/api.w.org\/{rel}","templated":true}]}}