{"id":4345,"date":"2025-06-04T17:17:15","date_gmt":"2025-06-04T20:17:15","guid":{"rendered":"https:\/\/www.ellogo.com.uy\/web\/?post_type=product&#038;p=4345"},"modified":"2025-06-05T16:04:49","modified_gmt":"2025-06-05T19:04:49","slug":"nokia-110-4g","status":"publish","type":"product","link":"https:\/\/www.ellogo.com.uy\/web\/producto\/nokia-110-4g\/","title":{"rendered":"Nokia 110 4G"},"content":{"rendered":"<table cellspacing=\"0\">\r\n<tbody>\r\n<tr class=\"tr-hover\">\r\n<th rowspan=\"15\" scope=\"row\">Network<\/th>\r\n<td class=\"ttl\"><a href=\"https:\/\/www.gsmarena.com\/network-bands.php3\">Technology<\/a><\/td>\r\n<td class=\"nfo\"><a class=\"link-network-detail collapse\" href=\"https:\/\/www.gsmarena.com\/nokia_110_4g_(2024)-13471.php#\" data-spec=\"nettech\">GSM \/ HSPA \/ LTE<\/a><\/td>\r\n<\/tr>\r\n<\/tbody>\r\n<\/table>\r\n<table cellspacing=\"0\">\r\n<tbody>\r\n<tr>\r\n<th rowspan=\"2\" scope=\"row\">Launch<\/th>\r\n<td class=\"ttl\"><a href=\"https:\/\/www.gsmarena.com\/glossary.php3?term=phone-life-cycle\">Announced<\/a><\/td>\r\n<td class=\"nfo\" data-spec=\"year\">2024, October 28<\/td>\r\n<\/tr>\r\n<tr>\r\n<td class=\"ttl\"><a href=\"https:\/\/www.gsmarena.com\/glossary.php3?term=phone-life-cycle\">Status<\/a><\/td>\r\n<td class=\"nfo\" data-spec=\"status\">Available. Released 2024, November<\/td>\r\n<\/tr>\r\n<\/tbody>\r\n<\/table>\r\n<table cellspacing=\"0\">\r\n<tbody>\r\n<tr>\r\n<th rowspan=\"6\" scope=\"row\">Body<\/th>\r\n<td class=\"ttl\"><a href=\"https:\/\/www.gsmarena.com\/nokia_110_4g_(2024)-13471.php#\">Dimensions<\/a><\/td>\r\n<td class=\"nfo\" data-spec=\"dimensions\">&#8211;<\/td>\r\n<\/tr>\r\n<tr>\r\n<td class=\"ttl\"><a href=\"https:\/\/www.gsmarena.com\/nokia_110_4g_(2024)-13471.php#\">Weight<\/a><\/td>\r\n<td class=\"nfo\" data-spec=\"weight\">&#8211;<\/td>\r\n<\/tr>\r\n<tr>\r\n<td class=\"ttl\"><a href=\"https:\/\/www.gsmarena.com\/glossary.php3?term=sim\">SIM<\/a><\/td>\r\n<td class=\"nfo\" data-spec=\"sim\">Nano-SIM + Nano-SIM<\/td>\r\n<\/tr>\r\n<tr>\r\n<td class=\"ttl\"><\/td>\r\n<td class=\"nfo\" data-spec=\"bodyother\">Flashlight<\/td>\r\n<\/tr>\r\n<\/tbody>\r\n<\/table>\r\n<table cellspacing=\"0\">\r\n<tbody>\r\n<tr>\r\n<th rowspan=\"5\" scope=\"row\">Display<\/th>\r\n<td class=\"ttl\"><a href=\"https:\/\/www.gsmarena.com\/glossary.php3?term=display-type\">Type<\/a><\/td>\r\n<td class=\"nfo\" data-spec=\"displaytype\">TFT LCD, 65K colors<\/td>\r\n<\/tr>\r\n<tr>\r\n<td class=\"ttl\"><a href=\"https:\/\/www.gsmarena.com\/nokia_110_4g_(2024)-13471.php#\">Size<\/a><\/td>\r\n<td class=\"nfo\" data-spec=\"displaysize\">2.0 inches, 12.4 cm<sup>2<\/sup><\/td>\r\n<\/tr>\r\n<tr>\r\n<td class=\"ttl\"><a href=\"https:\/\/www.gsmarena.com\/glossary.php3?term=resolution\">Resolution<\/a><\/td>\r\n<td class=\"nfo\" data-spec=\"displayresolution\">240 x 320 pixels, 4:3 ratio (~200 ppi density)<\/td>\r\n<\/tr>\r\n<\/tbody>\r\n<\/table>\r\n<table cellspacing=\"0\">\r\n<tbody>\r\n<tr>\r\n<th rowspan=\"5\" scope=\"row\">Memory<\/th>\r\n<td class=\"ttl\"><a href=\"https:\/\/www.gsmarena.com\/glossary.php3?term=memory-card-slot\">Card slot<\/a><\/td>\r\n<td class=\"nfo\" data-spec=\"memoryslot\">microSDHC<\/td>\r\n<\/tr>\r\n<tr>\r\n<td class=\"ttl\"><a href=\"https:\/\/www.gsmarena.com\/glossary.php3?term=phonebook\">Phonebook<\/a><\/td>\r\n<td class=\"nfo\">Yes<\/td>\r\n<\/tr>\r\n<tr>\r\n<td class=\"ttl\"><a href=\"https:\/\/www.gsmarena.com\/nokia_110_4g_(2024)-13471.php#\">Call records<\/a><\/td>\r\n<td class=\"nfo\">Yes<\/td>\r\n<\/tr>\r\n<tr>\r\n<td class=\"ttl\"><a href=\"https:\/\/www.gsmarena.com\/glossary.php3?term=dynamic-memory\">Internal<\/a><\/td>\r\n<td class=\"nfo\" data-spec=\"internalmemory\">64MB 128MB RAM<\/td>\r\n<\/tr>\r\n<\/tbody>\r\n<\/table>\r\n<table cellspacing=\"0\">\r\n<tbody>\r\n<tr>\r\n<th class=\"small-line-height\" rowspan=\"4\" scope=\"row\">Main Camera<\/th>\r\n<td class=\"ttl\"><a href=\"https:\/\/www.gsmarena.com\/glossary.php3?term=camera\">Single<\/a><\/td>\r\n<td class=\"nfo\" data-spec=\"cam1modules\">Yes<\/td>\r\n<\/tr>\r\n<tr>\r\n<td class=\"ttl\"><a href=\"https:\/\/www.gsmarena.com\/glossary.php3?term=camera\">Video<\/a><\/td>\r\n<td class=\"nfo\" data-spec=\"cam1video\">Yes<\/td>\r\n<\/tr>\r\n<\/tbody>\r\n<\/table>\r\n<table cellspacing=\"0\">\r\n<tbody>\r\n<tr>\r\n<th class=\"small-line-height\" rowspan=\"4\" scope=\"row\">Selfie camera<\/th>\r\n<td class=\"ttl\"><\/td>\r\n<td class=\"nfo\" data-spec=\"cam2modules\">No<\/td>\r\n<\/tr>\r\n<\/tbody>\r\n<\/table>\r\n<table cellspacing=\"0\">\r\n<tbody>\r\n<tr>\r\n<th rowspan=\"3\" scope=\"row\">Sound<\/th>\r\n<td class=\"ttl\"><a href=\"https:\/\/www.gsmarena.com\/glossary.php3?term=loudspeaker\">Loudspeaker<\/a><\/td>\r\n<td class=\"nfo\">Yes<\/td>\r\n<\/tr>\r\n<tr>\r\n<td class=\"ttl\"><a href=\"https:\/\/www.gsmarena.com\/glossary.php3?term=audio-jack\">3.5mm jack<\/a><\/td>\r\n<td class=\"nfo\">Yes<\/td>\r\n<\/tr>\r\n<\/tbody>\r\n<\/table>\r\n<table cellspacing=\"0\">\r\n<tbody>\r\n<tr>\r\n<th rowspan=\"9\" scope=\"row\">Comms<\/th>\r\n<td class=\"ttl\"><a href=\"https:\/\/www.gsmarena.com\/glossary.php3?term=wi-fi\">WLAN<\/a><\/td>\r\n<td class=\"nfo\" data-spec=\"wlan\">No<\/td>\r\n<\/tr>\r\n<tr>\r\n<td class=\"ttl\"><a href=\"https:\/\/www.gsmarena.com\/glossary.php3?term=bluetooth\">Bluetooth<\/a><\/td>\r\n<td class=\"nfo\" data-spec=\"bluetooth\">Yes<\/td>\r\n<\/tr>\r\n<tr>\r\n<td class=\"ttl\"><a href=\"https:\/\/www.gsmarena.com\/glossary.php3?term=gnss\">Positioning<\/a><\/td>\r\n<td class=\"nfo\" data-spec=\"gps\">No<\/td>\r\n<\/tr>\r\n<tr>\r\n<td class=\"ttl\"><a href=\"https:\/\/www.gsmarena.com\/glossary.php3?term=nfc\">NFC<\/a><\/td>\r\n<td class=\"nfo\" data-spec=\"nfc\">No<\/td>\r\n<\/tr>\r\n<tr>\r\n<td class=\"ttl\"><a href=\"https:\/\/www.gsmarena.com\/glossary.php3?term=fm-radio\">Radio<\/a><\/td>\r\n<td class=\"nfo\" data-spec=\"radio\">Wireless FM radio<\/td>\r\n<\/tr>\r\n<tr>\r\n<td class=\"ttl\"><a href=\"https:\/\/www.gsmarena.com\/glossary.php3?term=usb\">USB<\/a><\/td>\r\n<td class=\"nfo\" data-spec=\"usb\">USB Type-C<\/td>\r\n<\/tr>\r\n<\/tbody>\r\n<\/table>\r\n<table cellspacing=\"0\">\r\n<tbody>\r\n<tr>\r\n<th rowspan=\"9\" scope=\"row\">Features<\/th>\r\n<td class=\"ttl\"><a href=\"https:\/\/www.gsmarena.com\/glossary.php3?term=sensors\">Sensors<\/a><\/td>\r\n<td class=\"nfo\" data-spec=\"sensors\"><\/td>\r\n<\/tr>\r\n<tr>\r\n<td class=\"ttl\"><a href=\"https:\/\/www.gsmarena.com\/glossary.php3?term=messaging\">Messaging<\/a><\/td>\r\n<td class=\"nfo\">SMS<\/td>\r\n<\/tr>\r\n<tr>\r\n<td class=\"ttl\"><a href=\"https:\/\/www.gsmarena.com\/glossary.php3?term=mobile-games\">Games<\/a><\/td>\r\n<td class=\"nfo\">Yes<\/td>\r\n<\/tr>\r\n<tr>\r\n<td class=\"ttl\"><a href=\"https:\/\/www.gsmarena.com\/glossary.php3?term=java\">Java<\/a><\/td>\r\n<td class=\"nfo\">No<\/td>\r\n<\/tr>\r\n<tr>\r\n<td class=\"ttl\"><\/td>\r\n<td class=\"nfo\" data-spec=\"featuresother\">MP3 player<\/td>\r\n<\/tr>\r\n<\/tbody>\r\n<\/table>\r\n<table cellspacing=\"0\">\r\n<tbody>\r\n<tr>\r\n<th rowspan=\"7\" scope=\"row\">Battery<\/th>\r\n<td class=\"ttl\"><a href=\"https:\/\/www.gsmarena.com\/glossary.php3?term=rechargeable-battery-types\">Type<\/a><\/td>\r\n<td class=\"nfo\" data-spec=\"batdescription1\">Li-Ion 1000 mAh, removable<\/td>\r\n<\/tr>\r\n<\/tbody>\r\n<\/table>\r\n<table cellspacing=\"0\">\r\n<tbody>\r\n<tr>\r\n<th rowspan=\"6\" scope=\"row\">Misc<\/th>\r\n<td class=\"ttl\"><a href=\"https:\/\/www.gsmarena.com\/glossary.php3?term=build\">Colors<\/a><\/td>\r\n<td class=\"nfo\" data-spec=\"colors\">Blue, Titanium<\/td>\r\n<\/tr>\r\n<\/tbody>\r\n<\/table>","protected":false},"excerpt":{"rendered":"Cuenta con una pantalla de 2 pulgadas con una resoluci\u00f3n de 240\u00d7320 p\u00edxeles. Incluye 128 MB de RAM y una bater\u00eda de 1000 mAh. El Nokia 110-4G (2024) se basa en la Serie 30+ y cuenta con 64 MB de almacenamiento interno ampliable mediante tarjeta microSD (hasta 32 GB).\r\n\r\n&nbsp;\r\n\r\nImagen Ilustrativa, disponibilidad sujeta a stock.","protected":false},"featured_media":4346,"comment_status":"open","ping_status":"closed","template":"","meta":[],"_links":{"self":[{"href":"https:\/\/www.ellogo.com.uy\/web\/wp-json\/wp\/v2\/product\/4345"}],"collection":[{"href":"https:\/\/www.ellogo.com.uy\/web\/wp-json\/wp\/v2\/product"}],"about":[{"href":"https:\/\/www.ellogo.com.uy\/web\/wp-json\/wp\/v2\/types\/product"}],"replies":[{"embeddable":true,"href":"https:\/\/www.ellogo.com.uy\/web\/wp-json\/wp\/v2\/comments?post=4345"}],"wp:featuredmedia":[{"embeddable":true,"href":"https:\/\/www.ellogo.com.uy\/web\/wp-json\/wp\/v2\/media\/4346"}],"wp:attachment":[{"href":"https:\/\/www.ellogo.com.uy\/web\/wp-json\/wp\/v2\/media?parent=4345"}],"curies":[{"name":"wp","href":"https:\/\/api.w.org\/{rel}","templated":true}]}}