{"id":4347,"date":"2025-06-04T17:25:46","date_gmt":"2025-06-04T20:25:46","guid":{"rendered":"https:\/\/www.ellogo.com.uy\/web\/?post_type=product&#038;p=4347"},"modified":"2025-06-05T16:05:51","modified_gmt":"2025-06-05T19:05:51","slug":"galaxy-tab-a9","status":"publish","type":"product","link":"https:\/\/www.ellogo.com.uy\/web\/producto\/galaxy-tab-a9\/","title":{"rendered":"Galaxy Tab A9"},"content":{"rendered":"<table cellspacing=\"0\">\r\n<tbody>\r\n<tr class=\"tr-hover\">\r\n<th rowspan=\"15\" scope=\"row\">Network<\/th>\r\n<td class=\"ttl\"><a href=\"https:\/\/www.gsmarena.com\/network-bands.php3\">Technology<\/a><\/td>\r\n<td class=\"nfo\"><a class=\"link-network-detail collapse\" href=\"https:\/\/www.gsmarena.com\/samsung_galaxy_tab_a9-12616.php#\" data-spec=\"nettech\">GSM \/ HSPA \/ LTE<\/a><\/td>\r\n<\/tr>\r\n<\/tbody>\r\n<\/table>\r\n<table cellspacing=\"0\">\r\n<tbody>\r\n<tr>\r\n<th rowspan=\"2\" scope=\"row\">Launch<\/th>\r\n<td class=\"ttl\"><a href=\"https:\/\/www.gsmarena.com\/glossary.php3?term=phone-life-cycle\">Announced<\/a><\/td>\r\n<td class=\"nfo\" data-spec=\"year\">2023, October 05<\/td>\r\n<\/tr>\r\n<tr>\r\n<td class=\"ttl\"><a href=\"https:\/\/www.gsmarena.com\/glossary.php3?term=phone-life-cycle\">Status<\/a><\/td>\r\n<td class=\"nfo\" data-spec=\"status\">Available. Released 2023, October 05<\/td>\r\n<\/tr>\r\n<\/tbody>\r\n<\/table>\r\n<table cellspacing=\"0\">\r\n<tbody>\r\n<tr>\r\n<th rowspan=\"6\" scope=\"row\">Body<\/th>\r\n<td class=\"ttl\"><a href=\"https:\/\/www.gsmarena.com\/samsung_galaxy_tab_a9-12616.php#\">Dimensions<\/a><\/td>\r\n<td class=\"nfo\" data-spec=\"dimensions\">211 x 124.7 x 8 mm (8.31 x 4.91 x 0.31 in)<\/td>\r\n<\/tr>\r\n<tr>\r\n<td class=\"ttl\"><a href=\"https:\/\/www.gsmarena.com\/samsung_galaxy_tab_a9-12616.php#\">Weight<\/a><\/td>\r\n<td class=\"nfo\" data-spec=\"weight\">332 g or 333 g (11.71 oz)<\/td>\r\n<\/tr>\r\n<tr>\r\n<td class=\"ttl\"><a href=\"https:\/\/www.gsmarena.com\/glossary.php3?term=sim\">SIM<\/a><\/td>\r\n<td class=\"nfo\" data-spec=\"sim\">Nano-SIM +\u00a0<a href=\"https:\/\/www.gsmarena.com\/glossary.php3?term=esim\">eSIM<\/a>\u00a0(cellular model only)<\/td>\r\n<\/tr>\r\n<\/tbody>\r\n<\/table>\r\n<table cellspacing=\"0\">\r\n<tbody>\r\n<tr>\r\n<th rowspan=\"5\" scope=\"row\">Display<\/th>\r\n<td class=\"ttl\"><a href=\"https:\/\/www.gsmarena.com\/glossary.php3?term=display-type\">Type<\/a><\/td>\r\n<td class=\"nfo\" data-spec=\"displaytype\">TFT LCD<\/td>\r\n<\/tr>\r\n<tr>\r\n<td class=\"ttl\"><a href=\"https:\/\/www.gsmarena.com\/samsung_galaxy_tab_a9-12616.php#\">Size<\/a><\/td>\r\n<td class=\"nfo\" data-spec=\"displaysize\">8.7 inches, 214.9 cm<sup>2<\/sup>\u00a0(~81.7% screen-to-body ratio)<\/td>\r\n<\/tr>\r\n<tr>\r\n<td class=\"ttl\"><a href=\"https:\/\/www.gsmarena.com\/glossary.php3?term=resolution\">Resolution<\/a><\/td>\r\n<td class=\"nfo\" data-spec=\"displayresolution\">800 x 1340 pixels, 5:3 ratio (~179 ppi density)<\/td>\r\n<\/tr>\r\n<\/tbody>\r\n<\/table>\r\n<table cellspacing=\"0\">\r\n<tbody>\r\n<tr>\r\n<th rowspan=\"4\" scope=\"row\">Platform<\/th>\r\n<td class=\"ttl\"><a href=\"https:\/\/www.gsmarena.com\/glossary.php3?term=os\">OS<\/a><\/td>\r\n<td class=\"nfo\" data-spec=\"os\">Android 13, upgradable to Android 14, One UI 6.1<\/td>\r\n<\/tr>\r\n<tr>\r\n<td class=\"ttl\"><a href=\"https:\/\/www.gsmarena.com\/glossary.php3?term=chipset\">Chipset<\/a><\/td>\r\n<td class=\"nfo\" data-spec=\"chipset\">Mediatek Helio G99 (6 nm)<\/td>\r\n<\/tr>\r\n<tr>\r\n<td class=\"ttl\"><a href=\"https:\/\/www.gsmarena.com\/glossary.php3?term=cpu\">CPU<\/a><\/td>\r\n<td class=\"nfo\" data-spec=\"cpu\">Octa-core (2&#215;2.2 GHz Cortex-A76 &amp; 6&#215;2.0 GHz Cortex-A55)<\/td>\r\n<\/tr>\r\n<tr>\r\n<td class=\"ttl\"><a href=\"https:\/\/www.gsmarena.com\/glossary.php3?term=gpu\">GPU<\/a><\/td>\r\n<td class=\"nfo\" data-spec=\"gpu\">Mali-G57 MC2<\/td>\r\n<\/tr>\r\n<\/tbody>\r\n<\/table>\r\n<table cellspacing=\"0\">\r\n<tbody>\r\n<tr>\r\n<th rowspan=\"5\" scope=\"row\">Memory<\/th>\r\n<td class=\"ttl\"><a href=\"https:\/\/www.gsmarena.com\/glossary.php3?term=memory-card-slot\">Card slot<\/a><\/td>\r\n<td class=\"nfo\" data-spec=\"memoryslot\">microSDXC (dedicated slot)<\/td>\r\n<\/tr>\r\n<tr>\r\n<td class=\"ttl\"><a href=\"https:\/\/www.gsmarena.com\/glossary.php3?term=dynamic-memory\">Internal<\/a><\/td>\r\n<td class=\"nfo\" data-spec=\"internalmemory\">64GB 4GB RAM, 128GB 4GB RAM, 128GB 8GB RAM<\/td>\r\n<\/tr>\r\n<\/tbody>\r\n<\/table>\r\n<table cellspacing=\"0\">\r\n<tbody>\r\n<tr>\r\n<th class=\"small-line-height\" rowspan=\"4\" scope=\"row\">Main Camera<\/th>\r\n<td class=\"ttl\"><a href=\"https:\/\/www.gsmarena.com\/glossary.php3?term=camera\">Single<\/a><\/td>\r\n<td class=\"nfo\" data-spec=\"cam1modules\">8 MP, AF<\/td>\r\n<\/tr>\r\n<tr>\r\n<td class=\"ttl\"><a href=\"https:\/\/www.gsmarena.com\/glossary.php3?term=camera\">Video<\/a><\/td>\r\n<td class=\"nfo\" data-spec=\"cam1video\">1080p@30fps<\/td>\r\n<\/tr>\r\n<\/tbody>\r\n<\/table>\r\n<table cellspacing=\"0\">\r\n<tbody>\r\n<tr>\r\n<th class=\"small-line-height\" rowspan=\"4\" scope=\"row\">Selfie camera<\/th>\r\n<td class=\"ttl\"><a href=\"https:\/\/www.gsmarena.com\/glossary.php3?term=secondary-camera\">Single<\/a><\/td>\r\n<td class=\"nfo\" data-spec=\"cam2modules\">2 MP<\/td>\r\n<\/tr>\r\n<tr>\r\n<td class=\"ttl\"><a href=\"https:\/\/www.gsmarena.com\/glossary.php3?term=secondary-camera\">Video<\/a><\/td>\r\n<td class=\"nfo\" data-spec=\"cam2video\">Yes<\/td>\r\n<\/tr>\r\n<\/tbody>\r\n<\/table>\r\n<table cellspacing=\"0\">\r\n<tbody>\r\n<tr>\r\n<th rowspan=\"3\" scope=\"row\">Sound<\/th>\r\n<td class=\"ttl\"><a href=\"https:\/\/www.gsmarena.com\/glossary.php3?term=loudspeaker\">Loudspeaker<\/a><\/td>\r\n<td class=\"nfo\">Yes, with stereo speakers<\/td>\r\n<\/tr>\r\n<tr>\r\n<td class=\"ttl\"><a href=\"https:\/\/www.gsmarena.com\/glossary.php3?term=audio-jack\">3.5mm jack<\/a><\/td>\r\n<td class=\"nfo\">Yes<\/td>\r\n<\/tr>\r\n<\/tbody>\r\n<\/table>\r\n<table cellspacing=\"0\">\r\n<tbody>\r\n<tr>\r\n<th rowspan=\"9\" scope=\"row\">Comms<\/th>\r\n<td class=\"ttl\"><a href=\"https:\/\/www.gsmarena.com\/glossary.php3?term=wi-fi\">WLAN<\/a><\/td>\r\n<td class=\"nfo\" data-spec=\"wlan\">Wi-Fi 802.11 a\/b\/g\/n\/ac, dual-band, Wi-Fi Direct<\/td>\r\n<\/tr>\r\n<tr>\r\n<td class=\"ttl\"><a href=\"https:\/\/www.gsmarena.com\/glossary.php3?term=bluetooth\">Bluetooth<\/a><\/td>\r\n<td class=\"nfo\" data-spec=\"bluetooth\">5.3, A2DP, LE<\/td>\r\n<\/tr>\r\n<tr>\r\n<td class=\"ttl\"><a href=\"https:\/\/www.gsmarena.com\/glossary.php3?term=gnss\">Positioning<\/a><\/td>\r\n<td class=\"nfo\" data-spec=\"gps\">GPS, GLONASS, BDS, GALILEO, QZSS &#8211; cellular model only<\/td>\r\n<\/tr>\r\n<tr>\r\n<td class=\"ttl\"><a href=\"https:\/\/www.gsmarena.com\/glossary.php3?term=nfc\">NFC<\/a><\/td>\r\n<td class=\"nfo\" data-spec=\"nfc\">No<\/td>\r\n<\/tr>\r\n<tr>\r\n<td class=\"ttl\"><a href=\"https:\/\/www.gsmarena.com\/glossary.php3?term=fm-radio\">Radio<\/a><\/td>\r\n<td class=\"nfo\" data-spec=\"radio\">No<\/td>\r\n<\/tr>\r\n<tr>\r\n<td class=\"ttl\"><a href=\"https:\/\/www.gsmarena.com\/glossary.php3?term=usb\">USB<\/a><\/td>\r\n<td class=\"nfo\" data-spec=\"usb\">USB Type-C 2.0<\/td>\r\n<\/tr>\r\n<\/tbody>\r\n<\/table>\r\n<table cellspacing=\"0\">\r\n<tbody>\r\n<tr>\r\n<th rowspan=\"9\" scope=\"row\">Features<\/th>\r\n<td class=\"ttl\"><a href=\"https:\/\/www.gsmarena.com\/glossary.php3?term=sensors\">Sensors<\/a><\/td>\r\n<td class=\"nfo\" data-spec=\"sensors\">Accelerometer, proximity, compass<\/td>\r\n<\/tr>\r\n<\/tbody>\r\n<\/table>\r\n<table cellspacing=\"0\">\r\n<tbody>\r\n<tr>\r\n<th rowspan=\"7\" scope=\"row\">Battery<\/th>\r\n<td class=\"ttl\"><a href=\"https:\/\/www.gsmarena.com\/glossary.php3?term=rechargeable-battery-types\">Type<\/a><\/td>\r\n<td class=\"nfo\" data-spec=\"batdescription1\">Li-Po 5100 mAh<\/td>\r\n<\/tr>\r\n<tr>\r\n<td class=\"ttl\"><a href=\"https:\/\/www.gsmarena.com\/glossary.php3?term=battery-charging\">Charging<\/a><\/td>\r\n<td class=\"nfo\">15W wired<\/td>\r\n<\/tr>\r\n<\/tbody>\r\n<\/table>\r\n<table cellspacing=\"0\">\r\n<tbody>\r\n<tr>\r\n<th rowspan=\"6\" scope=\"row\">Misc<\/th>\r\n<td class=\"ttl\"><a href=\"https:\/\/www.gsmarena.com\/glossary.php3?term=build\">Colors<\/a><\/td>\r\n<td class=\"nfo\" data-spec=\"colors\">Graphite, Silver, Navy<\/td>\r\n<\/tr>\r\n<tr>\r\n<td class=\"ttl\"><a href=\"https:\/\/www.gsmarena.com\/glossary.php3?term=models\">Models<\/a><\/td>\r\n<td class=\"nfo\" data-spec=\"models\">SM-X110, SM-X115<\/td>\r\n<\/tr>\r\n<tr>\r\n<td class=\"ttl\"><a href=\"https:\/\/www.gsmarena.com\/glossary.php3?term=sar\">SAR<\/a><\/td>\r\n<td class=\"nfo\" data-spec=\"sar-us\">0.48 W\/kg (head) \u00a0 \u00a0 0.89 W\/kg (body)<\/td>\r\n<\/tr>\r\n<tr>\r\n<td class=\"ttl\"><a href=\"https:\/\/www.gsmarena.com\/glossary.php3?term=sar\">SAR EU<\/a><\/td>\r\n<td class=\"nfo\" data-spec=\"sar-eu\">0.51 W\/kg (body)<\/td>\r\n<\/tr>\r\n<tr>\r\n<td class=\"ttl\"><\/td>\r\n<td class=\"nfo\" data-spec=\"price\"><\/td>\r\n<\/tr>\r\n<\/tbody>\r\n<\/table>","protected":false},"excerpt":{"rendered":"Las\u00a0Galaxy Tab A9 \u00a0incluyen hasta 8 GB de RAM, lo que garantiza menos latencia al realizar m\u00faltiples tareas. Adem\u00e1s, el almacenamiento integrado de 128 GB guarda todos tus videos, fotos y archivos de alta resoluci\u00f3n. Puedes ampliar el almacenamiento con una tarjeta microSD de hasta 1 TB.\r\n\r\n&nbsp;\r\n\r\nImagen Ilustrativa, disponibilidad sujeta a stock.","protected":false},"featured_media":4348,"comment_status":"open","ping_status":"closed","template":"","meta":[],"_links":{"self":[{"href":"https:\/\/www.ellogo.com.uy\/web\/wp-json\/wp\/v2\/product\/4347"}],"collection":[{"href":"https:\/\/www.ellogo.com.uy\/web\/wp-json\/wp\/v2\/product"}],"about":[{"href":"https:\/\/www.ellogo.com.uy\/web\/wp-json\/wp\/v2\/types\/product"}],"replies":[{"embeddable":true,"href":"https:\/\/www.ellogo.com.uy\/web\/wp-json\/wp\/v2\/comments?post=4347"}],"wp:featuredmedia":[{"embeddable":true,"href":"https:\/\/www.ellogo.com.uy\/web\/wp-json\/wp\/v2\/media\/4348"}],"wp:attachment":[{"href":"https:\/\/www.ellogo.com.uy\/web\/wp-json\/wp\/v2\/media?parent=4347"}],"curies":[{"name":"wp","href":"https:\/\/api.w.org\/{rel}","templated":true}]}}