{"id":4351,"date":"2025-06-04T17:50:18","date_gmt":"2025-06-04T20:50:18","guid":{"rendered":"https:\/\/www.ellogo.com.uy\/web\/?post_type=product&#038;p=4351"},"modified":"2025-06-05T16:06:51","modified_gmt":"2025-06-05T19:06:51","slug":"tablet-kit-edition-7","status":"publish","type":"product","link":"https:\/\/www.ellogo.com.uy\/web\/producto\/tablet-kit-edition-7\/","title":{"rendered":"Tablet Kit Edition 7&#8243;"},"content":{"rendered":"Pantalla: 7\u00bb MULTIT\u00c1CTIL IPS, 1024 x\u00a0600 p\u00edxeles.\r\nCPU: SC7731E, 4 CORE 1,3 GHz.\r\nGPU: ARM Mali T820 MP1.\r\nSistema Operativo: ANDROID 13.\r\nMemoria RAM: 2 GB.\r\nMemoria ROM: 32 GB.\r\nLector de Tarjetas: MICRO SD.\r\nC\u00e1mara Principal Imagen: 2 MP.\r\nC\u00e1mara Selfie Imagen: 0,3 MP.\r\nConectividad: WIFI 6, BLUETOOTH 4.\r\nPuertos: USB C x 1, 3,5 mm x 1.\r\nBater\u00eda: LI-ION 3500 mAh.\r\nINCLUYE: ESTUCHE DE SILICONA VERDE, APP EDUCATIVA IWAWA.","protected":false},"excerpt":{"rendered":"Tablet infantil +3 a\u00f1os con un almacenamiento de 32GB de espacio para almacenar aplicaciones, juegos y contenido multimedia. RAM: 2GB + 2Gb para un rendimiento \u00e1gil y sin problemas. Puertos Micro-USB (2.0) para una f\u00e1cil conexi\u00f3n con otros dispositivos. C\u00e1mara frontal de 2MP y c\u00e1mara trasera de 2MP para capturar momentos especiales.\r\n\r\n&nbsp;\r\n\r\nImagen Ilustrativa, disponibilidad sujeta a stock.","protected":false},"featured_media":4353,"comment_status":"open","ping_status":"closed","template":"","meta":[],"_links":{"self":[{"href":"https:\/\/www.ellogo.com.uy\/web\/wp-json\/wp\/v2\/product\/4351"}],"collection":[{"href":"https:\/\/www.ellogo.com.uy\/web\/wp-json\/wp\/v2\/product"}],"about":[{"href":"https:\/\/www.ellogo.com.uy\/web\/wp-json\/wp\/v2\/types\/product"}],"replies":[{"embeddable":true,"href":"https:\/\/www.ellogo.com.uy\/web\/wp-json\/wp\/v2\/comments?post=4351"}],"wp:featuredmedia":[{"embeddable":true,"href":"https:\/\/www.ellogo.com.uy\/web\/wp-json\/wp\/v2\/media\/4353"}],"wp:attachment":[{"href":"https:\/\/www.ellogo.com.uy\/web\/wp-json\/wp\/v2\/media?parent=4351"}],"curies":[{"name":"wp","href":"https:\/\/api.w.org\/{rel}","templated":true}]}}