{"id":4354,"date":"2025-06-04T17:55:08","date_gmt":"2025-06-04T20:55:08","guid":{"rendered":"https:\/\/www.ellogo.com.uy\/web\/?post_type=product&#038;p=4354"},"modified":"2025-06-05T16:07:20","modified_gmt":"2025-06-05T19:07:20","slug":"tablet-rca-8-pulgadas","status":"publish","type":"product","link":"https:\/\/www.ellogo.com.uy\/web\/producto\/tablet-rca-8-pulgadas\/","title":{"rendered":"Tablet RCA 8 pulgadas"},"content":{"rendered":"<strong>Detalles t\u00e9cnicos\u00a0<\/strong>\r\n-Pantalla LED de 8\u00a0pulgadas\r\n-Resoluci\u00f3n: 1280\u00d7800 IPS\r\n-Bater\u00eda 5000 mAh\r\n-Procesador: ARM Cortex A-7\r\n\r\n<strong>Memoria<\/strong>\r\n-Almacenamiento interno 16GB\r\n-Memoria RAM 2GB\r\n\r\n<strong>C\u00e1mara \u00a0 \u00a0<\/strong>\r\n-C\u00e1mara trasera 2MP\r\n-C\u00e1mara frontal 0,3MP\r\n\r\n<strong>Sistema operativo \u00a0 \u00a0<\/strong>\r\n-Android 10\r\n\r\n<strong>Generalidades<\/strong>\r\n-Bluetooth\r\n-WiFi\r\n-3G\r\n-Lector de tarjeta SD","protected":false},"excerpt":{"rendered":"La Tablet RCA Quad Core 3G de 8 pulgadas es una opci\u00f3n vers\u00e1til y asequible para aquellos que buscan funcionalidad y rendimiento en un dispositivo port\u00e1til. Con una pantalla LED de 8 pulgadas y una resoluci\u00f3n de 1280\u00d7800 IPS, ofrece una calidad de imagen clara y n\u00edtida, ideal para disfrutar de contenido multimedia y navegar por internet.\r\n\r\n&nbsp;\r\n\r\nImagen Ilustrativa, disponibilidad sujeta a stock.","protected":false},"featured_media":4355,"comment_status":"open","ping_status":"closed","template":"","meta":[],"_links":{"self":[{"href":"https:\/\/www.ellogo.com.uy\/web\/wp-json\/wp\/v2\/product\/4354"}],"collection":[{"href":"https:\/\/www.ellogo.com.uy\/web\/wp-json\/wp\/v2\/product"}],"about":[{"href":"https:\/\/www.ellogo.com.uy\/web\/wp-json\/wp\/v2\/types\/product"}],"replies":[{"embeddable":true,"href":"https:\/\/www.ellogo.com.uy\/web\/wp-json\/wp\/v2\/comments?post=4354"}],"wp:featuredmedia":[{"embeddable":true,"href":"https:\/\/www.ellogo.com.uy\/web\/wp-json\/wp\/v2\/media\/4355"}],"wp:attachment":[{"href":"https:\/\/www.ellogo.com.uy\/web\/wp-json\/wp\/v2\/media?parent=4354"}],"curies":[{"name":"wp","href":"https:\/\/api.w.org\/{rel}","templated":true}]}}