{"id":4358,"date":"2025-06-04T18:21:41","date_gmt":"2025-06-04T21:21:41","guid":{"rendered":"https:\/\/www.ellogo.com.uy\/web\/?post_type=product&#038;p=4358"},"modified":"2025-06-05T16:10:13","modified_gmt":"2025-06-05T19:10:13","slug":"notebook-lenovo-m-v15-gen2","status":"publish","type":"product","link":"https:\/\/www.ellogo.com.uy\/web\/producto\/notebook-lenovo-m-v15-gen2\/","title":{"rendered":"Notebook Lenovo M-V15 Gen2"},"content":{"rendered":"Dualcore 2.8Ghz, 8GB,256GB SSD 15.6&#8243; FHD, Espa\u00f1ol.\r\n\r\nColor Negro.\r\n\r\nSistema FreeDos. No incluye windows.\r\n\r\nProcesador Intel Celeron Dualcore N4500 1.1Ghz (4MB Cache, hasta 2.8Ghz).\r\n\r\n8GB DDR4-2933 Sodimm.\r\n\r\n256GB SSD NVMe M.2 2242 PCle 3.0&#215;4 + 1 bahia 2.5&#8243; SATA libre.\r\n\r\nPantalla LED 15.6&#8243; Full HD 1920 x 1080.\r\n\r\nVideo Intel UHD Graphics.\r\n\r\nSonido HD con parlantes est\u00e9reo de 1.5w.\r\n\r\nRed Gigabit 10\/100\/1000 integrada.\r\n\r\nWifi 5 802.11ac dual band. Bluetooth 5.0.\r\n\r\nTeclado en espa\u00f1ol con teclado num\u00e9rico.\r\n\r\nCamara Web HD 720p con micr\u00f3fono integrado.\r\n\r\nBater\u00eda de litio de 3 celdas 38Wh.\r\n\r\nDimensiones: 359.2 x 235.8 x 19.9 mm.\r\n\r\nPeso: 1.70 Kg\r\n\r\nPuertos disponibles:\r\n\r\n1 x HDMI 1.4b\r\n\r\n1 x USB Tipo C 3.2\r\n\r\n1 x USB 3.2\r\n\r\n1 x USB 2.0\r\n\r\n1 x RJ-45\r\n\r\n1 x combo 3.5mm auriculares y micr\u00f3fono.","protected":false},"excerpt":{"rendered":"La notebook Lenovo V15 es una soluci\u00f3n tanto para trabajar y estudiar como para entretenerte. Al ser port\u00e1til, el escritorio dejar\u00e1 de ser tu \u00fanico espacio de uso.Potente disco s\u00f3lido\r\nEl disco s\u00f3lido de 256 GB hace que el equipo funcione a gran velocidad y por lo tanto te brinda mayor agilidad para operar con diversos programas.\r\n\r\nImagen Ilustrativa, disponibilidad sujeta a stock.","protected":false},"featured_media":4359,"comment_status":"open","ping_status":"closed","template":"","meta":[],"_links":{"self":[{"href":"https:\/\/www.ellogo.com.uy\/web\/wp-json\/wp\/v2\/product\/4358"}],"collection":[{"href":"https:\/\/www.ellogo.com.uy\/web\/wp-json\/wp\/v2\/product"}],"about":[{"href":"https:\/\/www.ellogo.com.uy\/web\/wp-json\/wp\/v2\/types\/product"}],"replies":[{"embeddable":true,"href":"https:\/\/www.ellogo.com.uy\/web\/wp-json\/wp\/v2\/comments?post=4358"}],"wp:featuredmedia":[{"embeddable":true,"href":"https:\/\/www.ellogo.com.uy\/web\/wp-json\/wp\/v2\/media\/4359"}],"wp:attachment":[{"href":"https:\/\/www.ellogo.com.uy\/web\/wp-json\/wp\/v2\/media?parent=4358"}],"curies":[{"name":"wp","href":"https:\/\/api.w.org\/{rel}","templated":true}]}}