{"id":4366,"date":"2025-06-05T11:34:14","date_gmt":"2025-06-05T14:34:14","guid":{"rendered":"https:\/\/www.ellogo.com.uy\/web\/?post_type=product&#038;p=4366"},"modified":"2025-06-05T16:12:13","modified_gmt":"2025-06-05T19:12:13","slug":"impresora-brother-dcp-t420w","status":"publish","type":"product","link":"https:\/\/www.ellogo.com.uy\/web\/producto\/impresora-brother-dcp-t420w\/","title":{"rendered":"Impresora Brother DCP-T420W"},"content":{"rendered":"<div class=\"ui-pdp-container__row ui-pdp-container__row--highlighted-specs-title\">\r\n<h2 class=\"ui-vpp-text-alignment--left ui-pdp-color--BLACK ui-pdp-size--XLARGE ui-pdp-family--REGULAR highlighted-specs-title\">Caracter\u00edsticas del producto<\/h2>\r\n<\/div>\r\n<div class=\"ui-pdp-container__row ui-pdp-container__row--attributes\">\r\n<div class=\"ui-vpp-highlighted-specs__attribute-columns\">\r\n<div class=\"ui-vpp-highlighted-specs__attribute-columns__column\">\r\n<div class=\"ui-pdp-container__row ui-vpp-highlighted-specs__attribute-columns__row\">\r\n<div class=\"ui-vpp-highlighted-specs__key-value\">\r\n<div class=\"ui-vpp-highlighted-specs__key-value__labels\">\r\n<p class=\"ui-pdp-family--REGULAR ui-vpp-highlighted-specs__key-value__labels__key-value\"><span class=\"ui-pdp-color--BLACK ui-pdp-size--XSMALL ui-pdp-family--REGULAR\">Tipo de impresora:<\/span>\u00a0<span class=\"ui-pdp-color--BLACK ui-pdp-size--XSMALL ui-pdp-family--SEMIBOLD\">Multifunci\u00f3n<\/span><\/p>\r\n\r\n<\/div>\r\n<\/div>\r\n<\/div>\r\n<div class=\"ui-pdp-container__row ui-vpp-highlighted-specs__attribute-columns__row\">\r\n<div class=\"ui-vpp-highlighted-specs__key-value\">\r\n<div class=\"ui-vpp-highlighted-specs__key-value__labels\">\r\n<p class=\"ui-pdp-family--REGULAR ui-vpp-highlighted-specs__key-value__labels__key-value\"><span class=\"ui-pdp-color--BLACK ui-pdp-size--XSMALL ui-pdp-family--REGULAR\">Tipo de impresi\u00f3n:<\/span>\u00a0<span class=\"ui-pdp-color--BLACK ui-pdp-size--XSMALL ui-pdp-family--SEMIBOLD\">Color<\/span><\/p>\r\n\r\n<\/div>\r\n<\/div>\r\n<\/div>\r\n<div class=\"ui-pdp-container__row ui-vpp-highlighted-specs__attribute-columns__row\">\r\n<div class=\"ui-vpp-highlighted-specs__key-value\">\r\n<div class=\"ui-vpp-highlighted-specs__key-value__labels\">\r\n<p class=\"ui-pdp-family--REGULAR ui-vpp-highlighted-specs__key-value__labels__key-value\"><span class=\"ui-pdp-color--BLACK ui-pdp-size--XSMALL ui-pdp-family--REGULAR\">Con WI-Fi :<\/span>\u00a0<span class=\"ui-pdp-color--BLACK ui-pdp-size--XSMALL ui-pdp-family--SEMIBOLD\">S\u00ed<\/span><\/p>\r\n\r\n<\/div>\r\n<\/div>\r\n<\/div>\r\n<\/div>\r\n<div class=\"ui-vpp-highlighted-specs__attribute-columns__column\">\r\n<div class=\"ui-pdp-container__row ui-vpp-highlighted-specs__attribute-columns__row\">\r\n<div class=\"ui-vpp-highlighted-specs__key-value\">\r\n<div class=\"ui-vpp-highlighted-specs__key-value__labels\">\r\n<p class=\"ui-pdp-family--REGULAR ui-vpp-highlighted-specs__key-value__labels__key-value\"><span class=\"ui-pdp-color--BLACK ui-pdp-size--XSMALL ui-pdp-family--REGULAR\">Tecnolog\u00eda de impresi\u00f3n:<\/span>\u00a0<span class=\"ui-pdp-color--BLACK ui-pdp-size--XSMALL ui-pdp-family--SEMIBOLD\">Inyecci\u00f3n de tinta<\/span><\/p>\r\n\r\n<\/div>\r\n<\/div>\r\n<\/div>\r\n<div class=\"ui-pdp-container__row ui-vpp-highlighted-specs__attribute-columns__row\">\r\n<div class=\"ui-vpp-highlighted-specs__key-value\">\r\n<div class=\"ui-vpp-highlighted-specs__key-value__labels\">\r\n<p class=\"ui-pdp-family--REGULAR ui-vpp-highlighted-specs__key-value__labels__key-value\"><span class=\"ui-pdp-color--BLACK ui-pdp-size--XSMALL ui-pdp-family--REGULAR\">Funciones de la impresora:<\/span>\u00a0<span class=\"ui-pdp-color--BLACK ui-pdp-size--XSMALL ui-pdp-family--SEMIBOLD\">Impresi\u00f3n, Copia, Escaneo<\/span><\/p>\r\n\r\n<\/div>\r\n<\/div>\r\n<\/div>\r\n<\/div>\r\n<\/div>\r\n<\/div>\r\n<div class=\"ui-pdp-container__row ui-pdp-container__row--technical-specifications\">\r\n<div class=\"ui-pdp-collapsable ui-vpp-highlighted-specs__striped-collapsed__action\">\r\n<div class=\"ui-pdp-collapsable__container\">\r\n<div class=\"ui-vpp-highlighted-specs__striped-specs\">\r\n<div class=\"ui-vpp-striped-specs\">\r\n<div class=\"ui-vpp-striped-specs__table\">\r\n<h3 class=\"ui-vpp-striped-specs__header\">Caracter\u00edsticas generales<\/h3>\r\n<table class=\"andes-table\">\r\n<tbody class=\"andes-table__body\">\r\n<tr class=\"andes-table__row ui-vpp-striped-specs__row\">\r\n<th class=\"andes-table__header andes-table__header--left ui-vpp-striped-specs__row__column ui-vpp-striped-specs__row__column--id\" scope=\"row\">\r\n<div class=\"andes-table__header__container\">Marca<\/div><\/th>\r\n<td id=\":R2if5bil99gm:\" class=\"andes-table__column andes-table__column--left andes-table__column--vertical-align-center ui-vpp-striped-specs__row__column\"><span id=\":R2if5bil99gm:-value\" class=\"andes-table__column--value\">Brother<\/span><\/td>\r\n<\/tr>\r\n<tr class=\"andes-table__row ui-vpp-striped-specs__row\">\r\n<th class=\"andes-table__header andes-table__header--left ui-vpp-striped-specs__row__column ui-vpp-striped-specs__row__column--id\" scope=\"row\">\r\n<div class=\"andes-table__header__container\">L\u00ednea<\/div><\/th>\r\n<td id=\":R2in5bil99gm:\" class=\"andes-table__column andes-table__column--left andes-table__column--vertical-align-center ui-vpp-striped-specs__row__column\"><span id=\":R2in5bil99gm:-value\" class=\"andes-table__column--value\">InkBenefit Tank<\/span><\/td>\r\n<\/tr>\r\n<tr class=\"andes-table__row ui-vpp-striped-specs__row\">\r\n<th class=\"andes-table__header andes-table__header--left ui-vpp-striped-specs__row__column ui-vpp-striped-specs__row__column--id\" scope=\"row\">\r\n<div class=\"andes-table__header__container\">Modelo<\/div><\/th>\r\n<td id=\":R2iv5bil99gm:\" class=\"andes-table__column andes-table__column--left andes-table__column--vertical-align-center ui-vpp-striped-specs__row__column\"><span id=\":R2iv5bil99gm:-value\" class=\"andes-table__column--value\">DCP-T420<\/span><\/td>\r\n<\/tr>\r\n<tr class=\"andes-table__row ui-vpp-striped-specs__row\">\r\n<th class=\"andes-table__header andes-table__header--left ui-vpp-striped-specs__row__column ui-vpp-striped-specs__row__column--id\" scope=\"row\">\r\n<div class=\"andes-table__header__container\">Modelo alfanum\u00e9rico<\/div><\/th>\r\n<td id=\":R2j75bil99gm:\" class=\"andes-table__column andes-table__column--left andes-table__column--vertical-align-center ui-vpp-striped-specs__row__column\"><span id=\":R2j75bil99gm:-value\" class=\"andes-table__column--value\">DCP-T420W<\/span><\/td>\r\n<\/tr>\r\n<tr class=\"andes-table__row ui-vpp-striped-specs__row\">\r\n<th class=\"andes-table__header andes-table__header--left ui-vpp-striped-specs__row__column ui-vpp-striped-specs__row__column--id\" scope=\"row\">\r\n<div class=\"andes-table__header__container\">Color<\/div><\/th>\r\n<td id=\":R2jf5bil99gm:\" class=\"andes-table__column andes-table__column--left andes-table__column--vertical-align-center ui-vpp-striped-specs__row__column\"><span id=\":R2jf5bil99gm:-value\" class=\"andes-table__column--value\">Negro<\/span><\/td>\r\n<\/tr>\r\n<tr class=\"andes-table__row ui-vpp-striped-specs__row\">\r\n<th class=\"andes-table__header andes-table__header--left ui-vpp-striped-specs__row__column ui-vpp-striped-specs__row__column--id\" scope=\"row\">\r\n<div class=\"andes-table__header__container\">Voltaje<\/div><\/th>\r\n<td id=\":R2jn5bil99gm:\" class=\"andes-table__column andes-table__column--left andes-table__column--vertical-align-center ui-vpp-striped-specs__row__column\"><span id=\":R2jn5bil99gm:-value\" class=\"andes-table__column--value\">220V<\/span><\/td>\r\n<\/tr>\r\n<tr class=\"andes-table__row ui-vpp-striped-specs__row\">\r\n<th class=\"andes-table__header andes-table__header--left ui-vpp-striped-specs__row__column ui-vpp-striped-specs__row__column--id\" scope=\"row\">\r\n<div class=\"andes-table__header__container\">Modelo detallado<\/div><\/th>\r\n<td id=\":R2jv5bil99gm:\" class=\"andes-table__column andes-table__column--left andes-table__column--vertical-align-center ui-vpp-striped-specs__row__column\"><span id=\":R2jv5bil99gm:-value\" class=\"andes-table__column--value\">DCP-T420W-V<\/span><\/td>\r\n<\/tr>\r\n<\/tbody>\r\n<\/table>\r\n<\/div>\r\n<div class=\"ui-vpp-striped-specs__table\">\r\n<h3 class=\"ui-vpp-striped-specs__header\">Conectividad<\/h3>\r\n<table class=\"andes-table\">\r\n<tbody class=\"andes-table__body\">\r\n<tr class=\"andes-table__row ui-vpp-striped-specs__row\">\r\n<th class=\"andes-table__header andes-table__header--left ui-vpp-striped-specs__row__column ui-vpp-striped-specs__row__column--id\" scope=\"row\">\r\n<div class=\"andes-table__header__container\">Con Wi-Fi<\/div><\/th>\r\n<td id=\":R2if9bil99gm:\" class=\"andes-table__column andes-table__column--left andes-table__column--vertical-align-center ui-vpp-striped-specs__row__column\"><span id=\":R2if9bil99gm:-value\" class=\"andes-table__column--value\">S\u00ed<\/span><\/td>\r\n<\/tr>\r\n<tr class=\"andes-table__row ui-vpp-striped-specs__row\">\r\n<th class=\"andes-table__header andes-table__header--left ui-vpp-striped-specs__row__column ui-vpp-striped-specs__row__column--id\" scope=\"row\">\r\n<div class=\"andes-table__header__container\">Con puerto USB<\/div><\/th>\r\n<td id=\":R2in9bil99gm:\" class=\"andes-table__column andes-table__column--left andes-table__column--vertical-align-center ui-vpp-striped-specs__row__column\"><span id=\":R2in9bil99gm:-value\" class=\"andes-table__column--value\">S\u00ed<\/span><\/td>\r\n<\/tr>\r\n<tr class=\"andes-table__row ui-vpp-striped-specs__row\">\r\n<th class=\"andes-table__header andes-table__header--left ui-vpp-striped-specs__row__column ui-vpp-striped-specs__row__column--id\" scope=\"row\">\r\n<div class=\"andes-table__header__container\">Con Bluetooth<\/div><\/th>\r\n<td id=\":R2iv9bil99gm:\" class=\"andes-table__column andes-table__column--left andes-table__column--vertical-align-center ui-vpp-striped-specs__row__column\"><span id=\":R2iv9bil99gm:-value\" class=\"andes-table__column--value\">No<\/span><\/td>\r\n<\/tr>\r\n<tr class=\"andes-table__row ui-vpp-striped-specs__row\">\r\n<th class=\"andes-table__header andes-table__header--left ui-vpp-striped-specs__row__column ui-vpp-striped-specs__row__column--id\" scope=\"row\">\r\n<div class=\"andes-table__header__container\">Conexiones m\u00f3viles<\/div><\/th>\r\n<td id=\":R2j79bil99gm:\" class=\"andes-table__column andes-table__column--left andes-table__column--vertical-align-center ui-vpp-striped-specs__row__column\"><span id=\":R2j79bil99gm:-value\" class=\"andes-table__column--value\">Brother<\/span><\/td>\r\n<\/tr>\r\n<\/tbody>\r\n<\/table>\r\n<\/div>\r\n<div class=\"ui-vpp-striped-specs__table\">\r\n<h3 class=\"ui-vpp-striped-specs__header\">Papel<\/h3>\r\n<table class=\"andes-table\">\r\n<tbody class=\"andes-table__body\">\r\n<tr class=\"andes-table__row ui-vpp-striped-specs__row\">\r\n<th class=\"andes-table__header andes-table__header--left ui-vpp-striped-specs__row__column ui-vpp-striped-specs__row__column--id\" scope=\"row\">\r\n<div class=\"andes-table__header__container\">Tipos de papel<\/div><\/th>\r\n<td id=\":R2ifdbil99gm:\" class=\"andes-table__column andes-table__column--left andes-table__column--vertical-align-center ui-vpp-striped-specs__row__column\"><span id=\":R2ifdbil99gm:-value\" class=\"andes-table__column--value\">Satinado, Reciclado, Normal, Sobre, Inyecci\u00f3n de tinta<\/span><\/td>\r\n<\/tr>\r\n<tr class=\"andes-table__row ui-vpp-striped-specs__row\">\r\n<th class=\"andes-table__header andes-table__header--left ui-vpp-striped-specs__row__column ui-vpp-striped-specs__row__column--id\" scope=\"row\">\r\n<div class=\"andes-table__header__container\">Tama\u00f1os de papel<\/div><\/th>\r\n<td id=\":R2indbil99gm:\" class=\"andes-table__column andes-table__column--left andes-table__column--vertical-align-center ui-vpp-striped-specs__row__column\"><span id=\":R2indbil99gm:-value\" class=\"andes-table__column--value\">A4, Legal, Folio, Ejecutivo, A5, A6, 13 x 20 cm, Carta, Sobre C5, Sobre Com-10, Sobre DL, Sobre monarca, Legal India, Legal M\u00e9xico, Foto 10 x 15 cm, Foto L, Foto 2L, Ficha 13 x 20 cm<\/span><\/td>\r\n<\/tr>\r\n<tr class=\"andes-table__row ui-vpp-striped-specs__row\">\r\n<th class=\"andes-table__header andes-table__header--left ui-vpp-striped-specs__row__column ui-vpp-striped-specs__row__column--id\" scope=\"row\">\r\n<div class=\"andes-table__header__container\">Capacidad m\u00e1xima de hojas<\/div><\/th>\r\n<td id=\":R2ivdbil99gm:\" class=\"andes-table__column andes-table__column--left andes-table__column--vertical-align-center ui-vpp-striped-specs__row__column\"><span id=\":R2ivdbil99gm:-value\" class=\"andes-table__column--value\">150<\/span><\/td>\r\n<\/tr>\r\n<tr class=\"andes-table__row ui-vpp-striped-specs__row\">\r\n<th class=\"andes-table__header andes-table__header--left ui-vpp-striped-specs__row__column ui-vpp-striped-specs__row__column--id\" scope=\"row\">\r\n<div class=\"andes-table__header__container\">Cantidad de bandejas<\/div><\/th>\r\n<td id=\":R2j7dbil99gm:\" class=\"andes-table__column andes-table__column--left andes-table__column--vertical-align-center ui-vpp-striped-specs__row__column\"><span id=\":R2j7dbil99gm:-value\" class=\"andes-table__column--value\">1<\/span><\/td>\r\n<\/tr>\r\n<\/tbody>\r\n<\/table>\r\n<\/div>\r\n<\/div>\r\n<div class=\"ui-vpp-striped-specs\">\r\n<div class=\"ui-vpp-striped-specs__table\">\r\n<h3 class=\"ui-vpp-striped-specs__header\">Impresi\u00f3n<\/h3>\r\n<table class=\"andes-table\">\r\n<tbody class=\"andes-table__body\">\r\n<tr class=\"andes-table__row ui-vpp-striped-specs__row\">\r\n<th class=\"andes-table__header andes-table__header--left ui-vpp-striped-specs__row__column ui-vpp-striped-specs__row__column--id\" scope=\"row\">\r\n<div class=\"andes-table__header__container\">Tipo de impresora<\/div><\/th>\r\n<td id=\":R2if6bil99gm:\" class=\"andes-table__column andes-table__column--left andes-table__column--vertical-align-center ui-vpp-striped-specs__row__column\"><span id=\":R2if6bil99gm:-value\" class=\"andes-table__column--value\">Multifunci\u00f3n<\/span><\/td>\r\n<\/tr>\r\n<tr class=\"andes-table__row ui-vpp-striped-specs__row\">\r\n<th class=\"andes-table__header andes-table__header--left ui-vpp-striped-specs__row__column ui-vpp-striped-specs__row__column--id\" scope=\"row\">\r\n<div class=\"andes-table__header__container\">Tecnolog\u00eda de impresi\u00f3n<\/div><\/th>\r\n<td id=\":R2in6bil99gm:\" class=\"andes-table__column andes-table__column--left andes-table__column--vertical-align-center ui-vpp-striped-specs__row__column\"><span id=\":R2in6bil99gm:-value\" class=\"andes-table__column--value\">Inyecci\u00f3n de tinta<\/span><\/td>\r\n<\/tr>\r\n<tr class=\"andes-table__row ui-vpp-striped-specs__row\">\r\n<th class=\"andes-table__header andes-table__header--left ui-vpp-striped-specs__row__column ui-vpp-striped-specs__row__column--id\" scope=\"row\">\r\n<div class=\"andes-table__header__container\">Tipo de impresi\u00f3n<\/div><\/th>\r\n<td id=\":R2iv6bil99gm:\" class=\"andes-table__column andes-table__column--left andes-table__column--vertical-align-center ui-vpp-striped-specs__row__column\"><span id=\":R2iv6bil99gm:-value\" class=\"andes-table__column--value\">Color<\/span><\/td>\r\n<\/tr>\r\n<tr class=\"andes-table__row ui-vpp-striped-specs__row\">\r\n<th class=\"andes-table__header andes-table__header--left ui-vpp-striped-specs__row__column ui-vpp-striped-specs__row__column--id\" scope=\"row\">\r\n<div class=\"andes-table__header__container\">Funciones de la impresora<\/div><\/th>\r\n<td id=\":R2j76bil99gm:\" class=\"andes-table__column andes-table__column--left andes-table__column--vertical-align-center ui-vpp-striped-specs__row__column\"><span id=\":R2j76bil99gm:-value\" class=\"andes-table__column--value\">Impresi\u00f3n, Copia, Escaneo<\/span><\/td>\r\n<\/tr>\r\n<tr class=\"andes-table__row ui-vpp-striped-specs__row\">\r\n<th class=\"andes-table__header andes-table__header--left ui-vpp-striped-specs__row__column ui-vpp-striped-specs__row__column--id\" scope=\"row\">\r\n<div class=\"andes-table__header__container\">Velocidad m\u00e1xima de impresi\u00f3n en blanco y negro<\/div><\/th>\r\n<td id=\":R2jf6bil99gm:\" class=\"andes-table__column andes-table__column--left andes-table__column--vertical-align-center ui-vpp-striped-specs__row__column\"><span id=\":R2jf6bil99gm:-value\" class=\"andes-table__column--value\">28 ppm<\/span><\/td>\r\n<\/tr>\r\n<tr class=\"andes-table__row ui-vpp-striped-specs__row\">\r\n<th class=\"andes-table__header andes-table__header--left ui-vpp-striped-specs__row__column ui-vpp-striped-specs__row__column--id\" scope=\"row\">\r\n<div class=\"andes-table__header__container\">Velocidad m\u00e1xima de impresi\u00f3n en color<\/div><\/th>\r\n<td id=\":R2jn6bil99gm:\" class=\"andes-table__column andes-table__column--left andes-table__column--vertical-align-center ui-vpp-striped-specs__row__column\"><span id=\":R2jn6bil99gm:-value\" class=\"andes-table__column--value\">11 ppm<\/span><\/td>\r\n<\/tr>\r\n<tr class=\"andes-table__row ui-vpp-striped-specs__row\">\r\n<th class=\"andes-table__header andes-table__header--left ui-vpp-striped-specs__row__column ui-vpp-striped-specs__row__column--id\" scope=\"row\">\r\n<div class=\"andes-table__header__container\">M\u00e9todo de impresi\u00f3n doble faz<\/div><\/th>\r\n<td id=\":R2jv6bil99gm:\" class=\"andes-table__column andes-table__column--left andes-table__column--vertical-align-center ui-vpp-striped-specs__row__column\"><span id=\":R2jv6bil99gm:-value\" class=\"andes-table__column--value\">Manual<\/span><\/td>\r\n<\/tr>\r\n<\/tbody>\r\n<\/table>\r\n<\/div>\r\n<div class=\"ui-vpp-striped-specs__table\">\r\n<h3 class=\"ui-vpp-striped-specs__header\">Especificaciones<\/h3>\r\n<table class=\"andes-table\">\r\n<tbody class=\"andes-table__body\">\r\n<tr class=\"andes-table__row ui-vpp-striped-specs__row\">\r\n<th class=\"andes-table__header andes-table__header--left ui-vpp-striped-specs__row__column ui-vpp-striped-specs__row__column--id\" scope=\"row\">\r\n<div class=\"andes-table__header__container\">Es port\u00e1til<\/div><\/th>\r\n<td id=\":R2ifabil99gm:\" class=\"andes-table__column andes-table__column--left andes-table__column--vertical-align-center ui-vpp-striped-specs__row__column\"><span id=\":R2ifabil99gm:-value\" class=\"andes-table__column--value\">No<\/span><\/td>\r\n<\/tr>\r\n<tr class=\"andes-table__row ui-vpp-striped-specs__row\">\r\n<th class=\"andes-table__header andes-table__header--left ui-vpp-striped-specs__row__column ui-vpp-striped-specs__row__column--id\" scope=\"row\">\r\n<div class=\"andes-table__header__container\">Velocidad del procesador<\/div><\/th>\r\n<td id=\":R2inabil99gm:\" class=\"andes-table__column andes-table__column--left andes-table__column--vertical-align-center ui-vpp-striped-specs__row__column\"><span id=\":R2inabil99gm:-value\" class=\"andes-table__column--value\">576 MHz<\/span><\/td>\r\n<\/tr>\r\n<tr class=\"andes-table__row ui-vpp-striped-specs__row\">\r\n<th class=\"andes-table__header andes-table__header--left ui-vpp-striped-specs__row__column ui-vpp-striped-specs__row__column--id\" scope=\"row\">\r\n<div class=\"andes-table__header__container\">Tipo de pantalla<\/div><\/th>\r\n<td id=\":R2ivabil99gm:\" class=\"andes-table__column andes-table__column--left andes-table__column--vertical-align-center ui-vpp-striped-specs__row__column\"><span id=\":R2ivabil99gm:-value\" class=\"andes-table__column--value\">LED<\/span><\/td>\r\n<\/tr>\r\n<tr class=\"andes-table__row ui-vpp-striped-specs__row\">\r\n<th class=\"andes-table__header andes-table__header--left ui-vpp-striped-specs__row__column ui-vpp-striped-specs__row__column--id\" scope=\"row\">\r\n<div class=\"andes-table__header__container\">Accesorios incluidos<\/div><\/th>\r\n<td id=\":R2j7abil99gm:\" class=\"andes-table__column andes-table__column--left andes-table__column--vertical-align-center ui-vpp-striped-specs__row__column\"><span id=\":R2j7abil99gm:-value\" class=\"andes-table__column--value\">Botella de tinta negra, Botella de tinta cian, Botella de tinta magenta, Botella de tinta amarilla, Cable USB<\/span><\/td>\r\n<\/tr>\r\n<\/tbody>\r\n<\/table>\r\n<\/div>\r\n<div class=\"ui-vpp-striped-specs__table\">\r\n<h3 class=\"ui-vpp-striped-specs__header\">Otros<\/h3>\r\n<table class=\"andes-table\">\r\n<tbody class=\"andes-table__body\">\r\n<tr class=\"andes-table__row ui-vpp-striped-specs__row\">\r\n<th class=\"andes-table__header andes-table__header--left ui-vpp-striped-specs__row__column ui-vpp-striped-specs__row__column--id\" scope=\"row\">\r\n<div class=\"andes-table__header__container\">Con alimentador de documentos autom\u00e1tico<\/div><\/th>\r\n<td id=\":R54febil99gm:\" class=\"andes-table__column andes-table__column--left andes-table__column--vertical-align-center ui-vpp-striped-specs__row__column\"><span id=\":R54febil99gm:-value\" class=\"andes-table__column--value\">No<\/span><\/td>\r\n<\/tr>\r\n<tr class=\"andes-table__row ui-vpp-striped-specs__row\">\r\n<th class=\"andes-table__header andes-table__header--left ui-vpp-striped-specs__row__column ui-vpp-striped-specs__row__column--id\" scope=\"row\">\r\n<div class=\"andes-table__header__container\">Resoluci\u00f3n m\u00e1xima de impresi\u00f3n en blanco y negro<\/div><\/th>\r\n<td id=\":R54nebil99gm:\" class=\"andes-table__column andes-table__column--left andes-table__column--vertical-align-center ui-vpp-striped-specs__row__column\"><span id=\":R54nebil99gm:-value\" class=\"andes-table__column--value\">6000 dpi x 1200 dpi<\/span><\/td>\r\n<\/tr>\r\n<tr class=\"andes-table__row ui-vpp-striped-specs__row\">\r\n<th class=\"andes-table__header andes-table__header--left ui-vpp-striped-specs__row__column ui-vpp-striped-specs__row__column--id\" scope=\"row\">\r\n<div class=\"andes-table__header__container\">Resoluci\u00f3n m\u00e1xima de impresi\u00f3n en color<\/div><\/th>\r\n<td id=\":R54vebil99gm:\" class=\"andes-table__column andes-table__column--left andes-table__column--vertical-align-center ui-vpp-striped-specs__row__column\"><span id=\":R54vebil99gm:-value\" class=\"andes-table__column--value\">6000 dpi x 1200 dpi<\/span><\/td>\r\n<\/tr>\r\n<tr class=\"andes-table__row ui-vpp-striped-specs__row\">\r\n<th class=\"andes-table__header andes-table__header--left ui-vpp-striped-specs__row__column ui-vpp-striped-specs__row__column--id\" scope=\"row\">\r\n<div class=\"andes-table__header__container\">Formatos de archivos soportados<\/div><\/th>\r\n<td id=\":R557ebil99gm:\" class=\"andes-table__column andes-table__column--left andes-table__column--vertical-align-center ui-vpp-striped-specs__row__column\"><span id=\":R557ebil99gm:-value\" class=\"andes-table__column--value\">PDF, PNG, JPG<\/span><\/td>\r\n<\/tr>\r\n<tr class=\"andes-table__row ui-vpp-striped-specs__row\">\r\n<th class=\"andes-table__header andes-table__header--left ui-vpp-striped-specs__row__column ui-vpp-striped-specs__row__column--id\" scope=\"row\">\r\n<div class=\"andes-table__header__container\">Altura<\/div><\/th>\r\n<td id=\":R55febil99gm:\" class=\"andes-table__column andes-table__column--left andes-table__column--vertical-align-center ui-vpp-striped-specs__row__column\"><span id=\":R55febil99gm:-value\" class=\"andes-table__column--value\">15,9 cm<\/span><\/td>\r\n<\/tr>\r\n<tr class=\"andes-table__row ui-vpp-striped-specs__row\">\r\n<th class=\"andes-table__header andes-table__header--left ui-vpp-striped-specs__row__column ui-vpp-striped-specs__row__column--id\" scope=\"row\">\r\n<div class=\"andes-table__header__container\">Ancho<\/div><\/th>\r\n<td id=\":R55nebil99gm:\" class=\"andes-table__column andes-table__column--left andes-table__column--vertical-align-center ui-vpp-striped-specs__row__column\"><span id=\":R55nebil99gm:-value\" class=\"andes-table__column--value\">43,5 cm<\/span><\/td>\r\n<\/tr>\r\n<tr class=\"andes-table__row ui-vpp-striped-specs__row\">\r\n<th class=\"andes-table__header andes-table__header--left ui-vpp-striped-specs__row__column ui-vpp-striped-specs__row__column--id\" scope=\"row\">\r\n<div class=\"andes-table__header__container\">Profundidad<\/div><\/th>\r\n<td id=\":R55vebil99gm:\" class=\"andes-table__column andes-table__column--left andes-table__column--vertical-align-center ui-vpp-striped-specs__row__column\"><span id=\":R55vebil99gm:-value\" class=\"andes-table__column--value\">35,9 cm<\/span><\/td>\r\n<\/tr>\r\n<tr class=\"andes-table__row ui-vpp-striped-specs__row\">\r\n<th class=\"andes-table__header andes-table__header--left ui-vpp-striped-specs__row__column ui-vpp-striped-specs__row__column--id\" scope=\"row\">\r\n<div class=\"andes-table__header__container\">Peso<\/div><\/th>\r\n<td id=\":R567ebil99gm:\" class=\"andes-table__column andes-table__column--left andes-table__column--vertical-align-center ui-vpp-striped-specs__row__column\"><span id=\":R567ebil99gm:-value\" class=\"andes-table__column--value\">5,9 kg<\/span><\/td>\r\n<\/tr>\r\n<\/tbody>\r\n<\/table>\r\n<\/div>\r\n<\/div>\r\n<\/div>\r\n<\/div>\r\n<\/div>\r\n<\/div>","protected":false},"excerpt":{"rendered":"Capacidad m\u00e1xima de papel: Hasta 150 hojas de papel normal de 20 lb (80 g\/m\u00b2).\u00a0\u00b7 Resoluci\u00f3n: Hasta 1200 \u00d7 6000 ppp (solo Windows).\u00a0\u00b7 Ancho de impresi\u00f3n: 8,26 pulg.\u00a0(210 mm) \/ Sin bordes: 8,50 pulg.\r\n\r\nImagen Ilustrativa, disponibilidad sujeta a stock.","protected":false},"featured_media":4367,"comment_status":"open","ping_status":"closed","template":"","meta":[],"_links":{"self":[{"href":"https:\/\/www.ellogo.com.uy\/web\/wp-json\/wp\/v2\/product\/4366"}],"collection":[{"href":"https:\/\/www.ellogo.com.uy\/web\/wp-json\/wp\/v2\/product"}],"about":[{"href":"https:\/\/www.ellogo.com.uy\/web\/wp-json\/wp\/v2\/types\/product"}],"replies":[{"embeddable":true,"href":"https:\/\/www.ellogo.com.uy\/web\/wp-json\/wp\/v2\/comments?post=4366"}],"wp:featuredmedia":[{"embeddable":true,"href":"https:\/\/www.ellogo.com.uy\/web\/wp-json\/wp\/v2\/media\/4367"}],"wp:attachment":[{"href":"https:\/\/www.ellogo.com.uy\/web\/wp-json\/wp\/v2\/media?parent=4366"}],"curies":[{"name":"wp","href":"https:\/\/api.w.org\/{rel}","templated":true}]}}